{"id":157705,"date":"2024-07-25T22:01:00","date_gmt":"2024-07-26T05:01:00","guid":{"rendered":"https:\/\/glandine.com\/product\/dolce-gabbana-elegantes-graues-wollmischung-kleid-weste-6\/"},"modified":"2024-11-29T18:19:10","modified_gmt":"2024-11-29T17:19:10","slug":"dolce-gabbana-elegantes-graues-wollmischung-kleid-weste-6","status":"publish","type":"product","link":"https:\/\/tpmadalina42.supserv.cozmoslabs.com\/fi\/tuote-2\/dolce-gabbana-elegantes-graues-wollmischung-kleid-weste-6\/","title":{"rendered":"Dolce &amp; Gabbana Elegant Grey Wool Blend -mekkoliivi"},"content":{"rendered":"<p>Entdecken Sie den Inbegriff italienischer Raffinesse mit dieser atemberaubenden <strong>Dolce &amp; Gabbana Dress Vest<\/strong>. Diese perfekt geschneiderte Weste ist ein Zeugnis des klassischen Stils, der mit moderner Eleganz verschmilzt. Mit ihrer luxuri\u00f6sen Woll-Stretch-Mischung, dem einreihigen Design und dem durchgehenden Knopfverschluss auf der Vorderseite ist sie die perfekte Erg\u00e4nzung f\u00fcr Ihr modisches Repertoire. Die Weste verf\u00fcgt \u00fcber einen verstellbaren Taillengurt auf der R\u00fcckseite, der eine individuelle Passform garantiert, die Ihrer Silhouette schmeichelt. Die Weste ist mit dezenten Logodetails verziert und tr\u00e4gt die Handschrift von High Fashion. Die in Italien hergestellte Weste ist ein wahrer Inbegriff f\u00fcr hochwertige Handwerkskunst und Designer-Appeal.<\/p>\n<ul>\n<li>Material: 97% Wolle, 3% Elastan<\/li>\n<li>V\u00e4ri: Harmaa<\/li>\n<li>Alkuper\u00e4maa: IT<\/li>\n<\/ul>","protected":false},"excerpt":{"rendered":"<p>Entdecken Sie den Inbegriff italienischer Raffinesse mit dieser atemberaubenden Dolce &amp; Gabbana Dress Vest. Diese perfekt geschneiderte Weste ist ein Zeugnis des klassischen Stils, der mit moderner Eleganz verschmilzt. Mit ihrer luxuri\u00f6sen Woll-Stretch-Mischung, dem einreihigen Design und dem durchgehenden Knopfverschluss auf der Vorderseite ist sie die perfekte Erg\u00e4nzung f\u00fcr Ihr modisches Repertoire. Die Weste verf\u00fcgt [&hellip;]<\/p>","protected":false},"featured_media":157701,"template":"","meta":[],"product_brand":[1620],"product_cat":[1633,1623,1720],"product_tag":[],"class_list":{"0":"post-157705","1":"product","2":"type-product","3":"status-publish","4":"has-post-thumbnail","6":"product_brand-dolce-gabbana","7":"product_cat-maenner-kleidung","8":"product_cat-kleidung","9":"product_cat-schutzwesten-maenner-kleidung","11":"first","12":"instock","13":"sale","14":"taxable","15":"shipping-taxable","16":"purchasable","17":"product-type-variable"},"_links":{"self":[{"href":"https:\/\/tpmadalina42.supserv.cozmoslabs.com\/fi\/wp-json\/wp\/v2\/product\/157705","targetHints":{"allow":["GET"]}}],"collection":[{"href":"https:\/\/tpmadalina42.supserv.cozmoslabs.com\/fi\/wp-json\/wp\/v2\/product"}],"about":[{"href":"https:\/\/tpmadalina42.supserv.cozmoslabs.com\/fi\/wp-json\/wp\/v2\/types\/product"}],"wp:featuredmedia":[{"embeddable":true,"href":"https:\/\/tpmadalina42.supserv.cozmoslabs.com\/fi\/wp-json\/wp\/v2\/media\/157701"}],"wp:attachment":[{"href":"https:\/\/tpmadalina42.supserv.cozmoslabs.com\/fi\/wp-json\/wp\/v2\/media?parent=157705"}],"wp:term":[{"taxonomy":"product_brand","embeddable":true,"href":"https:\/\/tpmadalina42.supserv.cozmoslabs.com\/fi\/wp-json\/wp\/v2\/product_brand?post=157705"},{"taxonomy":"product_cat","embeddable":true,"href":"https:\/\/tpmadalina42.supserv.cozmoslabs.com\/fi\/wp-json\/wp\/v2\/product_cat?post=157705"},{"taxonomy":"product_tag","embeddable":true,"href":"https:\/\/tpmadalina42.supserv.cozmoslabs.com\/fi\/wp-json\/wp\/v2\/product_tag?post=157705"}],"curies":[{"name":"wp","href":"https:\/\/api.w.org\/{rel}","templated":true}]}}