{"id":157913,"date":"2024-07-25T22:10:54","date_gmt":"2024-07-26T05:10:54","guid":{"rendered":"https:\/\/glandine.com\/product\/dolce-gabbana-elastisches-bikini-oberteil-in-floraler-eleganz\/"},"modified":"2024-11-29T18:35:41","modified_gmt":"2024-11-29T17:35:41","slug":"dolce-gabbana-elastisches-bikini-oberteil-in-floraler-eleganz","status":"publish","type":"product","link":"https:\/\/tpmadalina42.supserv.cozmoslabs.com\/fi\/tuote-2\/dolce-gabbana-elastisches-bikini-oberteil-in-floraler-eleganz\/","title":{"rendered":"Dolce &amp; Gabbana joustava bikinipusero kukkaeleganssia"},"content":{"rendered":"<p>Erweitern Sie Ihre Bademodenkollektion mit dem <strong>Dolce &amp; Gabbana<\/strong> Floral Elegance Bikini Top. Dieses aus luxuri\u00f6sen Materialien gefertigte Bikini-Oberteil strahlt mit seinem lebhaften Blumendruck Raffinesse aus. Es verf\u00fcgt \u00fcber einen sicheren R\u00fcckenverschluss mit schickem Logodetail und bietet einen bequemen Bindeverschluss im Nacken. Dieses in Italien entworfene und hergestellte Oberteil verleiht Ihren Sommerausfl\u00fcgen einen exquisiten Touch.<\/p>\n<ul>\n<li>V\u00e4ri: Moniv\u00e4rinen<\/li>\n<li>Materiaali: 75% Nylon 25% Elastaani<\/li>\n<li>Logon yksityiskohdat<\/li>\n<li>Alkuper\u00e4maa: IT<\/li>\n<li>Valmistettu Italiassa<\/li>\n<\/ul>","protected":false},"excerpt":{"rendered":"<p>Erweitern Sie Ihre Bademodenkollektion mit dem Dolce &amp; Gabbana Floral Elegance Bikini Top. Dieses aus luxuri\u00f6sen Materialien gefertigte Bikini-Oberteil strahlt mit seinem lebhaften Blumendruck Raffinesse aus. Es verf\u00fcgt \u00fcber einen sicheren R\u00fcckenverschluss mit schickem Logodetail und bietet einen bequemen Bindeverschluss im Nacken. Dieses in Italien entworfene und hergestellte Oberteil verleiht Ihren Sommerausfl\u00fcgen einen exquisiten Touch. [&hellip;]<\/p>","protected":false},"featured_media":157909,"template":"","meta":[],"product_brand":[1620],"product_cat":[1708,1637,1623],"product_tag":[],"class_list":{"0":"post-157913","1":"product","2":"type-product","3":"status-publish","4":"has-post-thumbnail","6":"product_brand-dolce-gabbana","7":"product_cat-bademode","8":"product_cat-frauen-kleidung","9":"product_cat-kleidung","11":"first","12":"instock","13":"sale","14":"taxable","15":"shipping-taxable","16":"purchasable","17":"product-type-variable"},"_links":{"self":[{"href":"https:\/\/tpmadalina42.supserv.cozmoslabs.com\/fi\/wp-json\/wp\/v2\/product\/157913","targetHints":{"allow":["GET"]}}],"collection":[{"href":"https:\/\/tpmadalina42.supserv.cozmoslabs.com\/fi\/wp-json\/wp\/v2\/product"}],"about":[{"href":"https:\/\/tpmadalina42.supserv.cozmoslabs.com\/fi\/wp-json\/wp\/v2\/types\/product"}],"wp:featuredmedia":[{"embeddable":true,"href":"https:\/\/tpmadalina42.supserv.cozmoslabs.com\/fi\/wp-json\/wp\/v2\/media\/157909"}],"wp:attachment":[{"href":"https:\/\/tpmadalina42.supserv.cozmoslabs.com\/fi\/wp-json\/wp\/v2\/media?parent=157913"}],"wp:term":[{"taxonomy":"product_brand","embeddable":true,"href":"https:\/\/tpmadalina42.supserv.cozmoslabs.com\/fi\/wp-json\/wp\/v2\/product_brand?post=157913"},{"taxonomy":"product_cat","embeddable":true,"href":"https:\/\/tpmadalina42.supserv.cozmoslabs.com\/fi\/wp-json\/wp\/v2\/product_cat?post=157913"},{"taxonomy":"product_tag","embeddable":true,"href":"https:\/\/tpmadalina42.supserv.cozmoslabs.com\/fi\/wp-json\/wp\/v2\/product_tag?post=157913"}],"curies":[{"name":"wp","href":"https:\/\/api.w.org\/{rel}","templated":true}]}}