{"id":158092,"date":"2024-07-25T22:21:32","date_gmt":"2024-07-26T05:21:32","guid":{"rendered":"https:\/\/glandine.com\/product\/dolce-gabbana-elegantes-gepunktetes-aermelloses-kleid-in-a-linie\/"},"modified":"2024-11-29T18:40:29","modified_gmt":"2024-11-29T17:40:29","slug":"dolce-gabbana-elegantes-gepunktetes-aermelloses-kleid-in-a-linie","status":"publish","type":"product","link":"https:\/\/tpmadalina42.supserv.cozmoslabs.com\/fi\/tuote-2\/dolce-gabbana-elegantes-gepunktetes-aermelloses-kleid-in-a-linie\/","title":{"rendered":"Dolce &amp; Gabbana Elegantes gepunktetes \u00e4rmelloses Kleid in A-Linie"},"content":{"rendered":"<p>Verstr\u00f6men Sie zeitlose Eleganz in diesem exquisiten \u00e4rmellosen A-Linien-Kleid <strong>Kirjailija: Dolce &amp; Gabbana<\/strong>. Mit schicken schwarzen Tupfen auf beigefarbenem Hintergrund ist dieses Kleid perfekt f\u00fcr alle, die klassischen Stil mit einem Hauch von Verspieltheit sch\u00e4tzen. Das in Italien sorgf\u00e4ltig verarbeitete Material aus 100 % Baumwolle sorgt f\u00fcr eine luxuri\u00f6se und bequeme Passform, w\u00e4hrend der praktische Rei\u00dfverschluss auf der R\u00fcckseite und die dezenten Logodetails f\u00fcr einen Hauch von Raffinesse sorgen.<\/p>\n<ul>\n<li>Farbe: Beige mit schwarzen Tupfen<\/li>\n<li>Materiaali: 100% puuvilla<\/li>\n<li>Alkuper\u00e4maa: IT<\/li>\n<\/ul>","protected":false},"excerpt":{"rendered":"<p>Verstr\u00f6men Sie zeitlose Eleganz in diesem exquisiten \u00e4rmellosen A-Linien-Kleid von Dolce &amp; Gabbana. Mit schicken schwarzen Tupfen auf beigefarbenem Hintergrund ist dieses Kleid perfekt f\u00fcr alle, die klassischen Stil mit einem Hauch von Verspieltheit sch\u00e4tzen. Das in Italien sorgf\u00e4ltig verarbeitete Material aus 100 % Baumwolle sorgt f\u00fcr eine luxuri\u00f6se und bequeme Passform, w\u00e4hrend der praktische [&hellip;]<\/p>","protected":false},"featured_media":158087,"template":"","meta":[],"product_brand":[1620],"product_cat":[1637,1659,1623],"product_tag":[],"class_list":{"0":"post-158092","1":"product","2":"type-product","3":"status-publish","4":"has-post-thumbnail","6":"product_brand-dolce-gabbana","7":"product_cat-frauen-kleidung","8":"product_cat-kleider","9":"product_cat-kleidung","11":"first","12":"instock","13":"sale","14":"taxable","15":"shipping-taxable","16":"purchasable","17":"product-type-variable"},"_links":{"self":[{"href":"https:\/\/tpmadalina42.supserv.cozmoslabs.com\/fi\/wp-json\/wp\/v2\/product\/158092","targetHints":{"allow":["GET"]}}],"collection":[{"href":"https:\/\/tpmadalina42.supserv.cozmoslabs.com\/fi\/wp-json\/wp\/v2\/product"}],"about":[{"href":"https:\/\/tpmadalina42.supserv.cozmoslabs.com\/fi\/wp-json\/wp\/v2\/types\/product"}],"wp:featuredmedia":[{"embeddable":true,"href":"https:\/\/tpmadalina42.supserv.cozmoslabs.com\/fi\/wp-json\/wp\/v2\/media\/158087"}],"wp:attachment":[{"href":"https:\/\/tpmadalina42.supserv.cozmoslabs.com\/fi\/wp-json\/wp\/v2\/media?parent=158092"}],"wp:term":[{"taxonomy":"product_brand","embeddable":true,"href":"https:\/\/tpmadalina42.supserv.cozmoslabs.com\/fi\/wp-json\/wp\/v2\/product_brand?post=158092"},{"taxonomy":"product_cat","embeddable":true,"href":"https:\/\/tpmadalina42.supserv.cozmoslabs.com\/fi\/wp-json\/wp\/v2\/product_cat?post=158092"},{"taxonomy":"product_tag","embeddable":true,"href":"https:\/\/tpmadalina42.supserv.cozmoslabs.com\/fi\/wp-json\/wp\/v2\/product_tag?post=158092"}],"curies":[{"name":"wp","href":"https:\/\/api.w.org\/{rel}","templated":true}]}}