{"id":158120,"date":"2024-07-25T22:22:43","date_gmt":"2024-07-26T05:22:43","guid":{"rendered":"https:\/\/glandine.com\/product\/dolce-gabbana-elegantes-gestreiftes-kleid-mit-blumenmuster-in-a-linie\/"},"modified":"2024-11-29T18:40:47","modified_gmt":"2024-11-29T17:40:47","slug":"dolce-gabbana-elegantes-gestreiftes-kleid-mit-blumenmuster-in-a-linie","status":"publish","type":"product","link":"https:\/\/tpmadalina42.supserv.cozmoslabs.com\/fi\/tuote-2\/dolce-gabbana-elegantes-gestreiftes-kleid-mit-blumenmuster-in-a-linie\/","title":{"rendered":"Dolce &amp; Gabbana Elegantti raidallinen mekko, jossa on A-linjainen kukkakuviointi"},"content":{"rendered":"<p>Mit diesem eleganten \u00e4rmellosen Kleid in A-Linie <strong>Kirjailija: Dolce &amp; Gabbana<\/strong> sind Sie stilvoll unterwegs. Perfekt f\u00fcr jede gehobene Veranstaltung ist dieses Kleid mit einem schicken blau-wei\u00dfen Streifenmuster, das mit einem sch\u00f6nen Blumenprint verziert ist. Die Stretch-Mischung aus Baumwolle und Elastan sorgt f\u00fcr Komfort und eine schmeichelhafte Passform. Ein verdeckter Rei\u00dfverschluss auf der R\u00fcckseite sorgt f\u00fcr einen nahtlosen Look. Dieses in Italien gefertigte Kleid zeigt den Luxus und die Handwerkskunst, f\u00fcr die Dolce &amp; Gabbana bekannt ist.<\/p>\n<ul>\n<li>Material: 97% Baumwolle, 3% Elasthan STRETCH<\/li>\n<li>Farbe: Blau und Wei\u00df<\/li>\n<li>Alkuper\u00e4maa: IT<\/li>\n<li>Logon yksityiskohdat<\/li>\n<\/ul>","protected":false},"excerpt":{"rendered":"<p>Mit diesem eleganten \u00e4rmellosen Kleid in A-Linie von Dolce &amp; Gabbana sind Sie stilvoll unterwegs. Perfekt f\u00fcr jede gehobene Veranstaltung ist dieses Kleid mit einem schicken blau-wei\u00dfen Streifenmuster, das mit einem sch\u00f6nen Blumenprint verziert ist. Die Stretch-Mischung aus Baumwolle und Elastan sorgt f\u00fcr Komfort und eine schmeichelhafte Passform. Ein verdeckter Rei\u00dfverschluss auf der R\u00fcckseite sorgt [&hellip;]<\/p>","protected":false},"featured_media":158115,"template":"","meta":[],"product_brand":[1620],"product_cat":[1637,1623],"product_tag":[],"class_list":{"0":"post-158120","1":"product","2":"type-product","3":"status-publish","4":"has-post-thumbnail","6":"product_brand-dolce-gabbana","7":"product_cat-frauen-kleidung","8":"product_cat-kleidung","10":"first","11":"instock","12":"sale","13":"taxable","14":"shipping-taxable","15":"purchasable","16":"product-type-variable"},"_links":{"self":[{"href":"https:\/\/tpmadalina42.supserv.cozmoslabs.com\/fi\/wp-json\/wp\/v2\/product\/158120","targetHints":{"allow":["GET"]}}],"collection":[{"href":"https:\/\/tpmadalina42.supserv.cozmoslabs.com\/fi\/wp-json\/wp\/v2\/product"}],"about":[{"href":"https:\/\/tpmadalina42.supserv.cozmoslabs.com\/fi\/wp-json\/wp\/v2\/types\/product"}],"wp:featuredmedia":[{"embeddable":true,"href":"https:\/\/tpmadalina42.supserv.cozmoslabs.com\/fi\/wp-json\/wp\/v2\/media\/158115"}],"wp:attachment":[{"href":"https:\/\/tpmadalina42.supserv.cozmoslabs.com\/fi\/wp-json\/wp\/v2\/media?parent=158120"}],"wp:term":[{"taxonomy":"product_brand","embeddable":true,"href":"https:\/\/tpmadalina42.supserv.cozmoslabs.com\/fi\/wp-json\/wp\/v2\/product_brand?post=158120"},{"taxonomy":"product_cat","embeddable":true,"href":"https:\/\/tpmadalina42.supserv.cozmoslabs.com\/fi\/wp-json\/wp\/v2\/product_cat?post=158120"},{"taxonomy":"product_tag","embeddable":true,"href":"https:\/\/tpmadalina42.supserv.cozmoslabs.com\/fi\/wp-json\/wp\/v2\/product_tag?post=158120"}],"curies":[{"name":"wp","href":"https:\/\/api.w.org\/{rel}","templated":true}]}}