{"id":158320,"date":"2024-07-25T22:32:35","date_gmt":"2024-07-26T05:32:35","guid":{"rendered":"https:\/\/glandine.com\/product\/dolce-gabbana-chic-black-polka-dot-herren-badehose\/"},"modified":"2024-11-29T18:44:41","modified_gmt":"2024-11-29T17:44:41","slug":"dolce-gabbana-chic-black-polka-dot-herren-badehose","status":"publish","type":"product","link":"https:\/\/tpmadalina42.supserv.cozmoslabs.com\/fi\/tuote-2\/dolce-gabbana-chic-black-polka-dot-herren-badehose\/","title":{"rendered":"Dolce &amp; Gabbana tyylikk\u00e4\u00e4t mustat pilkulliset miesten uimahousut"},"content":{"rendered":"<p>Mit dieser Badehose von <strong>Dolce &amp; Gabbana<\/strong> Beachwear k\u00f6nnen Sie den Sommer mit Eleganz begr\u00fc\u00dfen. Diese exklusive Badehose strahlt mit ihrem stilvollen Polka-Dot-Print und dem praktischen Kordelzug in der Taille Luxus und Komfort aus. Mit zwei aufgesetzten Vordertaschen und einer sicheren Rei\u00dfverschlusstasche auf der R\u00fcckseite verbindet sie Funktionalit\u00e4t mit High-End-Mode. Der elastische Bund sorgt f\u00fcr eine perfekte Passform und macht sie zu einer hervorragenden Wahl f\u00fcr Ihre Bademodenkollektion.<\/p>\n<ul>\n<li>V\u00e4ri: Musta<\/li>\n<li>Materiaali: 100% polyesteri<\/li>\n<li>Alkuper\u00e4maa: IT<\/li>\n<li>Logodetails f\u00fcr einen Hauch von Luxus<\/li>\n<\/ul>","protected":false},"excerpt":{"rendered":"<p>Mit dieser Badehose von Dolce &amp; Gabbana Beachwear k\u00f6nnen Sie den Sommer mit Eleganz begr\u00fc\u00dfen. Diese exklusive Badehose strahlt mit ihrem stilvollen Polka-Dot-Print und dem praktischen Kordelzug in der Taille Luxus und Komfort aus. Mit zwei aufgesetzten Vordertaschen und einer sicheren Rei\u00dfverschlusstasche auf der R\u00fcckseite verbindet sie Funktionalit\u00e4t mit High-End-Mode. Der elastische Bund sorgt f\u00fcr [&hellip;]<\/p>","protected":false},"featured_media":158316,"template":"","meta":[],"product_brand":[1620],"product_cat":[1709,1633,1623],"product_tag":[],"class_list":{"0":"post-158320","1":"product","2":"type-product","3":"status-publish","4":"has-post-thumbnail","6":"product_brand-dolce-gabbana","7":"product_cat-bademode-maenner-kleidung","8":"product_cat-maenner-kleidung","9":"product_cat-kleidung","11":"first","12":"instock","13":"sale","14":"taxable","15":"shipping-taxable","16":"purchasable","17":"product-type-variable"},"_links":{"self":[{"href":"https:\/\/tpmadalina42.supserv.cozmoslabs.com\/fi\/wp-json\/wp\/v2\/product\/158320","targetHints":{"allow":["GET"]}}],"collection":[{"href":"https:\/\/tpmadalina42.supserv.cozmoslabs.com\/fi\/wp-json\/wp\/v2\/product"}],"about":[{"href":"https:\/\/tpmadalina42.supserv.cozmoslabs.com\/fi\/wp-json\/wp\/v2\/types\/product"}],"wp:featuredmedia":[{"embeddable":true,"href":"https:\/\/tpmadalina42.supserv.cozmoslabs.com\/fi\/wp-json\/wp\/v2\/media\/158316"}],"wp:attachment":[{"href":"https:\/\/tpmadalina42.supserv.cozmoslabs.com\/fi\/wp-json\/wp\/v2\/media?parent=158320"}],"wp:term":[{"taxonomy":"product_brand","embeddable":true,"href":"https:\/\/tpmadalina42.supserv.cozmoslabs.com\/fi\/wp-json\/wp\/v2\/product_brand?post=158320"},{"taxonomy":"product_cat","embeddable":true,"href":"https:\/\/tpmadalina42.supserv.cozmoslabs.com\/fi\/wp-json\/wp\/v2\/product_cat?post=158320"},{"taxonomy":"product_tag","embeddable":true,"href":"https:\/\/tpmadalina42.supserv.cozmoslabs.com\/fi\/wp-json\/wp\/v2\/product_tag?post=158320"}],"curies":[{"name":"wp","href":"https:\/\/api.w.org\/{rel}","templated":true}]}}