{"id":158327,"date":"2024-07-25T22:32:59","date_gmt":"2024-07-26T05:32:59","guid":{"rendered":"https:\/\/glandine.com\/product\/dolce-gabbana-schicke-blaue-badehose-mit-kordelzug\/"},"modified":"2024-11-29T18:44:49","modified_gmt":"2024-11-29T17:44:49","slug":"dolce-gabbana-schicke-blaue-badehose-mit-kordelzug","status":"publish","type":"product","link":"https:\/\/tpmadalina42.supserv.cozmoslabs.com\/fi\/tuote-2\/dolce-gabbana-schicke-blaue-badehose-mit-kordelzug\/","title":{"rendered":"Dolce &amp; Gabbana Schicke blaue Badehose mit Kordelzug"},"content":{"rendered":"<p>Mit dieser pr\u00e4chtigen Badehose von <strong>Dolce &amp; Gabbana<\/strong> gehen Sie stilvoll in den Sommer. Diese Badehose ist nicht nur bequem, sondern setzt mit ihrem leuchtenden Blauton und dem unverwechselbaren Logodetail auch noch ein Statement. Perfekt f\u00fcr Strandtage oder zum Faulenzen am Pool. Der Kordelzug in der Taille sorgt f\u00fcr einen sicheren Sitz, w\u00e4hrend die Taschen einen Hauch von Praktikabilit\u00e4t verleihen. Erleben Sie die Mischung aus Luxus und Funktionalit\u00e4t!<\/p>\n<ul>\n<li>V\u00e4ri: Sininen<\/li>\n<li>Materiaali: 100% polyesteri<\/li>\n<li>Alkuper\u00e4maa: IT<\/li>\n<li>Elastischer Taillengurt f\u00fcr einen guten Sitz<\/li>\n<li>Zwei Vordertaschen und eine Ges\u00e4\u00dftasche mit Rei\u00dfverschluss<\/li>\n<li>Stylische Logo-Details<\/li>\n<\/ul>","protected":false},"excerpt":{"rendered":"<p>Mit dieser pr\u00e4chtigen Badehose von Dolce &amp; Gabbana gehen Sie stilvoll in den Sommer. Diese Badehose ist nicht nur bequem, sondern setzt mit ihrem leuchtenden Blauton und dem unverwechselbaren Logodetail auch noch ein Statement. Perfekt f\u00fcr Strandtage oder zum Faulenzen am Pool. Der Kordelzug in der Taille sorgt f\u00fcr einen sicheren Sitz, w\u00e4hrend die Taschen [&hellip;]<\/p>","protected":false},"featured_media":158323,"template":"","meta":[],"product_brand":[1620],"product_cat":[1709,1633,1623],"product_tag":[],"class_list":{"0":"post-158327","1":"product","2":"type-product","3":"status-publish","4":"has-post-thumbnail","6":"product_brand-dolce-gabbana","7":"product_cat-bademode-maenner-kleidung","8":"product_cat-maenner-kleidung","9":"product_cat-kleidung","11":"first","12":"instock","13":"sale","14":"taxable","15":"shipping-taxable","16":"purchasable","17":"product-type-variable"},"_links":{"self":[{"href":"https:\/\/tpmadalina42.supserv.cozmoslabs.com\/fi\/wp-json\/wp\/v2\/product\/158327","targetHints":{"allow":["GET"]}}],"collection":[{"href":"https:\/\/tpmadalina42.supserv.cozmoslabs.com\/fi\/wp-json\/wp\/v2\/product"}],"about":[{"href":"https:\/\/tpmadalina42.supserv.cozmoslabs.com\/fi\/wp-json\/wp\/v2\/types\/product"}],"wp:featuredmedia":[{"embeddable":true,"href":"https:\/\/tpmadalina42.supserv.cozmoslabs.com\/fi\/wp-json\/wp\/v2\/media\/158323"}],"wp:attachment":[{"href":"https:\/\/tpmadalina42.supserv.cozmoslabs.com\/fi\/wp-json\/wp\/v2\/media?parent=158327"}],"wp:term":[{"taxonomy":"product_brand","embeddable":true,"href":"https:\/\/tpmadalina42.supserv.cozmoslabs.com\/fi\/wp-json\/wp\/v2\/product_brand?post=158327"},{"taxonomy":"product_cat","embeddable":true,"href":"https:\/\/tpmadalina42.supserv.cozmoslabs.com\/fi\/wp-json\/wp\/v2\/product_cat?post=158327"},{"taxonomy":"product_tag","embeddable":true,"href":"https:\/\/tpmadalina42.supserv.cozmoslabs.com\/fi\/wp-json\/wp\/v2\/product_tag?post=158327"}],"curies":[{"name":"wp","href":"https:\/\/api.w.org\/{rel}","templated":true}]}}