{"id":158334,"date":"2024-07-25T22:33:21","date_gmt":"2024-07-26T05:33:21","guid":{"rendered":"https:\/\/glandine.com\/product\/dolce-gabbana-elegante-kastanienbraune-badehose\/"},"modified":"2024-11-29T18:44:59","modified_gmt":"2024-11-29T17:44:59","slug":"dolce-gabbana-elegante-kastanienbraune-badehose","status":"publish","type":"product","link":"https:\/\/tpmadalina42.supserv.cozmoslabs.com\/fi\/tuote-2\/dolce-gabbana-elegante-kastanienbraune-badehose\/","title":{"rendered":"Dolce &amp; Gabbana Tyylikk\u00e4\u00e4t kastanjanruskeat uimahousut"},"content":{"rendered":"<p>Starten Sie mit dieser Badehose von <strong>Dolce &amp; Gabbana<\/strong> elegant in den Sommer. Mit dem Schwerpunkt auf Stil und Komfort ist diese exklusive Badehose eine authentische Wahl f\u00fcr den anspruchsvollen Gentleman. Egal, ob Sie sich am Pool entspannen oder einen Sprung ins azurblaue Wasser wagen, der kastanienbraune Farbton und die ma\u00dfgeschneiderte Konstruktion sorgen daf\u00fcr, dass Sie sich modisch in Szene setzen. Zu den Merkmalen geh\u00f6ren ein bequemer Kordelzug in der Taille, praktische Taschen vorne und hinten mit Rei\u00dfverschluss sowie dezente Logodetails, die Ihrem Beachwear-Look einen Hauch von Eleganz verleihen.<\/p>\n<ul>\n<li>Farbe: Marrone<\/li>\n<li>Materiaali: 100% polyesteri<\/li>\n<li>Alkuper\u00e4maa: IT<\/li>\n<li>Elastischer Taillengurt f\u00fcr verstellbare Passform<\/li>\n<li>Zwei Vordertaschen und eine Ges\u00e4\u00dftasche mit Rei\u00dfverschluss f\u00fcr mehr Funktionalit\u00e4t<\/li>\n<li>Raffinierte Logodetails unterstreichen die Markenqualit\u00e4t<\/li>\n<\/ul>","protected":false},"excerpt":{"rendered":"<p>Starten Sie mit dieser Badehose von Dolce &amp; Gabbana elegant in den Sommer. Mit dem Schwerpunkt auf Stil und Komfort ist diese exklusive Badehose eine authentische Wahl f\u00fcr den anspruchsvollen Gentleman. Egal, ob Sie sich am Pool entspannen oder einen Sprung ins azurblaue Wasser wagen, der kastanienbraune Farbton und die ma\u00dfgeschneiderte Konstruktion sorgen daf\u00fcr, dass [&hellip;]<\/p>","protected":false},"featured_media":158330,"template":"","meta":[],"product_brand":[1620],"product_cat":[1709,1633,1623],"product_tag":[],"class_list":{"0":"post-158334","1":"product","2":"type-product","3":"status-publish","4":"has-post-thumbnail","6":"product_brand-dolce-gabbana","7":"product_cat-bademode-maenner-kleidung","8":"product_cat-maenner-kleidung","9":"product_cat-kleidung","11":"first","12":"instock","13":"sale","14":"taxable","15":"shipping-taxable","16":"purchasable","17":"product-type-variable"},"_links":{"self":[{"href":"https:\/\/tpmadalina42.supserv.cozmoslabs.com\/fi\/wp-json\/wp\/v2\/product\/158334","targetHints":{"allow":["GET"]}}],"collection":[{"href":"https:\/\/tpmadalina42.supserv.cozmoslabs.com\/fi\/wp-json\/wp\/v2\/product"}],"about":[{"href":"https:\/\/tpmadalina42.supserv.cozmoslabs.com\/fi\/wp-json\/wp\/v2\/types\/product"}],"wp:featuredmedia":[{"embeddable":true,"href":"https:\/\/tpmadalina42.supserv.cozmoslabs.com\/fi\/wp-json\/wp\/v2\/media\/158330"}],"wp:attachment":[{"href":"https:\/\/tpmadalina42.supserv.cozmoslabs.com\/fi\/wp-json\/wp\/v2\/media?parent=158334"}],"wp:term":[{"taxonomy":"product_brand","embeddable":true,"href":"https:\/\/tpmadalina42.supserv.cozmoslabs.com\/fi\/wp-json\/wp\/v2\/product_brand?post=158334"},{"taxonomy":"product_cat","embeddable":true,"href":"https:\/\/tpmadalina42.supserv.cozmoslabs.com\/fi\/wp-json\/wp\/v2\/product_cat?post=158334"},{"taxonomy":"product_tag","embeddable":true,"href":"https:\/\/tpmadalina42.supserv.cozmoslabs.com\/fi\/wp-json\/wp\/v2\/product_tag?post=158334"}],"curies":[{"name":"wp","href":"https:\/\/api.w.org\/{rel}","templated":true}]}}