{"id":158419,"date":"2024-07-25T22:37:03","date_gmt":"2024-07-26T05:37:03","guid":{"rendered":"https:\/\/glandine.com\/product\/dolce-gabbana-elegantes-maxikleid-aus-gebluemter-seide-mit-einer-schulterpartie\/"},"modified":"2024-11-29T18:53:20","modified_gmt":"2024-11-29T17:53:20","slug":"dolce-gabbana-elegantes-maxikleid-aus-gebluemter-seide-mit-einer-schulterpartie","status":"publish","type":"product","link":"https:\/\/tpmadalina42.supserv.cozmoslabs.com\/fi\/tuote-2\/dolce-gabbana-elegantes-maxikleid-aus-gebluemter-seide-mit-einer-schulterpartie\/","title":{"rendered":"Dolce &amp; Gabbana Elegantes Maxikleid aus gebl\u00fcmter Seide mit einer Schulterpartie"},"content":{"rendered":"<p>Verstr\u00f6men Sie einen Hauch von Eleganz mit diesem atemberaubenden gebl\u00fcmten Maxikleid von Dolce &amp; Gabbana. Das Kleid aus luxuri\u00f6ser Seide mit einem Hauch von Elastan f\u00fcr zus\u00e4tzlichen Komfort pr\u00e4sentiert sich in einem asymmetrischen Ein-Schulter-Design, das perfekt f\u00fcr jede gehobene Veranstaltung ist. Mit seinem wundersch\u00f6nen mehrfarbigen Blumenprint ist es ein aufsehenerregendes Kleidungsst\u00fcck, das raffinierten Stil verk\u00f6rpert. Die Ein-Schulter-Silhouette wird durch einen nahtlosen Rei\u00dfverschluss f\u00fcr einen eleganten Look erg\u00e4nzt. Dieses in Italien gefertigte Kleidungsst\u00fcck ist ein Garant f\u00fcr Authentizit\u00e4t und erstklassige Handwerkskunst.<\/p>\n<ul>\n<li>V\u00e4ri: Moniv\u00e4rinen<\/li>\n<li>Material: 92% Seide, 8% Elastan<\/li>\n<li>Innenfutter: 92% Seide, 8% Elastan<\/li>\n<li>Alkuper\u00e4maa: IT<\/li>\n<li>Yksityiskohdat logosta<\/li>\n<\/ul>","protected":false},"excerpt":{"rendered":"<p>Verstr\u00f6men Sie einen Hauch von Eleganz mit diesem atemberaubenden gebl\u00fcmten Maxikleid von Dolce &amp; Gabbana. Das Kleid aus luxuri\u00f6ser Seide mit einem Hauch von Elastan f\u00fcr zus\u00e4tzlichen Komfort pr\u00e4sentiert sich in einem asymmetrischen Ein-Schulter-Design, das perfekt f\u00fcr jede gehobene Veranstaltung ist. Mit seinem wundersch\u00f6nen mehrfarbigen Blumenprint ist es ein aufsehenerregendes Kleidungsst\u00fcck, das raffinierten Stil verk\u00f6rpert. [&hellip;]<\/p>","protected":false},"featured_media":158414,"template":"","meta":[],"product_brand":[1620],"product_cat":[1637,1659,1623],"product_tag":[],"class_list":{"0":"post-158419","1":"product","2":"type-product","3":"status-publish","4":"has-post-thumbnail","6":"product_brand-dolce-gabbana","7":"product_cat-frauen-kleidung","8":"product_cat-kleider","9":"product_cat-kleidung","11":"first","12":"instock","13":"sale","14":"taxable","15":"shipping-taxable","16":"purchasable","17":"product-type-variable"},"_links":{"self":[{"href":"https:\/\/tpmadalina42.supserv.cozmoslabs.com\/fi\/wp-json\/wp\/v2\/product\/158419","targetHints":{"allow":["GET"]}}],"collection":[{"href":"https:\/\/tpmadalina42.supserv.cozmoslabs.com\/fi\/wp-json\/wp\/v2\/product"}],"about":[{"href":"https:\/\/tpmadalina42.supserv.cozmoslabs.com\/fi\/wp-json\/wp\/v2\/types\/product"}],"wp:featuredmedia":[{"embeddable":true,"href":"https:\/\/tpmadalina42.supserv.cozmoslabs.com\/fi\/wp-json\/wp\/v2\/media\/158414"}],"wp:attachment":[{"href":"https:\/\/tpmadalina42.supserv.cozmoslabs.com\/fi\/wp-json\/wp\/v2\/media?parent=158419"}],"wp:term":[{"taxonomy":"product_brand","embeddable":true,"href":"https:\/\/tpmadalina42.supserv.cozmoslabs.com\/fi\/wp-json\/wp\/v2\/product_brand?post=158419"},{"taxonomy":"product_cat","embeddable":true,"href":"https:\/\/tpmadalina42.supserv.cozmoslabs.com\/fi\/wp-json\/wp\/v2\/product_cat?post=158419"},{"taxonomy":"product_tag","embeddable":true,"href":"https:\/\/tpmadalina42.supserv.cozmoslabs.com\/fi\/wp-json\/wp\/v2\/product_tag?post=158419"}],"curies":[{"name":"wp","href":"https:\/\/api.w.org\/{rel}","templated":true}]}}