{"id":158653,"date":"2024-07-25T22:49:22","date_gmt":"2024-07-26T05:49:22","guid":{"rendered":"https:\/\/glandine.com\/product\/dolce-gabbana-schicker-lederrock-mit-hoher-taille\/"},"modified":"2024-11-29T18:59:11","modified_gmt":"2024-11-29T17:59:11","slug":"dolce-gabbana-schicker-lederrock-mit-hoher-taille","status":"publish","type":"product","link":"https:\/\/tpmadalina42.supserv.cozmoslabs.com\/fi\/tuote-2\/dolce-gabbana-schicker-lederrock-mit-hoher-taille\/","title":{"rendered":"Dolce &amp; Gabbana Schicker Lederrock mit hoher Taille"},"content":{"rendered":"<p>G\u00f6nnen Sie sich den Inbegriff von Luxus mit diesem Rock mit hoher Taille von <strong>Dolce &amp; Gabbana<\/strong>. Aus feinstem, glattem, d\u00fcnnem Lammfell geschneidert, ist dieser braune Rock der Inbegriff zeitloser Eleganz. Das geschmeidige Leder passt sich Ihrer Silhouette an und wird mit zunehmendem Alter immer weicher. Das in Italien gefertigte Modell wird mit einem Rei\u00dfverschluss auf der R\u00fcckseite geschlossen und ist mit den ikonischen Logodetails verziert. Es ist ein unverzichtbares Kleidungsst\u00fcck, das tadellose Handwerkskunst mit einem mutigen Modestatement verbindet.<\/p>\n<ul>\n<li>Materiaali: 100% nahka<\/li>\n<li>V\u00e4ri: Ruskea<\/li>\n<li>Modell: Hohe Taille<\/li>\n<li>Verschluss: Rei\u00dfverschluss auf der R\u00fcckseite<\/li>\n<li>Valmistettu Italiassa<\/li>\n<\/ul>","protected":false},"excerpt":{"rendered":"<p>G\u00f6nnen Sie sich den Inbegriff von Luxus mit diesem Rock mit hoher Taille von Dolce &amp; Gabbana. Aus feinstem, glattem, d\u00fcnnem Lammfell geschneidert, ist dieser braune Rock der Inbegriff zeitloser Eleganz. Das geschmeidige Leder passt sich Ihrer Silhouette an und wird mit zunehmendem Alter immer weicher. Das in Italien gefertigte Modell wird mit einem Rei\u00dfverschluss [&hellip;]<\/p>","protected":false},"featured_media":158650,"template":"","meta":[],"product_brand":[1620],"product_cat":[1637,1623,1699],"product_tag":[],"class_list":{"0":"post-158653","1":"product","2":"type-product","3":"status-publish","4":"has-post-thumbnail","6":"product_brand-dolce-gabbana","7":"product_cat-frauen-kleidung","8":"product_cat-kleidung","9":"product_cat-roecke","11":"first","12":"instock","13":"sale","14":"taxable","15":"shipping-taxable","16":"purchasable","17":"product-type-variable"},"_links":{"self":[{"href":"https:\/\/tpmadalina42.supserv.cozmoslabs.com\/fi\/wp-json\/wp\/v2\/product\/158653","targetHints":{"allow":["GET"]}}],"collection":[{"href":"https:\/\/tpmadalina42.supserv.cozmoslabs.com\/fi\/wp-json\/wp\/v2\/product"}],"about":[{"href":"https:\/\/tpmadalina42.supserv.cozmoslabs.com\/fi\/wp-json\/wp\/v2\/types\/product"}],"wp:featuredmedia":[{"embeddable":true,"href":"https:\/\/tpmadalina42.supserv.cozmoslabs.com\/fi\/wp-json\/wp\/v2\/media\/158650"}],"wp:attachment":[{"href":"https:\/\/tpmadalina42.supserv.cozmoslabs.com\/fi\/wp-json\/wp\/v2\/media?parent=158653"}],"wp:term":[{"taxonomy":"product_brand","embeddable":true,"href":"https:\/\/tpmadalina42.supserv.cozmoslabs.com\/fi\/wp-json\/wp\/v2\/product_brand?post=158653"},{"taxonomy":"product_cat","embeddable":true,"href":"https:\/\/tpmadalina42.supserv.cozmoslabs.com\/fi\/wp-json\/wp\/v2\/product_cat?post=158653"},{"taxonomy":"product_tag","embeddable":true,"href":"https:\/\/tpmadalina42.supserv.cozmoslabs.com\/fi\/wp-json\/wp\/v2\/product_tag?post=158653"}],"curies":[{"name":"wp","href":"https:\/\/api.w.org\/{rel}","templated":true}]}}