{"id":160075,"date":"2024-07-26T00:59:46","date_gmt":"2024-07-26T07:59:46","guid":{"rendered":"https:\/\/glandine.com\/product\/dolce-gabbana-schickes-gebluemtes-bikini-oberteil\/"},"modified":"2024-11-29T21:19:44","modified_gmt":"2024-11-29T20:19:44","slug":"dolce-gabbana-schickes-gebluemtes-bikini-oberteil","status":"publish","type":"product","link":"https:\/\/tpmadalina42.supserv.cozmoslabs.com\/fi\/tuote-2\/dolce-gabbana-schickes-gebluemtes-bikini-oberteil\/","title":{"rendered":"Dolce &amp; Gabbana Schickes gebl\u00fcmtes Bikini-Oberteil"},"content":{"rendered":"<p>G\u00f6nnen Sie sich die Essenz des Sommers mit diesem exquisiten Bikinioberteil <strong>Kirjailija: Dolce &amp; Gabbana<\/strong>. Dieses atemberaubende Modell mit zartem rosafarbenem Blumendruck steht f\u00fcr Raffinesse und Komfort und verk\u00f6rpert den fr\u00f6hlichen Geist sonniger Tage. Das in Italien aus einer Mischung aus Nylon und Elastan gefertigte Oberteil bietet eine perfekte Passform und sorgt daf\u00fcr, dass Sie sowohl am Strand als auch beim Faulenzen am Pool umwerfend aussehen. Das Bikini-Oberteil mit dem unverwechselbaren Logo-Detail ist der Inbegriff von Luxus und Stil.<\/p>\n<ul>\n<li>Farbe: Rosa Blumendruck<\/li>\n<li>Material: 75% Nylon, 25% Elastan<\/li>\n<li>Valmistettu Italiassa<\/li>\n<\/ul>","protected":false},"excerpt":{"rendered":"<p>G\u00f6nnen Sie sich die Essenz des Sommers mit diesem exquisiten Bikinioberteil von Dolce &amp; Gabbana. Dieses atemberaubende Modell mit zartem rosafarbenem Blumendruck steht f\u00fcr Raffinesse und Komfort und verk\u00f6rpert den fr\u00f6hlichen Geist sonniger Tage. Das in Italien aus einer Mischung aus Nylon und Elastan gefertigte Oberteil bietet eine perfekte Passform und sorgt daf\u00fcr, dass Sie [&hellip;]<\/p>","protected":false},"featured_media":160071,"template":"","meta":[],"product_brand":[1620],"product_cat":[1708,1637,1623],"product_tag":[],"class_list":{"0":"post-160075","1":"product","2":"type-product","3":"status-publish","4":"has-post-thumbnail","6":"product_brand-dolce-gabbana","7":"product_cat-bademode","8":"product_cat-frauen-kleidung","9":"product_cat-kleidung","11":"first","12":"instock","13":"sale","14":"taxable","15":"shipping-taxable","16":"purchasable","17":"product-type-variable"},"_links":{"self":[{"href":"https:\/\/tpmadalina42.supserv.cozmoslabs.com\/fi\/wp-json\/wp\/v2\/product\/160075","targetHints":{"allow":["GET"]}}],"collection":[{"href":"https:\/\/tpmadalina42.supserv.cozmoslabs.com\/fi\/wp-json\/wp\/v2\/product"}],"about":[{"href":"https:\/\/tpmadalina42.supserv.cozmoslabs.com\/fi\/wp-json\/wp\/v2\/types\/product"}],"wp:featuredmedia":[{"embeddable":true,"href":"https:\/\/tpmadalina42.supserv.cozmoslabs.com\/fi\/wp-json\/wp\/v2\/media\/160071"}],"wp:attachment":[{"href":"https:\/\/tpmadalina42.supserv.cozmoslabs.com\/fi\/wp-json\/wp\/v2\/media?parent=160075"}],"wp:term":[{"taxonomy":"product_brand","embeddable":true,"href":"https:\/\/tpmadalina42.supserv.cozmoslabs.com\/fi\/wp-json\/wp\/v2\/product_brand?post=160075"},{"taxonomy":"product_cat","embeddable":true,"href":"https:\/\/tpmadalina42.supserv.cozmoslabs.com\/fi\/wp-json\/wp\/v2\/product_cat?post=160075"},{"taxonomy":"product_tag","embeddable":true,"href":"https:\/\/tpmadalina42.supserv.cozmoslabs.com\/fi\/wp-json\/wp\/v2\/product_tag?post=160075"}],"curies":[{"name":"wp","href":"https:\/\/api.w.org\/{rel}","templated":true}]}}