{"id":160245,"date":"2024-07-26T01:07:25","date_gmt":"2024-07-26T08:07:25","guid":{"rendered":"https:\/\/glandine.com\/product\/aglini-schickes-hellblaues-polohemd-aus-polierter-baumwolle\/"},"modified":"2024-11-29T21:25:29","modified_gmt":"2024-11-29T20:25:29","slug":"aglini-schickes-hellblaues-polohemd-aus-polierter-baumwolle","status":"publish","type":"product","link":"https:\/\/tpmadalina42.supserv.cozmoslabs.com\/fi\/tuote-2\/aglini-schickes-hellblaues-polohemd-aus-polierter-baumwolle\/","title":{"rendered":"AGLINI Chic vaaleansininen poolopaita kiillotetusta puuvillasta"},"content":{"rendered":"<p>Bringen Sie einen Hauch von Raffinesse in Ihre Garderobe mit unserem neuesten Angebot von AGLINI. Dieses atemberaubende hellblaue Poloshirt ist brandneu mit Etikett und verspricht Authentizit\u00e4t und unvergleichliche Qualit\u00e4t. Es ist aus feinster 100%iger Baumwolle gefertigt und verf\u00fcgt \u00fcber einen eleganten Button-down-Verschluss, einen klassischen Kragen und kurze \u00c4rmel f\u00fcr einen zeitlosen Stil. Mit dezenten Logodetails verziert, ist dieses Oberteil ein Zeugnis f\u00fcr raffinierte Freizeitkleidung.<\/p>\n<ul>\n<li>Materiaali: 100% puuvilla<\/li>\n<li>V\u00e4ri: vaaleansininen<\/li>\n<li>Alkuper\u00e4maa: IT<\/li>\n<\/ul>","protected":false},"excerpt":{"rendered":"<p>Bringen Sie einen Hauch von Raffinesse in Ihre Garderobe mit unserem neuesten Angebot von AGLINI. Dieses atemberaubende hellblaue Poloshirt ist brandneu mit Etikett und verspricht Authentizit\u00e4t und unvergleichliche Qualit\u00e4t. Es ist aus feinster 100%iger Baumwolle gefertigt und verf\u00fcgt \u00fcber einen eleganten Button-down-Verschluss, einen klassischen Kragen und kurze \u00c4rmel f\u00fcr einen zeitlosen Stil. Mit dezenten Logodetails [&hellip;]<\/p>","protected":false},"featured_media":160241,"template":"","meta":[],"product_brand":[2220],"product_cat":[1637,1623,1714],"product_tag":[],"class_list":{"0":"post-160245","1":"product","2":"type-product","3":"status-publish","4":"has-post-thumbnail","6":"product_brand-aglini","7":"product_cat-frauen-kleidung","8":"product_cat-kleidung","9":"product_cat-oberteile-t-shirts","11":"first","12":"instock","13":"sale","14":"taxable","15":"shipping-taxable","16":"purchasable","17":"product-type-variable"},"_links":{"self":[{"href":"https:\/\/tpmadalina42.supserv.cozmoslabs.com\/fi\/wp-json\/wp\/v2\/product\/160245","targetHints":{"allow":["GET"]}}],"collection":[{"href":"https:\/\/tpmadalina42.supserv.cozmoslabs.com\/fi\/wp-json\/wp\/v2\/product"}],"about":[{"href":"https:\/\/tpmadalina42.supserv.cozmoslabs.com\/fi\/wp-json\/wp\/v2\/types\/product"}],"wp:featuredmedia":[{"embeddable":true,"href":"https:\/\/tpmadalina42.supserv.cozmoslabs.com\/fi\/wp-json\/wp\/v2\/media\/160241"}],"wp:attachment":[{"href":"https:\/\/tpmadalina42.supserv.cozmoslabs.com\/fi\/wp-json\/wp\/v2\/media?parent=160245"}],"wp:term":[{"taxonomy":"product_brand","embeddable":true,"href":"https:\/\/tpmadalina42.supserv.cozmoslabs.com\/fi\/wp-json\/wp\/v2\/product_brand?post=160245"},{"taxonomy":"product_cat","embeddable":true,"href":"https:\/\/tpmadalina42.supserv.cozmoslabs.com\/fi\/wp-json\/wp\/v2\/product_cat?post=160245"},{"taxonomy":"product_tag","embeddable":true,"href":"https:\/\/tpmadalina42.supserv.cozmoslabs.com\/fi\/wp-json\/wp\/v2\/product_tag?post=160245"}],"curies":[{"name":"wp","href":"https:\/\/api.w.org\/{rel}","templated":true}]}}