{"id":160285,"date":"2024-07-26T01:09:15","date_gmt":"2024-07-26T08:09:15","guid":{"rendered":"https:\/\/glandine.com\/product\/gf-ferre-elegantes-schwarzes-etuikleid-mit-sweetheart-ausschnitt\/"},"modified":"2024-11-29T21:27:06","modified_gmt":"2024-11-29T20:27:06","slug":"gf-ferre-elegantes-schwarzes-etuikleid-mit-sweetheart-ausschnitt","status":"publish","type":"product","link":"https:\/\/tpmadalina42.supserv.cozmoslabs.com\/fi\/tuote-2\/gf-ferre-elegantes-schwarzes-etuikleid-mit-sweetheart-ausschnitt\/","title":{"rendered":"GF Ferre Tyylik\u00e4s musta tuppimekko, jossa kultainen p\u00e4\u00e4ntie"},"content":{"rendered":"<p>Dress to impress mit diesem atemberaubenden <strong>GF Ferre<\/strong> Etuikleid. Mit einem schicken herzf\u00f6rmigen Ausschnitt und langen \u00c4rmeln, kommt dieses brandneue Element mit Tags und ist der Inbegriff von Eleganz und Raffinesse. Erh\u00f6hen Sie Ihre Garderobe mit diesem stilvollen St\u00fcck, perfekt f\u00fcr jede Gelegenheit, die nach einem Hauch von Klasse verlangt.<\/p>\n<ul>\n<li>Materiaali: puuvilla<\/li>\n<li>Alkuper\u00e4maa: IT<\/li>\n<li>V\u00e4ri: Musta<\/li>\n<li>Logon yksityiskohdat<\/li>\n<\/ul>","protected":false},"excerpt":{"rendered":"<p>Dress to impress mit diesem atemberaubenden GF Ferre Etuikleid. Mit einem schicken herzf\u00f6rmigen Ausschnitt und langen \u00c4rmeln, kommt dieses brandneue Element mit Tags und ist der Inbegriff von Eleganz und Raffinesse. Erh\u00f6hen Sie Ihre Garderobe mit diesem stilvollen St\u00fcck, perfekt f\u00fcr jede Gelegenheit, die nach einem Hauch von Klasse verlangt. Material: Baumwolle Herkunftsland: IT Farbe: [&hellip;]<\/p>","protected":false},"featured_media":160281,"template":"","meta":[],"product_brand":[1822],"product_cat":[1637,1659,1623],"product_tag":[],"class_list":{"0":"post-160285","1":"product","2":"type-product","3":"status-publish","4":"has-post-thumbnail","6":"product_brand-gf-ferre","7":"product_cat-frauen-kleidung","8":"product_cat-kleider","9":"product_cat-kleidung","11":"first","12":"instock","13":"sale","14":"taxable","15":"shipping-taxable","16":"purchasable","17":"product-type-variable"},"_links":{"self":[{"href":"https:\/\/tpmadalina42.supserv.cozmoslabs.com\/fi\/wp-json\/wp\/v2\/product\/160285","targetHints":{"allow":["GET"]}}],"collection":[{"href":"https:\/\/tpmadalina42.supserv.cozmoslabs.com\/fi\/wp-json\/wp\/v2\/product"}],"about":[{"href":"https:\/\/tpmadalina42.supserv.cozmoslabs.com\/fi\/wp-json\/wp\/v2\/types\/product"}],"wp:featuredmedia":[{"embeddable":true,"href":"https:\/\/tpmadalina42.supserv.cozmoslabs.com\/fi\/wp-json\/wp\/v2\/media\/160281"}],"wp:attachment":[{"href":"https:\/\/tpmadalina42.supserv.cozmoslabs.com\/fi\/wp-json\/wp\/v2\/media?parent=160285"}],"wp:term":[{"taxonomy":"product_brand","embeddable":true,"href":"https:\/\/tpmadalina42.supserv.cozmoslabs.com\/fi\/wp-json\/wp\/v2\/product_brand?post=160285"},{"taxonomy":"product_cat","embeddable":true,"href":"https:\/\/tpmadalina42.supserv.cozmoslabs.com\/fi\/wp-json\/wp\/v2\/product_cat?post=160285"},{"taxonomy":"product_tag","embeddable":true,"href":"https:\/\/tpmadalina42.supserv.cozmoslabs.com\/fi\/wp-json\/wp\/v2\/product_tag?post=160285"}],"curies":[{"name":"wp","href":"https:\/\/api.w.org\/{rel}","templated":true}]}}