{"id":160301,"date":"2024-07-26T01:11:10","date_gmt":"2024-07-26T08:11:10","guid":{"rendered":"https:\/\/glandine.com\/product\/sergei-grinko-besticktes-perlen-shiftkleid-distinction\/"},"modified":"2024-11-29T21:30:21","modified_gmt":"2024-11-29T20:30:21","slug":"sergei-grinko-besticktes-perlen-shiftkleid-distinction","status":"publish","type":"product","link":"https:\/\/tpmadalina42.supserv.cozmoslabs.com\/fi\/tuote-2\/sergei-grinko-besticktes-perlen-shiftkleid-distinction\/","title":{"rendered":"Sergei Grinko Brodeerattu helmill\u00e4 vuorattu mekko"},"content":{"rendered":"<p>Entdecken Sie Eleganz und Raffinesse mit diesem atemberaubenden bestickten Perlen Shift Kleid von Sergei Grinko. Dieses wundersch\u00f6ne und brandneue Kleid (100% authentisch) hat eine elegante \u00e4rmellose Silhouette und einen Rundhalsausschnitt, der mit einer exquisiten Perlenverzierung geschm\u00fcckt ist. Perfekt f\u00fcr jede gehobene Veranstaltung, ist es ein St\u00fcck, das verspricht, das Highlight Ihrer Garderobe zu sein.<\/p>\n<p>Materiaali: puuvilla<br \/>Alkuper\u00e4maa: IT<br \/>V\u00e4ri: Moniv\u00e4rinen<br \/>Logon yksityiskohdat<\/p>","protected":false},"excerpt":{"rendered":"<p>Entdecken Sie Eleganz und Raffinesse mit diesem atemberaubenden bestickten Perlen Shift Kleid von Sergei Grinko. Dieses wundersch\u00f6ne und brandneue Kleid (100% authentisch) hat eine elegante \u00e4rmellose Silhouette und einen Rundhalsausschnitt, der mit einer exquisiten Perlenverzierung geschm\u00fcckt ist. Perfekt f\u00fcr jede gehobene Veranstaltung, ist es ein St\u00fcck, das verspricht, das Highlight Ihrer Garderobe zu sein. Material: [&hellip;]<\/p>","protected":false},"featured_media":160297,"template":"","meta":[],"product_brand":[1805],"product_cat":[1637,1659,1623],"product_tag":[],"class_list":{"0":"post-160301","1":"product","2":"type-product","3":"status-publish","4":"has-post-thumbnail","6":"product_brand-sergei-grinko","7":"product_cat-frauen-kleidung","8":"product_cat-kleider","9":"product_cat-kleidung","11":"first","12":"instock","13":"sale","14":"taxable","15":"shipping-taxable","16":"purchasable","17":"product-type-variable"},"_links":{"self":[{"href":"https:\/\/tpmadalina42.supserv.cozmoslabs.com\/fi\/wp-json\/wp\/v2\/product\/160301","targetHints":{"allow":["GET"]}}],"collection":[{"href":"https:\/\/tpmadalina42.supserv.cozmoslabs.com\/fi\/wp-json\/wp\/v2\/product"}],"about":[{"href":"https:\/\/tpmadalina42.supserv.cozmoslabs.com\/fi\/wp-json\/wp\/v2\/types\/product"}],"wp:featuredmedia":[{"embeddable":true,"href":"https:\/\/tpmadalina42.supserv.cozmoslabs.com\/fi\/wp-json\/wp\/v2\/media\/160297"}],"wp:attachment":[{"href":"https:\/\/tpmadalina42.supserv.cozmoslabs.com\/fi\/wp-json\/wp\/v2\/media?parent=160301"}],"wp:term":[{"taxonomy":"product_brand","embeddable":true,"href":"https:\/\/tpmadalina42.supserv.cozmoslabs.com\/fi\/wp-json\/wp\/v2\/product_brand?post=160301"},{"taxonomy":"product_cat","embeddable":true,"href":"https:\/\/tpmadalina42.supserv.cozmoslabs.com\/fi\/wp-json\/wp\/v2\/product_cat?post=160301"},{"taxonomy":"product_tag","embeddable":true,"href":"https:\/\/tpmadalina42.supserv.cozmoslabs.com\/fi\/wp-json\/wp\/v2\/product_tag?post=160301"}],"curies":[{"name":"wp","href":"https:\/\/api.w.org\/{rel}","templated":true}]}}