{"id":160620,"date":"2024-07-26T01:23:13","date_gmt":"2024-07-26T08:23:13","guid":{"rendered":"https:\/\/glandine.com\/product\/dolce-gabbana-schickes-schwarzes-korsettguertel-top\/"},"modified":"2024-11-29T21:42:13","modified_gmt":"2024-11-29T20:42:13","slug":"dolce-gabbana-schickes-schwarzes-korsettguertel-top","status":"publish","type":"product","link":"https:\/\/tpmadalina42.supserv.cozmoslabs.com\/fi\/tuote-2\/dolce-gabbana-schickes-schwarzes-korsettguertel-top\/","title":{"rendered":"Dolce &amp; Gabbana Schickes schwarzes Korsettg\u00fcrtel-Top"},"content":{"rendered":"<p>G\u00f6nnen Sie sich den Inbegriff italienischer Raffinesse mit diesem umwerfenden, brandneuen Korsettg\u00fcrtel-Top von <strong>Dolce &amp; Gabbana<\/strong>. Es ist eine perfekte Mischung aus Komfort und Luxus, um Ihre Taille zu definieren und zu akzentuieren. Dieses kultige St\u00fcck ist mit den charakteristischen Logodetails der Marke verziert und bietet einen eleganten Touch, der sicher alle Blicke auf sich zieht.<\/p>\n<ul>\n<li>V\u00e4ri: Musta<\/li>\n<li>Materiaali: 81% Nylon 19% Elastaani<\/li>\n<li>Alkuper\u00e4maa: IT<\/li>\n<li>Valmistettu Italiassa<\/li>\n<li>Logon yksityiskohdat<\/li>\n<\/ul>","protected":false},"excerpt":{"rendered":"<p>G\u00f6nnen Sie sich den Inbegriff italienischer Raffinesse mit diesem umwerfenden, brandneuen Korsettg\u00fcrtel-Top von Dolce &amp; Gabbana. Es ist eine perfekte Mischung aus Komfort und Luxus, um Ihre Taille zu definieren und zu akzentuieren. Dieses kultige St\u00fcck ist mit den charakteristischen Logodetails der Marke verziert und bietet einen eleganten Touch, der sicher alle Blicke auf sich [&hellip;]<\/p>","protected":false},"featured_media":160616,"template":"","meta":[],"product_brand":[1620],"product_cat":[1637,1623,1714],"product_tag":[],"class_list":{"0":"post-160620","1":"product","2":"type-product","3":"status-publish","4":"has-post-thumbnail","6":"product_brand-dolce-gabbana","7":"product_cat-frauen-kleidung","8":"product_cat-kleidung","9":"product_cat-oberteile-t-shirts","11":"first","12":"instock","13":"sale","14":"taxable","15":"shipping-taxable","16":"purchasable","17":"product-type-variable"},"_links":{"self":[{"href":"https:\/\/tpmadalina42.supserv.cozmoslabs.com\/fi\/wp-json\/wp\/v2\/product\/160620","targetHints":{"allow":["GET"]}}],"collection":[{"href":"https:\/\/tpmadalina42.supserv.cozmoslabs.com\/fi\/wp-json\/wp\/v2\/product"}],"about":[{"href":"https:\/\/tpmadalina42.supserv.cozmoslabs.com\/fi\/wp-json\/wp\/v2\/types\/product"}],"wp:featuredmedia":[{"embeddable":true,"href":"https:\/\/tpmadalina42.supserv.cozmoslabs.com\/fi\/wp-json\/wp\/v2\/media\/160616"}],"wp:attachment":[{"href":"https:\/\/tpmadalina42.supserv.cozmoslabs.com\/fi\/wp-json\/wp\/v2\/media?parent=160620"}],"wp:term":[{"taxonomy":"product_brand","embeddable":true,"href":"https:\/\/tpmadalina42.supserv.cozmoslabs.com\/fi\/wp-json\/wp\/v2\/product_brand?post=160620"},{"taxonomy":"product_cat","embeddable":true,"href":"https:\/\/tpmadalina42.supserv.cozmoslabs.com\/fi\/wp-json\/wp\/v2\/product_cat?post=160620"},{"taxonomy":"product_tag","embeddable":true,"href":"https:\/\/tpmadalina42.supserv.cozmoslabs.com\/fi\/wp-json\/wp\/v2\/product_tag?post=160620"}],"curies":[{"name":"wp","href":"https:\/\/api.w.org\/{rel}","templated":true}]}}