{"id":160730,"date":"2024-07-26T01:27:54","date_gmt":"2024-07-26T08:27:54","guid":{"rendered":"https:\/\/glandine.com\/product\/msgm-elegantes-minikleid-mit-paillettenbesetztem-rundhalsausschnitt\/"},"modified":"2024-11-29T21:44:45","modified_gmt":"2024-11-29T20:44:45","slug":"msgm-elegantes-minikleid-mit-paillettenbesetztem-rundhalsausschnitt","status":"publish","type":"product","link":"https:\/\/tpmadalina42.supserv.cozmoslabs.com\/fi\/tuote-2\/msgm-elegantes-minikleid-mit-paillettenbesetztem-rundhalsausschnitt\/","title":{"rendered":"MSGM Elegantes Minikleid mit paillettenbesetztem Rundhalsausschnitt"},"content":{"rendered":"<p>Treten Sie ein in eine Welt des Funkelns und Schimmerns mit unserem hinrei\u00dfenden Pailletten-Minikleid. Dieses atemberaubende St\u00fcck ist brandneu mit Etiketten, die Gew\u00e4hrleistung der feinsten 100% authentische MSGM Qualit\u00e4t. Es ist mit leuchtenden Pailletten verziert, hat bequeme kurze \u00c4rmel und einen stilvollen Boot-Ausschnitt und ist damit eine schillernde Wahl f\u00fcr jede Veranstaltung.<\/p>\n<ul>\n<li>Marke: MSGM<\/li>\n<li>V\u00e4ri: hopea<\/li>\n<li>Materiaali: 100% polyesteri<\/li>\n<li>Alkuper\u00e4maa: IT<\/li>\n<\/ul>","protected":false},"excerpt":{"rendered":"<p>Treten Sie ein in eine Welt des Funkelns und Schimmerns mit unserem hinrei\u00dfenden Pailletten-Minikleid. Dieses atemberaubende St\u00fcck ist brandneu mit Etiketten, die Gew\u00e4hrleistung der feinsten 100% authentische MSGM Qualit\u00e4t. Es ist mit leuchtenden Pailletten verziert, hat bequeme kurze \u00c4rmel und einen stilvollen Boot-Ausschnitt und ist damit eine schillernde Wahl f\u00fcr jede Veranstaltung. Marke: MSGM Farbe: [&hellip;]<\/p>","protected":false},"featured_media":160725,"template":"","meta":[],"product_brand":[2227],"product_cat":[1637,1659,1623],"product_tag":[],"class_list":{"0":"post-160730","1":"product","2":"type-product","3":"status-publish","4":"has-post-thumbnail","6":"product_brand-msgm","7":"product_cat-frauen-kleidung","8":"product_cat-kleider","9":"product_cat-kleidung","11":"first","12":"instock","13":"sale","14":"taxable","15":"shipping-taxable","16":"purchasable","17":"product-type-variable"},"_links":{"self":[{"href":"https:\/\/tpmadalina42.supserv.cozmoslabs.com\/fi\/wp-json\/wp\/v2\/product\/160730","targetHints":{"allow":["GET"]}}],"collection":[{"href":"https:\/\/tpmadalina42.supserv.cozmoslabs.com\/fi\/wp-json\/wp\/v2\/product"}],"about":[{"href":"https:\/\/tpmadalina42.supserv.cozmoslabs.com\/fi\/wp-json\/wp\/v2\/types\/product"}],"wp:featuredmedia":[{"embeddable":true,"href":"https:\/\/tpmadalina42.supserv.cozmoslabs.com\/fi\/wp-json\/wp\/v2\/media\/160725"}],"wp:attachment":[{"href":"https:\/\/tpmadalina42.supserv.cozmoslabs.com\/fi\/wp-json\/wp\/v2\/media?parent=160730"}],"wp:term":[{"taxonomy":"product_brand","embeddable":true,"href":"https:\/\/tpmadalina42.supserv.cozmoslabs.com\/fi\/wp-json\/wp\/v2\/product_brand?post=160730"},{"taxonomy":"product_cat","embeddable":true,"href":"https:\/\/tpmadalina42.supserv.cozmoslabs.com\/fi\/wp-json\/wp\/v2\/product_cat?post=160730"},{"taxonomy":"product_tag","embeddable":true,"href":"https:\/\/tpmadalina42.supserv.cozmoslabs.com\/fi\/wp-json\/wp\/v2\/product_tag?post=160730"}],"curies":[{"name":"wp","href":"https:\/\/api.w.org\/{rel}","templated":true}]}}