{"id":161453,"date":"2024-07-26T01:47:43","date_gmt":"2024-07-26T08:47:43","guid":{"rendered":"https:\/\/glandine.com\/product\/dolce-gabbana-elegante-massgeschneiderte-hose-aus-einer-wollmischung\/"},"modified":"2024-11-29T22:03:26","modified_gmt":"2024-11-29T21:03:26","slug":"dolce-gabbana-elegante-massgeschneiderte-hose-aus-einer-wollmischung","status":"publish","type":"product","link":"https:\/\/tpmadalina42.supserv.cozmoslabs.com\/fi\/tuote-2\/dolce-gabbana-elegante-massgeschneiderte-hose-aus-einer-wollmischung\/","title":{"rendered":"Dolce &amp; Gabbana Elegante ma\u00dfgeschneiderte Hose aus einer Wollmischung"},"content":{"rendered":"<p>Mit dieser mittellangen Hose von <strong>Dolce &amp; Gabbana<\/strong> setzen Sie auf anspruchsvolle Eleganz. Sie wurde aus einer luxuri\u00f6sen Mischung aus Schurwolle und Elasthan gefertigt und bietet sowohl Komfort als auch einen scharf geschnittenen Look. Ihr tadelloser Schnitt unterstreicht eine figurschmeichelnde Silhouette, die durch knackige B\u00fcgelfalten akzentuiert wird. Der klassische schwarze Farbton sorgt daf\u00fcr, dass diese Hose eine vielseitige Erg\u00e4nzung Ihrer Garderobe ist, perfekt f\u00fcr die Aufwertung Ihrer B\u00fcrokleidung oder f\u00fcr einen Abend beim Ausgehen.<\/p>\n<ul>\n<li>Material: 96% Schurwolle 4% Elasthan<\/li>\n<li>V\u00e4ri: Musta<\/li>\n<li>Istuvuus: Normaali<\/li>\n<li>Sulkeminen: vetoketju ja nappi<\/li>\n<li>Alkuper\u00e4maa: IT<\/li>\n<li>Logon yksityiskohdat<\/li>\n<li>Valmistettu Italiassa<\/li>\n<\/ul>","protected":false},"excerpt":{"rendered":"<p>Mit dieser mittellangen Hose von Dolce &amp; Gabbana setzen Sie auf anspruchsvolle Eleganz. Sie wurde aus einer luxuri\u00f6sen Mischung aus Schurwolle und Elasthan gefertigt und bietet sowohl Komfort als auch einen scharf geschnittenen Look. Ihr tadelloser Schnitt unterstreicht eine figurschmeichelnde Silhouette, die durch knackige B\u00fcgelfalten akzentuiert wird. Der klassische schwarze Farbton sorgt daf\u00fcr, dass diese [&hellip;]<\/p>","protected":false},"featured_media":161450,"template":"","meta":[],"product_brand":[1620],"product_cat":[1637,1686,1623],"product_tag":[],"class_list":{"0":"post-161453","1":"product","2":"type-product","3":"status-publish","4":"has-post-thumbnail","6":"product_brand-dolce-gabbana","7":"product_cat-frauen-kleidung","8":"product_cat-jeans-hosen-frauen-kleidung","9":"product_cat-kleidung","11":"first","12":"instock","13":"sale","14":"taxable","15":"shipping-taxable","16":"purchasable","17":"product-type-variable"},"_links":{"self":[{"href":"https:\/\/tpmadalina42.supserv.cozmoslabs.com\/fi\/wp-json\/wp\/v2\/product\/161453","targetHints":{"allow":["GET"]}}],"collection":[{"href":"https:\/\/tpmadalina42.supserv.cozmoslabs.com\/fi\/wp-json\/wp\/v2\/product"}],"about":[{"href":"https:\/\/tpmadalina42.supserv.cozmoslabs.com\/fi\/wp-json\/wp\/v2\/types\/product"}],"wp:featuredmedia":[{"embeddable":true,"href":"https:\/\/tpmadalina42.supserv.cozmoslabs.com\/fi\/wp-json\/wp\/v2\/media\/161450"}],"wp:attachment":[{"href":"https:\/\/tpmadalina42.supserv.cozmoslabs.com\/fi\/wp-json\/wp\/v2\/media?parent=161453"}],"wp:term":[{"taxonomy":"product_brand","embeddable":true,"href":"https:\/\/tpmadalina42.supserv.cozmoslabs.com\/fi\/wp-json\/wp\/v2\/product_brand?post=161453"},{"taxonomy":"product_cat","embeddable":true,"href":"https:\/\/tpmadalina42.supserv.cozmoslabs.com\/fi\/wp-json\/wp\/v2\/product_cat?post=161453"},{"taxonomy":"product_tag","embeddable":true,"href":"https:\/\/tpmadalina42.supserv.cozmoslabs.com\/fi\/wp-json\/wp\/v2\/product_tag?post=161453"}],"curies":[{"name":"wp","href":"https:\/\/api.w.org\/{rel}","templated":true}]}}