{"id":161580,"date":"2024-07-26T01:52:34","date_gmt":"2024-07-26T08:52:34","guid":{"rendered":"https:\/\/glandine.com\/product\/dolce-gabbana-schwarz-weiss-gestreifte-luxus-strumpfhose\/"},"modified":"2024-11-29T22:08:16","modified_gmt":"2024-11-29T21:08:16","slug":"dolce-gabbana-schwarz-weiss-gestreifte-luxus-strumpfhose","status":"publish","type":"product","link":"https:\/\/tpmadalina42.supserv.cozmoslabs.com\/fi\/tuote-2\/dolce-gabbana-schwarz-weiss-gestreifte-luxus-strumpfhose\/","title":{"rendered":"Dolce &amp; Gabbana Schwarz-wei\u00df gestreifte Luxus-Strumpfhose"},"content":{"rendered":"<p>G\u00f6nnen Sie sich den Inbegriff von italienischem Glamour mit diesen atemberaubenden schwarz-wei\u00df gestreiften Strumpfhosen der renommierten Marke Dolce &amp; Gabbana. Die aus 100% Nylon gefertigte Strumpfhose aus Mikro-Netz ist ebenso bequem wie modisch. Die kr\u00e4ftigen Streifen sind ein auff\u00e4lliges Statement, ideal um jedes Outfit mit einem Hauch von Luxus aufzuwerten. Die aus Italien stammende Strumpfhose tr\u00e4gt das Zeichen exquisiter Handwerkskunst und das unverwechselbare Prestige von Dolce &amp; Gabbana.<\/p>\n<ul>\n<li>Materiaali: 100% nylon<\/li>\n<li>V\u00e4ri: Musta<\/li>\n<li>Alkuper\u00e4maa: Italia<\/li>\n<\/ul>","protected":false},"excerpt":{"rendered":"<p>G\u00f6nnen Sie sich den Inbegriff von italienischem Glamour mit diesen atemberaubenden schwarz-wei\u00df gestreiften Strumpfhosen der renommierten Marke Dolce &amp; Gabbana. Die aus 100% Nylon gefertigte Strumpfhose aus Mikro-Netz ist ebenso bequem wie modisch. Die kr\u00e4ftigen Streifen sind ein auff\u00e4lliges Statement, ideal um jedes Outfit mit einem Hauch von Luxus aufzuwerten. Die aus Italien stammende Strumpfhose [&hellip;]<\/p>","protected":false},"featured_media":161578,"template":"","meta":[],"product_brand":[1620],"product_cat":[1637,1623,1713],"product_tag":[],"class_list":{"0":"post-161580","1":"product","2":"type-product","3":"status-publish","4":"has-post-thumbnail","6":"product_brand-dolce-gabbana","7":"product_cat-frauen-kleidung","8":"product_cat-kleidung","9":"product_cat-strumpfhosen-socken","11":"first","12":"instock","13":"sale","14":"taxable","15":"shipping-taxable","16":"purchasable","17":"product-type-variable"},"_links":{"self":[{"href":"https:\/\/tpmadalina42.supserv.cozmoslabs.com\/fi\/wp-json\/wp\/v2\/product\/161580","targetHints":{"allow":["GET"]}}],"collection":[{"href":"https:\/\/tpmadalina42.supserv.cozmoslabs.com\/fi\/wp-json\/wp\/v2\/product"}],"about":[{"href":"https:\/\/tpmadalina42.supserv.cozmoslabs.com\/fi\/wp-json\/wp\/v2\/types\/product"}],"wp:featuredmedia":[{"embeddable":true,"href":"https:\/\/tpmadalina42.supserv.cozmoslabs.com\/fi\/wp-json\/wp\/v2\/media\/161578"}],"wp:attachment":[{"href":"https:\/\/tpmadalina42.supserv.cozmoslabs.com\/fi\/wp-json\/wp\/v2\/media?parent=161580"}],"wp:term":[{"taxonomy":"product_brand","embeddable":true,"href":"https:\/\/tpmadalina42.supserv.cozmoslabs.com\/fi\/wp-json\/wp\/v2\/product_brand?post=161580"},{"taxonomy":"product_cat","embeddable":true,"href":"https:\/\/tpmadalina42.supserv.cozmoslabs.com\/fi\/wp-json\/wp\/v2\/product_cat?post=161580"},{"taxonomy":"product_tag","embeddable":true,"href":"https:\/\/tpmadalina42.supserv.cozmoslabs.com\/fi\/wp-json\/wp\/v2\/product_tag?post=161580"}],"curies":[{"name":"wp","href":"https:\/\/api.w.org\/{rel}","templated":true}]}}