{"id":161674,"date":"2024-07-26T01:55:59","date_gmt":"2024-07-26T08:55:59","guid":{"rendered":"https:\/\/glandine.com\/product\/gf-ferre-elegantes-bronzefarbenes-etui-kleid-mit-quadratischem-ausschnitt\/"},"modified":"2024-11-29T22:10:57","modified_gmt":"2024-11-29T21:10:57","slug":"gf-ferre-elegantes-bronzefarbenes-etui-kleid-mit-quadratischem-ausschnitt","status":"publish","type":"product","link":"https:\/\/tpmadalina42.supserv.cozmoslabs.com\/fi\/tuote-2\/gf-ferre-elegantes-bronzefarbenes-etui-kleid-mit-quadratischem-ausschnitt\/","title":{"rendered":"GF Ferre Elegantti pronssinen neli\u00f6m\u00e4inen tuppimekko"},"content":{"rendered":"<p>G\u00f6nnen Sie sich den Inbegriff von Raffinesse mit unserem atemberaubenden, brandneuen Etui-Kleid. Dieses wundersch\u00f6n gearbeitete St\u00fcck von GF Ferre verf\u00fcgt \u00fcber ein schickes lang\u00e4rmeliges Design und einen eleganten quadratischen Ausschnitt, perfekt f\u00fcr jede gehobene Veranstaltung. Die auff\u00e4llige Metallic-Bronze-Farbe ist ein echter Hingucker. Mit seinen exquisiten Logodetails verk\u00f6rpert dieses Kleid Luxus und Stil. Das in Italien gefertigte Kleid bietet sowohl High-End-Qualit\u00e4t als auch topaktuelle Mode.<\/p>\n<ul>\n<li>V\u00e4ri: Pronssi<\/li>\n<li>Alkuper\u00e4maa: IT<\/li>\n<\/ul>","protected":false},"excerpt":{"rendered":"<p>G\u00f6nnen Sie sich den Inbegriff von Raffinesse mit unserem atemberaubenden, brandneuen Etui-Kleid. Dieses wundersch\u00f6n gearbeitete St\u00fcck von GF Ferre verf\u00fcgt \u00fcber ein schickes lang\u00e4rmeliges Design und einen eleganten quadratischen Ausschnitt, perfekt f\u00fcr jede gehobene Veranstaltung. Die auff\u00e4llige Metallic-Bronze-Farbe ist ein echter Hingucker. Mit seinen exquisiten Logodetails verk\u00f6rpert dieses Kleid Luxus und Stil. Das in Italien [&hellip;]<\/p>","protected":false},"featured_media":161671,"template":"","meta":[],"product_brand":[1822],"product_cat":[1637,1659,1623],"product_tag":[],"class_list":{"0":"post-161674","1":"product","2":"type-product","3":"status-publish","4":"has-post-thumbnail","6":"product_brand-gf-ferre","7":"product_cat-frauen-kleidung","8":"product_cat-kleider","9":"product_cat-kleidung","11":"first","12":"instock","13":"sale","14":"taxable","15":"shipping-taxable","16":"purchasable","17":"product-type-variable"},"_links":{"self":[{"href":"https:\/\/tpmadalina42.supserv.cozmoslabs.com\/fi\/wp-json\/wp\/v2\/product\/161674","targetHints":{"allow":["GET"]}}],"collection":[{"href":"https:\/\/tpmadalina42.supserv.cozmoslabs.com\/fi\/wp-json\/wp\/v2\/product"}],"about":[{"href":"https:\/\/tpmadalina42.supserv.cozmoslabs.com\/fi\/wp-json\/wp\/v2\/types\/product"}],"wp:featuredmedia":[{"embeddable":true,"href":"https:\/\/tpmadalina42.supserv.cozmoslabs.com\/fi\/wp-json\/wp\/v2\/media\/161671"}],"wp:attachment":[{"href":"https:\/\/tpmadalina42.supserv.cozmoslabs.com\/fi\/wp-json\/wp\/v2\/media?parent=161674"}],"wp:term":[{"taxonomy":"product_brand","embeddable":true,"href":"https:\/\/tpmadalina42.supserv.cozmoslabs.com\/fi\/wp-json\/wp\/v2\/product_brand?post=161674"},{"taxonomy":"product_cat","embeddable":true,"href":"https:\/\/tpmadalina42.supserv.cozmoslabs.com\/fi\/wp-json\/wp\/v2\/product_cat?post=161674"},{"taxonomy":"product_tag","embeddable":true,"href":"https:\/\/tpmadalina42.supserv.cozmoslabs.com\/fi\/wp-json\/wp\/v2\/product_tag?post=161674"}],"curies":[{"name":"wp","href":"https:\/\/api.w.org\/{rel}","templated":true}]}}