{"id":161732,"date":"2024-07-26T01:58:37","date_gmt":"2024-07-26T08:58:37","guid":{"rendered":"https:\/\/glandine.com\/product\/dolce-gabbana-elegantes-schwarzes-seiden-dessous-chemise\/"},"modified":"2024-11-29T22:12:07","modified_gmt":"2024-11-29T21:12:07","slug":"dolce-gabbana-elegantes-schwarzes-seiden-dessous-chemise","status":"publish","type":"product","link":"https:\/\/tpmadalina42.supserv.cozmoslabs.com\/fi\/tuote-2\/dolce-gabbana-elegantes-schwarzes-seiden-dessous-chemise\/","title":{"rendered":"Dolce &amp; Gabbana Elegant Black Silk Lingerie Chemise"},"content":{"rendered":"<p>G\u00f6nnen Sie sich den Inbegriff von Luxus mit unserem umwerfenden schwarzen Seiden-Dessous-Top. Dieses exquisite St\u00fcck aus der Premium-Kollektion von Dolce &amp; Gabbana ist mehr als nur Nachtw\u00e4sche; es ist ein Statement von Eleganz und Sinnlichkeit. Perfekt f\u00fcr besondere Abende oder als raffinierte Unterw\u00e4sche, besticht dieses wundersch\u00f6n gearbeitete Chemise-Babydoll mit zarten Spitzendetails, die italienische Handwerkskunst verk\u00f6rpern. Ein Muss f\u00fcr jede modebewusste Person, die sowohl Komfort als auch einen schicken Stil zu sch\u00e4tzen wei\u00df.<\/p>\n<ul>\n<li>Materiaali: silkki<\/li>\n<li>V\u00e4ri: Musta<\/li>\n<li>Alkuper\u00e4maa: IT<\/li>\n<li>Valmistettu Italiassa<\/li>\n<li>Yksityiskohdat logosta<\/li>\n<\/ul>","protected":false},"excerpt":{"rendered":"<p>G\u00f6nnen Sie sich den Inbegriff von Luxus mit unserem umwerfenden schwarzen Seiden-Dessous-Top. Dieses exquisite St\u00fcck aus der Premium-Kollektion von Dolce &amp; Gabbana ist mehr als nur Nachtw\u00e4sche; es ist ein Statement von Eleganz und Sinnlichkeit. Perfekt f\u00fcr besondere Abende oder als raffinierte Unterw\u00e4sche, besticht dieses wundersch\u00f6n gearbeitete Chemise-Babydoll mit zarten Spitzendetails, die italienische Handwerkskunst verk\u00f6rpern. [&hellip;]<\/p>","protected":false},"featured_media":161728,"template":"","meta":[],"product_brand":[1620],"product_cat":[1637,1623,1701],"product_tag":[],"class_list":{"0":"post-161732","1":"product","2":"type-product","3":"status-publish","4":"has-post-thumbnail","6":"product_brand-dolce-gabbana","7":"product_cat-frauen-kleidung","8":"product_cat-kleidung","9":"product_cat-nachtwaesche-frauen-kleidung","11":"first","12":"instock","13":"sale","14":"taxable","15":"shipping-taxable","16":"purchasable","17":"product-type-variable"},"_links":{"self":[{"href":"https:\/\/tpmadalina42.supserv.cozmoslabs.com\/fi\/wp-json\/wp\/v2\/product\/161732","targetHints":{"allow":["GET"]}}],"collection":[{"href":"https:\/\/tpmadalina42.supserv.cozmoslabs.com\/fi\/wp-json\/wp\/v2\/product"}],"about":[{"href":"https:\/\/tpmadalina42.supserv.cozmoslabs.com\/fi\/wp-json\/wp\/v2\/types\/product"}],"wp:featuredmedia":[{"embeddable":true,"href":"https:\/\/tpmadalina42.supserv.cozmoslabs.com\/fi\/wp-json\/wp\/v2\/media\/161728"}],"wp:attachment":[{"href":"https:\/\/tpmadalina42.supserv.cozmoslabs.com\/fi\/wp-json\/wp\/v2\/media?parent=161732"}],"wp:term":[{"taxonomy":"product_brand","embeddable":true,"href":"https:\/\/tpmadalina42.supserv.cozmoslabs.com\/fi\/wp-json\/wp\/v2\/product_brand?post=161732"},{"taxonomy":"product_cat","embeddable":true,"href":"https:\/\/tpmadalina42.supserv.cozmoslabs.com\/fi\/wp-json\/wp\/v2\/product_cat?post=161732"},{"taxonomy":"product_tag","embeddable":true,"href":"https:\/\/tpmadalina42.supserv.cozmoslabs.com\/fi\/wp-json\/wp\/v2\/product_tag?post=161732"}],"curies":[{"name":"wp","href":"https:\/\/api.w.org\/{rel}","templated":true}]}}