{"id":161756,"date":"2024-07-26T01:59:46","date_gmt":"2024-07-26T08:59:46","guid":{"rendered":"https:\/\/glandine.com\/product\/dolce-gabbana-beigefarbener-stretch-bodysuit-mit-spitzeneinsatz\/"},"modified":"2024-11-29T22:12:38","modified_gmt":"2024-11-29T21:12:38","slug":"dolce-gabbana-beigefarbener-stretch-bodysuit-mit-spitzeneinsatz","status":"publish","type":"product","link":"https:\/\/tpmadalina42.supserv.cozmoslabs.com\/fi\/tuote-2\/dolce-gabbana-beigefarbener-stretch-bodysuit-mit-spitzeneinsatz\/","title":{"rendered":"Dolce &amp; Gabbana Beige joustava body, jossa pitsi"},"content":{"rendered":"<p>Umarmen Sie Luxus und Eleganz mit diesem exquisiten beigefarbenen Stretch-Body von Dolce &amp; Gabbana, einem Statement-St\u00fcck, das Ihr Repertoire an Intimbekleidung um italienische Handwerkskunst erweitert. Mit zarten Spitzendetails an der Brust und in der Mitte vereint dieser Body Komfort und Opulenz und f\u00fcgt sich so nahtlos in Ihre Garderobe ein. Mit seiner k\u00f6rpernahen Passform und den Logo-Akzenten bietet er sowohl Stil als auch Funktionalit\u00e4t.<\/p>\n<ul>\n<li>V\u00e4ri: beige<\/li>\n<li>Material: 94% Nylon 6% Elastan<\/li>\n<li>Alkuper\u00e4maa: IT<\/li>\n<li>Valmistettu Italiassa<\/li>\n<\/ul>","protected":false},"excerpt":{"rendered":"<p>Umarmen Sie Luxus und Eleganz mit diesem exquisiten beigefarbenen Stretch-Body von Dolce &amp; Gabbana, einem Statement-St\u00fcck, das Ihr Repertoire an Intimbekleidung um italienische Handwerkskunst erweitert. Mit zarten Spitzendetails an der Brust und in der Mitte vereint dieser Body Komfort und Opulenz und f\u00fcgt sich so nahtlos in Ihre Garderobe ein. Mit seiner k\u00f6rpernahen Passform und [&hellip;]<\/p>","protected":false},"featured_media":161752,"template":"","meta":[],"product_brand":[1620],"product_cat":[1637,1623,1717],"product_tag":[],"class_list":{"0":"post-161756","1":"product","2":"type-product","3":"status-publish","4":"has-post-thumbnail","6":"product_brand-dolce-gabbana","7":"product_cat-frauen-kleidung","8":"product_cat-kleidung","9":"product_cat-unterwaesche","11":"first","12":"instock","13":"sale","14":"taxable","15":"shipping-taxable","16":"purchasable","17":"product-type-variable"},"_links":{"self":[{"href":"https:\/\/tpmadalina42.supserv.cozmoslabs.com\/fi\/wp-json\/wp\/v2\/product\/161756","targetHints":{"allow":["GET"]}}],"collection":[{"href":"https:\/\/tpmadalina42.supserv.cozmoslabs.com\/fi\/wp-json\/wp\/v2\/product"}],"about":[{"href":"https:\/\/tpmadalina42.supserv.cozmoslabs.com\/fi\/wp-json\/wp\/v2\/types\/product"}],"wp:featuredmedia":[{"embeddable":true,"href":"https:\/\/tpmadalina42.supserv.cozmoslabs.com\/fi\/wp-json\/wp\/v2\/media\/161752"}],"wp:attachment":[{"href":"https:\/\/tpmadalina42.supserv.cozmoslabs.com\/fi\/wp-json\/wp\/v2\/media?parent=161756"}],"wp:term":[{"taxonomy":"product_brand","embeddable":true,"href":"https:\/\/tpmadalina42.supserv.cozmoslabs.com\/fi\/wp-json\/wp\/v2\/product_brand?post=161756"},{"taxonomy":"product_cat","embeddable":true,"href":"https:\/\/tpmadalina42.supserv.cozmoslabs.com\/fi\/wp-json\/wp\/v2\/product_cat?post=161756"},{"taxonomy":"product_tag","embeddable":true,"href":"https:\/\/tpmadalina42.supserv.cozmoslabs.com\/fi\/wp-json\/wp\/v2\/product_tag?post=161756"}],"curies":[{"name":"wp","href":"https:\/\/api.w.org\/{rel}","templated":true}]}}