{"id":162953,"date":"2024-07-26T02:39:49","date_gmt":"2024-07-26T09:39:49","guid":{"rendered":"https:\/\/glandine.com\/product\/dolce-gabbana-eleganter-einreihiger-blazer-aus-samt\/"},"modified":"2024-11-29T22:46:17","modified_gmt":"2024-11-29T21:46:17","slug":"dolce-gabbana-eleganter-einreihiger-blazer-aus-samt","status":"publish","type":"product","link":"https:\/\/tpmadalina42.supserv.cozmoslabs.com\/fi\/tuote-2\/dolce-gabbana-eleganter-einreihiger-blazer-aus-samt\/","title":{"rendered":"Dolce &amp; Gabbana Eleganter einreihiger Blazer aus Samt"},"content":{"rendered":"<p>Verstr\u00f6men Sie Raffinesse mit diesem einreihigen Blazer <strong>Kirjailija: Dolce &amp; Gabbana<\/strong>, eine perfekte Mischung aus Luxus und Stil. Der Blazer verf\u00fcgt \u00fcber ein spitzes Revers und eine schlanke Passform, die eine elegante Silhouette garantiert. Er ist aus einer pl\u00fcschigen Samtmischung gefertigt und verk\u00f6rpert erstklassige italienische Handwerkskunst &#8211; ideal f\u00fcr vornehme Anl\u00e4sse.<\/p>\n<ul>\n<li>Material: 60% Baumwolle, 31% Seide, 9% Polyester (Samt)<\/li>\n<li>Futter: 100% Seide<\/li>\n<li>V\u00e4ri: Musta<\/li>\n<li>Alkuper\u00e4maa: IT<\/li>\n<li>Stil: Einreihig, Schmale Passform, Schr\u00e4ges Revers<\/li>\n<li>Logon yksityiskohdat<\/li>\n<li>Valmistettu Italiassa<\/li>\n<\/ul>","protected":false},"excerpt":{"rendered":"<p>Verstr\u00f6men Sie Raffinesse mit diesem einreihigen Blazer von Dolce &amp; Gabbana, eine perfekte Mischung aus Luxus und Stil. Der Blazer verf\u00fcgt \u00fcber ein spitzes Revers und eine schlanke Passform, die eine elegante Silhouette garantiert. Er ist aus einer pl\u00fcschigen Samtmischung gefertigt und verk\u00f6rpert erstklassige italienische Handwerkskunst &#8211; ideal f\u00fcr vornehme Anl\u00e4sse. Material: 60% Baumwolle, 31% [&hellip;]<\/p>","protected":false},"featured_media":162947,"template":"","meta":[],"product_brand":[1620],"product_cat":[1653,1633,1623],"product_tag":[],"class_list":{"0":"post-162953","1":"product","2":"type-product","3":"status-publish","4":"has-post-thumbnail","6":"product_brand-dolce-gabbana","7":"product_cat-blazers","8":"product_cat-maenner-kleidung","9":"product_cat-kleidung","11":"first","12":"instock","13":"sale","14":"taxable","15":"shipping-taxable","16":"purchasable","17":"product-type-variable"},"_links":{"self":[{"href":"https:\/\/tpmadalina42.supserv.cozmoslabs.com\/fi\/wp-json\/wp\/v2\/product\/162953","targetHints":{"allow":["GET"]}}],"collection":[{"href":"https:\/\/tpmadalina42.supserv.cozmoslabs.com\/fi\/wp-json\/wp\/v2\/product"}],"about":[{"href":"https:\/\/tpmadalina42.supserv.cozmoslabs.com\/fi\/wp-json\/wp\/v2\/types\/product"}],"wp:featuredmedia":[{"embeddable":true,"href":"https:\/\/tpmadalina42.supserv.cozmoslabs.com\/fi\/wp-json\/wp\/v2\/media\/162947"}],"wp:attachment":[{"href":"https:\/\/tpmadalina42.supserv.cozmoslabs.com\/fi\/wp-json\/wp\/v2\/media?parent=162953"}],"wp:term":[{"taxonomy":"product_brand","embeddable":true,"href":"https:\/\/tpmadalina42.supserv.cozmoslabs.com\/fi\/wp-json\/wp\/v2\/product_brand?post=162953"},{"taxonomy":"product_cat","embeddable":true,"href":"https:\/\/tpmadalina42.supserv.cozmoslabs.com\/fi\/wp-json\/wp\/v2\/product_cat?post=162953"},{"taxonomy":"product_tag","embeddable":true,"href":"https:\/\/tpmadalina42.supserv.cozmoslabs.com\/fi\/wp-json\/wp\/v2\/product_tag?post=162953"}],"curies":[{"name":"wp","href":"https:\/\/api.w.org\/{rel}","templated":true}]}}