{"id":162964,"date":"2024-07-26T02:40:16","date_gmt":"2024-07-26T09:40:16","guid":{"rendered":"https:\/\/glandine.com\/product\/dolce-gabbana-eleganter-grauer-sicilia-anzug-aus-wollmischung\/"},"modified":"2024-11-29T22:46:25","modified_gmt":"2024-11-29T21:46:25","slug":"dolce-gabbana-eleganter-grauer-sicilia-anzug-aus-wollmischung","status":"publish","type":"product","link":"https:\/\/tpmadalina42.supserv.cozmoslabs.com\/fi\/tuote-2\/dolce-gabbana-eleganter-grauer-sicilia-anzug-aus-wollmischung\/","title":{"rendered":"Dolce &amp; Gabbana Eleganter Grauer Sicilia Anzug aus Wollmischung"},"content":{"rendered":"<p>Verstr\u00f6men Sie Raffinesse mit diesem tadellosen <strong>Dolce &amp; Gabbana Sicilia<\/strong> Anzug mit doppelreihigem Blazer und Weste. Dieser schmal geschnittene Anzug in einem eleganten Grauton wurde f\u00fcr den Mann entworfen, der Luxus und fachm\u00e4nnische Schneiderkunst zu sch\u00e4tzen wei\u00df, und garantiert einen polierten Look f\u00fcr jeden formellen Anlass. Das in Italien gefertigte Ensemble verspricht eine schmeichelhafte Silhouette und einen unverwechselbaren Stil, der auff\u00e4llt. Erleben Sie die Mischung aus hochwertigen Materialien und raffiniertem Design, die nur Dolce &amp; Gabbana bieten kann.<\/p>\n<ul>\n<li>V\u00e4ri: Harmaa<\/li>\n<li>Materiaali: 98% neitseellinen villa, 2% elastaani.<\/li>\n<li>Futter: 85% Seide, 15% Viskose<\/li>\n<li>Alkuper\u00e4maa: Italia<\/li>\n<li>Istuvuus: Kapea istuvuus<\/li>\n<li>Stil: Spitzes Revers, Zweireiher<\/li>\n<li>Logon yksityiskohdat<\/li>\n<\/ul>","protected":false},"excerpt":{"rendered":"<p>Verstr\u00f6men Sie Raffinesse mit diesem tadellosen Dolce &amp; Gabbana Sicilia Anzug mit doppelreihigem Blazer und Weste. Dieser schmal geschnittene Anzug in einem eleganten Grauton wurde f\u00fcr den Mann entworfen, der Luxus und fachm\u00e4nnische Schneiderkunst zu sch\u00e4tzen wei\u00df, und garantiert einen polierten Look f\u00fcr jeden formellen Anlass. Das in Italien gefertigte Ensemble verspricht eine schmeichelhafte Silhouette [&hellip;]<\/p>","protected":false},"featured_media":162956,"template":"","meta":[],"product_brand":[1620],"product_cat":[1653,1633,1623],"product_tag":[],"class_list":{"0":"post-162964","1":"product","2":"type-product","3":"status-publish","4":"has-post-thumbnail","6":"product_brand-dolce-gabbana","7":"product_cat-blazers","8":"product_cat-maenner-kleidung","9":"product_cat-kleidung","11":"first","12":"instock","13":"sale","14":"taxable","15":"shipping-taxable","16":"purchasable","17":"product-type-variable"},"_links":{"self":[{"href":"https:\/\/tpmadalina42.supserv.cozmoslabs.com\/fi\/wp-json\/wp\/v2\/product\/162964","targetHints":{"allow":["GET"]}}],"collection":[{"href":"https:\/\/tpmadalina42.supserv.cozmoslabs.com\/fi\/wp-json\/wp\/v2\/product"}],"about":[{"href":"https:\/\/tpmadalina42.supserv.cozmoslabs.com\/fi\/wp-json\/wp\/v2\/types\/product"}],"wp:featuredmedia":[{"embeddable":true,"href":"https:\/\/tpmadalina42.supserv.cozmoslabs.com\/fi\/wp-json\/wp\/v2\/media\/162956"}],"wp:attachment":[{"href":"https:\/\/tpmadalina42.supserv.cozmoslabs.com\/fi\/wp-json\/wp\/v2\/media?parent=162964"}],"wp:term":[{"taxonomy":"product_brand","embeddable":true,"href":"https:\/\/tpmadalina42.supserv.cozmoslabs.com\/fi\/wp-json\/wp\/v2\/product_brand?post=162964"},{"taxonomy":"product_cat","embeddable":true,"href":"https:\/\/tpmadalina42.supserv.cozmoslabs.com\/fi\/wp-json\/wp\/v2\/product_cat?post=162964"},{"taxonomy":"product_tag","embeddable":true,"href":"https:\/\/tpmadalina42.supserv.cozmoslabs.com\/fi\/wp-json\/wp\/v2\/product_tag?post=162964"}],"curies":[{"name":"wp","href":"https:\/\/api.w.org\/{rel}","templated":true}]}}