{"id":164808,"date":"2024-07-26T03:32:07","date_gmt":"2024-07-26T10:32:07","guid":{"rendered":"https:\/\/glandine.com\/product\/dolce-gabbana-elegantes-italienisches-hemd-aus-weisser-baumwolle\/"},"modified":"2024-11-29T23:13:48","modified_gmt":"2024-11-29T22:13:48","slug":"dolce-gabbana-elegantes-italienisches-hemd-aus-weisser-baumwolle","status":"publish","type":"product","link":"https:\/\/tpmadalina42.supserv.cozmoslabs.com\/fi\/tuote-2\/dolce-gabbana-elegantes-italienisches-hemd-aus-weisser-baumwolle\/","title":{"rendered":"Dolce &amp; Gabbana Elegantes italienisches Hemd aus wei\u00dfer Baumwolle"},"content":{"rendered":"<p>Verstr\u00f6men Sie Raffinesse und Eleganz mit einem makellosen wei\u00dfen Baumwollhemd von Dolce &amp; Gabbana. Dieses 100% authentische Hemd verf\u00fcgt \u00fcber eine durchgehende Knopfleiste und das Logo der Kultmarke. Sein klassisches Design und die hochwertige italienische Handwerkskunst machen es zu einer vielseitigen Erg\u00e4nzung f\u00fcr jede Garderobe, perfekt f\u00fcr legere oder formellere Anl\u00e4sse. Das Hemd ist aus feinster 100%iger Baumwolle gefertigt und verspricht Komfort und Haltbarkeit. <\/p>\n<p>Das in Italien gefertigte Hemd besticht durch seine exquisite Verarbeitung und die Liebe zum Detail, die sich in jeder Naht zeigt. Erh\u00f6hen Sie Ihren Stil mit diesem zeitlosen Modest\u00fcck.<\/p>\n<ul>\n<li>Materiaali: 100% puuvilla<\/li>\n<li>V\u00e4ri: Valkoinen<\/li>\n<li>Alkuper\u00e4maa: IT<\/li>\n<\/ul>","protected":false},"excerpt":{"rendered":"<p>Verstr\u00f6men Sie Raffinesse und Eleganz mit einem makellosen wei\u00dfen Baumwollhemd von Dolce &amp; Gabbana. Dieses 100% authentische Hemd verf\u00fcgt \u00fcber eine durchgehende Knopfleiste und das Logo der Kultmarke. Sein klassisches Design und die hochwertige italienische Handwerkskunst machen es zu einer vielseitigen Erg\u00e4nzung f\u00fcr jede Garderobe, perfekt f\u00fcr legere oder formellere Anl\u00e4sse. Das Hemd ist aus [&hellip;]<\/p>","protected":false},"featured_media":164803,"template":"","meta":[],"product_brand":[1620],"product_cat":[1695,1633,1623],"product_tag":[],"class_list":{"0":"post-164808","1":"product","2":"type-product","3":"status-publish","4":"has-post-thumbnail","6":"product_brand-dolce-gabbana","7":"product_cat-hemden","8":"product_cat-maenner-kleidung","9":"product_cat-kleidung","11":"first","12":"instock","13":"sale","14":"taxable","15":"shipping-taxable","16":"purchasable","17":"product-type-variable"},"_links":{"self":[{"href":"https:\/\/tpmadalina42.supserv.cozmoslabs.com\/fi\/wp-json\/wp\/v2\/product\/164808","targetHints":{"allow":["GET"]}}],"collection":[{"href":"https:\/\/tpmadalina42.supserv.cozmoslabs.com\/fi\/wp-json\/wp\/v2\/product"}],"about":[{"href":"https:\/\/tpmadalina42.supserv.cozmoslabs.com\/fi\/wp-json\/wp\/v2\/types\/product"}],"wp:featuredmedia":[{"embeddable":true,"href":"https:\/\/tpmadalina42.supserv.cozmoslabs.com\/fi\/wp-json\/wp\/v2\/media\/164803"}],"wp:attachment":[{"href":"https:\/\/tpmadalina42.supserv.cozmoslabs.com\/fi\/wp-json\/wp\/v2\/media?parent=164808"}],"wp:term":[{"taxonomy":"product_brand","embeddable":true,"href":"https:\/\/tpmadalina42.supserv.cozmoslabs.com\/fi\/wp-json\/wp\/v2\/product_brand?post=164808"},{"taxonomy":"product_cat","embeddable":true,"href":"https:\/\/tpmadalina42.supserv.cozmoslabs.com\/fi\/wp-json\/wp\/v2\/product_cat?post=164808"},{"taxonomy":"product_tag","embeddable":true,"href":"https:\/\/tpmadalina42.supserv.cozmoslabs.com\/fi\/wp-json\/wp\/v2\/product_tag?post=164808"}],"curies":[{"name":"wp","href":"https:\/\/api.w.org\/{rel}","templated":true}]}}