{"id":164917,"date":"2024-07-26T03:36:05","date_gmt":"2024-07-26T10:36:05","guid":{"rendered":"https:\/\/glandine.com\/product\/dolce-gabbana-eleganter-martini-anzug-aus-schwarzer-wolle\/"},"modified":"2024-11-29T04:03:58","modified_gmt":"2024-11-29T03:03:58","slug":"dolce-gabbana-eleganter-martini-anzug-aus-schwarzer-wolle","status":"publish","type":"product","link":"https:\/\/tpmadalina42.supserv.cozmoslabs.com\/fi\/tuote-2\/dolce-gabbana-eleganter-martini-anzug-aus-schwarzer-wolle\/","title":{"rendered":"Dolce &amp; Gabbana Eleganter Martini-Anzug aus schwarzer Wolle"},"content":{"rendered":"<p>Entdecken Sie den Inbegriff von Raffinesse mit diesem schwarzen zweiteiligen Anzug <strong>Kirjailija: Dolce &amp; Gabbana<\/strong> Martini. Mit seiner sorgf\u00e4ltigen italienischen Handwerkskunst ist dieses Ensemble perfekt f\u00fcr den Mann, der Eleganz und eine schlanke Passform sucht. Der Anzug besteht aus einem scharf geschnittenen Blazer mit eingekerbtem Revers, einer Brusttasche, seitlichen Pattentaschen, Knopfmanschetten und einem einzigen hinteren Schlitz f\u00fcr mehr Bewegungsfreiheit. Die Hose mit mittlerer Leibh\u00f6he, Knopf- und Rei\u00dfverschluss am Hosenschlitz und einem Bund mit G\u00fcrtelschlaufen vervollst\u00e4ndigt das Set. Die schlanke Silhouette wird durch einen Zwei-Knopf-Verschluss erg\u00e4nzt und bietet eine zeitlose \u00c4sthetik f\u00fcr jeden formellen Anlass.<\/p>\n<ul>\n<li>V\u00e4ri: Musta<\/li>\n<li>Materiaali: 100% neitsytvilla<\/li>\n<li>Futter: 70% Viskose, 30% Cupro<\/li>\n<li>Passform: Schlanke Passform<\/li>\n<li>Verschluss: Blazer mit zwei Kn\u00f6pfen; Hose mit 3-Wege-Rei\u00dfverschluss<\/li>\n<li>Alkuper\u00e4maa: IT<\/li>\n<li>Drei Innentaschen<\/li>\n<li>Logon yksityiskohdat<\/li>\n<li>Ein offener Schlitz auf der R\u00fcckseite<\/li>\n<\/ul>","protected":false},"excerpt":{"rendered":"<p>Entdecken Sie den Inbegriff von Raffinesse mit diesem schwarzen zweiteiligen Anzug von Dolce &amp; Gabbana Martini. Mit seiner sorgf\u00e4ltigen italienischen Handwerkskunst ist dieses Ensemble perfekt f\u00fcr den Mann, der Eleganz und eine schlanke Passform sucht. Der Anzug besteht aus einem scharf geschnittenen Blazer mit eingekerbtem Revers, einer Brusttasche, seitlichen Pattentaschen, Knopfmanschetten und einem einzigen hinteren [&hellip;]<\/p>","protected":false},"featured_media":164909,"template":"","meta":[],"product_brand":[1620],"product_cat":[1705,1633,1623],"product_tag":[],"class_list":{"0":"post-164917","1":"product","2":"type-product","3":"status-publish","4":"has-post-thumbnail","6":"product_brand-dolce-gabbana","7":"product_cat-anzuege","8":"product_cat-maenner-kleidung","9":"product_cat-kleidung","11":"first","12":"instock","13":"sale","14":"taxable","15":"shipping-taxable","16":"purchasable","17":"product-type-variable"},"_links":{"self":[{"href":"https:\/\/tpmadalina42.supserv.cozmoslabs.com\/fi\/wp-json\/wp\/v2\/product\/164917","targetHints":{"allow":["GET"]}}],"collection":[{"href":"https:\/\/tpmadalina42.supserv.cozmoslabs.com\/fi\/wp-json\/wp\/v2\/product"}],"about":[{"href":"https:\/\/tpmadalina42.supserv.cozmoslabs.com\/fi\/wp-json\/wp\/v2\/types\/product"}],"wp:featuredmedia":[{"embeddable":true,"href":"https:\/\/tpmadalina42.supserv.cozmoslabs.com\/fi\/wp-json\/wp\/v2\/media\/164909"}],"wp:attachment":[{"href":"https:\/\/tpmadalina42.supserv.cozmoslabs.com\/fi\/wp-json\/wp\/v2\/media?parent=164917"}],"wp:term":[{"taxonomy":"product_brand","embeddable":true,"href":"https:\/\/tpmadalina42.supserv.cozmoslabs.com\/fi\/wp-json\/wp\/v2\/product_brand?post=164917"},{"taxonomy":"product_cat","embeddable":true,"href":"https:\/\/tpmadalina42.supserv.cozmoslabs.com\/fi\/wp-json\/wp\/v2\/product_cat?post=164917"},{"taxonomy":"product_tag","embeddable":true,"href":"https:\/\/tpmadalina42.supserv.cozmoslabs.com\/fi\/wp-json\/wp\/v2\/product_tag?post=164917"}],"curies":[{"name":"wp","href":"https:\/\/api.w.org\/{rel}","templated":true}]}}