{"id":164933,"date":"2024-07-26T03:36:45","date_gmt":"2024-07-26T10:36:45","guid":{"rendered":"https:\/\/glandine.com\/product\/dolce-gabbana-elegante-gestreifte-zweireihige-kleiderweste\/"},"modified":"2024-11-29T04:04:12","modified_gmt":"2024-11-29T03:04:12","slug":"dolce-gabbana-elegante-gestreifte-zweireihige-kleiderweste","status":"publish","type":"product","link":"https:\/\/tpmadalina42.supserv.cozmoslabs.com\/fi\/tuote-2\/dolce-gabbana-elegante-gestreifte-zweireihige-kleiderweste\/","title":{"rendered":"Dolce &amp; Gabbana Elegante gestreifte zweireihige Kleiderweste"},"content":{"rendered":"<p>Tauchen Sie ein in den Inbegriff von Raffinesse mit dieser exquisiten doppelreihigen Weste aus dem renommierten Modehaus Dolce &amp; Gabbana. Perfekt f\u00fcr formelle Anl\u00e4sse, kombiniert dieses St\u00fcck Luxus mit zeitlosem Stil, mit einem charmanten schwarzen und grauen Streifenmuster, das ein Statement setzt. Die Qualit\u00e4t dieser in Italien gefertigten Weste zeigt sich in der Liebe zum Detail und der luxuri\u00f6sen Materialmischung, die f\u00fcr Komfort und eine elegante Silhouette sorgt.<\/p>\n<ul>\n<li>V\u00e4ri: musta ja harmaa<\/li>\n<li>Material: 42% Schurwolle, 26% Polyester, 14% Viskose, 13% Nylon, 5% Elasthan<\/li>\n<li>Futter: 100% Seide<\/li>\n<li>Alkuper\u00e4maa: Italia<\/li>\n<\/ul>","protected":false},"excerpt":{"rendered":"<p>Tauchen Sie ein in den Inbegriff von Raffinesse mit dieser exquisiten doppelreihigen Weste aus dem renommierten Modehaus Dolce &amp; Gabbana. Perfekt f\u00fcr formelle Anl\u00e4sse, kombiniert dieses St\u00fcck Luxus mit zeitlosem Stil, mit einem charmanten schwarzen und grauen Streifenmuster, das ein Statement setzt. Die Qualit\u00e4t dieser in Italien gefertigten Weste zeigt sich in der Liebe zum [&hellip;]<\/p>","protected":false},"featured_media":164928,"template":"","meta":[],"product_brand":[1620],"product_cat":[1633,1623,1720],"product_tag":[],"class_list":{"0":"post-164933","1":"product","2":"type-product","3":"status-publish","4":"has-post-thumbnail","6":"product_brand-dolce-gabbana","7":"product_cat-maenner-kleidung","8":"product_cat-kleidung","9":"product_cat-schutzwesten-maenner-kleidung","11":"first","12":"instock","13":"sale","14":"taxable","15":"shipping-taxable","16":"purchasable","17":"product-type-variable"},"_links":{"self":[{"href":"https:\/\/tpmadalina42.supserv.cozmoslabs.com\/fi\/wp-json\/wp\/v2\/product\/164933","targetHints":{"allow":["GET"]}}],"collection":[{"href":"https:\/\/tpmadalina42.supserv.cozmoslabs.com\/fi\/wp-json\/wp\/v2\/product"}],"about":[{"href":"https:\/\/tpmadalina42.supserv.cozmoslabs.com\/fi\/wp-json\/wp\/v2\/types\/product"}],"wp:featuredmedia":[{"embeddable":true,"href":"https:\/\/tpmadalina42.supserv.cozmoslabs.com\/fi\/wp-json\/wp\/v2\/media\/164928"}],"wp:attachment":[{"href":"https:\/\/tpmadalina42.supserv.cozmoslabs.com\/fi\/wp-json\/wp\/v2\/media?parent=164933"}],"wp:term":[{"taxonomy":"product_brand","embeddable":true,"href":"https:\/\/tpmadalina42.supserv.cozmoslabs.com\/fi\/wp-json\/wp\/v2\/product_brand?post=164933"},{"taxonomy":"product_cat","embeddable":true,"href":"https:\/\/tpmadalina42.supserv.cozmoslabs.com\/fi\/wp-json\/wp\/v2\/product_cat?post=164933"},{"taxonomy":"product_tag","embeddable":true,"href":"https:\/\/tpmadalina42.supserv.cozmoslabs.com\/fi\/wp-json\/wp\/v2\/product_tag?post=164933"}],"curies":[{"name":"wp","href":"https:\/\/api.w.org\/{rel}","templated":true}]}}