{"id":165387,"date":"2024-07-26T03:57:47","date_gmt":"2024-07-26T10:57:47","guid":{"rendered":"https:\/\/glandine.com\/product\/dolce-gabbana-schlichter-navy-martini-slim-fit-wollblazer\/"},"modified":"2024-11-29T23:21:38","modified_gmt":"2024-11-29T22:21:38","slug":"dolce-gabbana-schlichter-navy-martini-slim-fit-wollblazer","status":"publish","type":"product","link":"https:\/\/tpmadalina42.supserv.cozmoslabs.com\/fi\/tuote-2\/dolce-gabbana-schlichter-navy-martini-slim-fit-wollblazer\/","title":{"rendered":"Dolce &amp; Gabbana Plain Navy Martini Slim Fit -villableiseri"},"content":{"rendered":"<p>Mit diesem absolut atemberaubenden, 100% authentischen Dolce &amp; Gabbana Martini Zwei-Knopf-Blazer sind Sie auf dem besten Weg zur Eleganz. Raffinesse und Stil sind m\u00fchelos in diesem wundersch\u00f6n geschneiderten St\u00fcck. Mit seinem Revers und der schlanken Passform ist dieser Blazer perfekt f\u00fcr den modernen Gentleman, der ein Statement in einem dunkelblauen Farbton setzen m\u00f6chte. Die italienische Handwerkskunst zeigt sich in jedem Detail, vom erlesenen Stoff bis zu den subtilen Logo-Akzenten, die sicherstellen, dass Sie nicht nur ein Kleidungsst\u00fcck, sondern ein Kunstwerk tragen. Made in Italy ist der Inbegriff von Luxusmode f\u00fcr alle, die das Beste zu sch\u00e4tzen wissen.<\/p>\n<ul>\n<li>V\u00e4ri: Sininen<\/li>\n<li>Material: 98% Schurwolle 2% Elastan<\/li>\n<li>Alkuper\u00e4maa: IT<\/li>\n<\/ul>","protected":false},"excerpt":{"rendered":"<p>Mit diesem absolut atemberaubenden, 100% authentischen Dolce &amp; Gabbana Martini Zwei-Knopf-Blazer sind Sie auf dem besten Weg zur Eleganz. Raffinesse und Stil sind m\u00fchelos in diesem wundersch\u00f6n geschneiderten St\u00fcck. Mit seinem Revers und der schlanken Passform ist dieser Blazer perfekt f\u00fcr den modernen Gentleman, der ein Statement in einem dunkelblauen Farbton setzen m\u00f6chte. Die italienische [&hellip;]<\/p>","protected":false},"featured_media":165381,"template":"","meta":[],"product_brand":[1620],"product_cat":[1653,1633,1623],"product_tag":[],"class_list":{"0":"post-165387","1":"product","2":"type-product","3":"status-publish","4":"has-post-thumbnail","6":"product_brand-dolce-gabbana","7":"product_cat-blazers","8":"product_cat-maenner-kleidung","9":"product_cat-kleidung","11":"first","12":"instock","13":"sale","14":"taxable","15":"shipping-taxable","16":"purchasable","17":"product-type-variable"},"_links":{"self":[{"href":"https:\/\/tpmadalina42.supserv.cozmoslabs.com\/fi\/wp-json\/wp\/v2\/product\/165387","targetHints":{"allow":["GET"]}}],"collection":[{"href":"https:\/\/tpmadalina42.supserv.cozmoslabs.com\/fi\/wp-json\/wp\/v2\/product"}],"about":[{"href":"https:\/\/tpmadalina42.supserv.cozmoslabs.com\/fi\/wp-json\/wp\/v2\/types\/product"}],"wp:featuredmedia":[{"embeddable":true,"href":"https:\/\/tpmadalina42.supserv.cozmoslabs.com\/fi\/wp-json\/wp\/v2\/media\/165381"}],"wp:attachment":[{"href":"https:\/\/tpmadalina42.supserv.cozmoslabs.com\/fi\/wp-json\/wp\/v2\/media?parent=165387"}],"wp:term":[{"taxonomy":"product_brand","embeddable":true,"href":"https:\/\/tpmadalina42.supserv.cozmoslabs.com\/fi\/wp-json\/wp\/v2\/product_brand?post=165387"},{"taxonomy":"product_cat","embeddable":true,"href":"https:\/\/tpmadalina42.supserv.cozmoslabs.com\/fi\/wp-json\/wp\/v2\/product_cat?post=165387"},{"taxonomy":"product_tag","embeddable":true,"href":"https:\/\/tpmadalina42.supserv.cozmoslabs.com\/fi\/wp-json\/wp\/v2\/product_tag?post=165387"}],"curies":[{"name":"wp","href":"https:\/\/api.w.org\/{rel}","templated":true}]}}