{"id":166774,"date":"2024-07-26T04:56:42","date_gmt":"2024-07-26T11:56:42","guid":{"rendered":"https:\/\/glandine.com\/product\/dolce-gabbana-elegantes-gestreiftes-minikleid-aus-seide-in-a-linie\/"},"modified":"2024-11-29T23:56:08","modified_gmt":"2024-11-29T22:56:08","slug":"dolce-gabbana-elegantes-gestreiftes-minikleid-aus-seide-in-a-linie","status":"publish","type":"product","link":"https:\/\/tpmadalina42.supserv.cozmoslabs.com\/fi\/tuote-2\/dolce-gabbana-elegantes-gestreiftes-minikleid-aus-seide-in-a-linie\/","title":{"rendered":"Dolce &amp; Gabbana Elegantti raidallinen silkki A-linjainen minimekko"},"content":{"rendered":"<p>Gehen Sie stilvoll aus mit diesem umwerfenden, brandneuen A-Linien-Minikleid von Dolce &amp; Gabbana. Mit seinen auff\u00e4lligen wei\u00dfen und roten Streifen ist dieses Kleid ein Zeugnis f\u00fcr tadellosen Geschmack und hohe Handwerkskunst, made in Italy. Elegant, mit einem Hauch von Verspieltheit, ist es perfekt f\u00fcr jeden Anlass, bei dem Sie einen bleibenden Eindruck hinterlassen wollen. Das luxuri\u00f6se Material aus 100 % Seide sorgt f\u00fcr einen weichen, bequemen Sitz, w\u00e4hrend der Rei\u00dfverschluss auf der R\u00fcckseite ein praktisches Element zu diesem herrlichen Design hinzuf\u00fcgt.<\/p>\n<ul>\n<li>V\u00e4ri: punainen<\/li>\n<li>Materiaali: 100% silkki<\/li>\n<li>Alkuper\u00e4maa: IT<\/li>\n<\/ul>","protected":false},"excerpt":{"rendered":"<p>Gehen Sie stilvoll aus mit diesem umwerfenden, brandneuen A-Linien-Minikleid von Dolce &amp; Gabbana. Mit seinen auff\u00e4lligen wei\u00dfen und roten Streifen ist dieses Kleid ein Zeugnis f\u00fcr tadellosen Geschmack und hohe Handwerkskunst, made in Italy. Elegant, mit einem Hauch von Verspieltheit, ist es perfekt f\u00fcr jeden Anlass, bei dem Sie einen bleibenden Eindruck hinterlassen wollen. Das [&hellip;]<\/p>","protected":false},"featured_media":166770,"template":"","meta":[],"product_brand":[1620],"product_cat":[1637,1659,1623],"product_tag":[],"class_list":{"0":"post-166774","1":"product","2":"type-product","3":"status-publish","4":"has-post-thumbnail","6":"product_brand-dolce-gabbana","7":"product_cat-frauen-kleidung","8":"product_cat-kleider","9":"product_cat-kleidung","11":"first","12":"instock","13":"sale","14":"taxable","15":"shipping-taxable","16":"purchasable","17":"product-type-variable"},"_links":{"self":[{"href":"https:\/\/tpmadalina42.supserv.cozmoslabs.com\/fi\/wp-json\/wp\/v2\/product\/166774","targetHints":{"allow":["GET"]}}],"collection":[{"href":"https:\/\/tpmadalina42.supserv.cozmoslabs.com\/fi\/wp-json\/wp\/v2\/product"}],"about":[{"href":"https:\/\/tpmadalina42.supserv.cozmoslabs.com\/fi\/wp-json\/wp\/v2\/types\/product"}],"wp:featuredmedia":[{"embeddable":true,"href":"https:\/\/tpmadalina42.supserv.cozmoslabs.com\/fi\/wp-json\/wp\/v2\/media\/166770"}],"wp:attachment":[{"href":"https:\/\/tpmadalina42.supserv.cozmoslabs.com\/fi\/wp-json\/wp\/v2\/media?parent=166774"}],"wp:term":[{"taxonomy":"product_brand","embeddable":true,"href":"https:\/\/tpmadalina42.supserv.cozmoslabs.com\/fi\/wp-json\/wp\/v2\/product_brand?post=166774"},{"taxonomy":"product_cat","embeddable":true,"href":"https:\/\/tpmadalina42.supserv.cozmoslabs.com\/fi\/wp-json\/wp\/v2\/product_cat?post=166774"},{"taxonomy":"product_tag","embeddable":true,"href":"https:\/\/tpmadalina42.supserv.cozmoslabs.com\/fi\/wp-json\/wp\/v2\/product_tag?post=166774"}],"curies":[{"name":"wp","href":"https:\/\/api.w.org\/{rel}","templated":true}]}}