{"id":166926,"date":"2024-07-26T05:03:56","date_gmt":"2024-07-26T12:03:56","guid":{"rendered":"https:\/\/glandine.com\/product\/dolce-gabbana-schicke-silber-pailletten-jacke-mantel\/"},"modified":"2024-11-29T23:59:23","modified_gmt":"2024-11-29T22:59:23","slug":"dolce-gabbana-schicke-silber-pailletten-jacke-mantel","status":"publish","type":"product","link":"https:\/\/tpmadalina42.supserv.cozmoslabs.com\/fi\/tuote-2\/dolce-gabbana-schicke-silber-pailletten-jacke-mantel\/","title":{"rendered":"Dolce &amp; Gabbana Chic hopeinen paljettitakki takki takki"},"content":{"rendered":"<p>Peppen Sie Ihre Garderobe mit dieser atemberaubenden neuen Jacke von Dolce &amp; Gabbana auf. Mit funkelnden Pailletten verziert, zieht dieses St\u00fcck mit seiner tadellosen Verarbeitung und seinem luxuri\u00f6sen Touch garantiert alle Blicke auf sich. Es ist nicht irgendeine Jacke, es ist ein Statement f\u00fcr Stil, Eleganz und Exklusivit\u00e4t. Perfekt f\u00fcr den Abend oder gehobene Veranstaltungen ist diese Jacke ein Meisterwerk der Mode. Diese in Italien gefertigte Kreation von Dolce &amp; Gabbana ist ein Beweis f\u00fcr die Hingabe der Marke zu High-End-Qualit\u00e4t und Design.<\/p>\n<ul>\n<li>V\u00e4ri: hopea<\/li>\n<li>Verzierung: Pailletten<\/li>\n<li>Materiaali: 100% nylon<\/li>\n<li>Alkuper\u00e4maa: IT<\/li>\n<li>Logon yksityiskohdat<\/li>\n<\/ul>","protected":false},"excerpt":{"rendered":"<p>Peppen Sie Ihre Garderobe mit dieser atemberaubenden neuen Jacke von Dolce &amp; Gabbana auf. Mit funkelnden Pailletten verziert, zieht dieses St\u00fcck mit seiner tadellosen Verarbeitung und seinem luxuri\u00f6sen Touch garantiert alle Blicke auf sich. Es ist nicht irgendeine Jacke, es ist ein Statement f\u00fcr Stil, Eleganz und Exklusivit\u00e4t. Perfekt f\u00fcr den Abend oder gehobene Veranstaltungen [&hellip;]<\/p>","protected":false},"featured_media":166922,"template":"","meta":[],"product_brand":[1620],"product_cat":[1637,1670,1623],"product_tag":[],"class_list":{"0":"post-166926","1":"product","2":"type-product","3":"status-publish","4":"has-post-thumbnail","6":"product_brand-dolce-gabbana","7":"product_cat-frauen-kleidung","8":"product_cat-jacken-maentel","9":"product_cat-kleidung","11":"first","12":"instock","13":"sale","14":"taxable","15":"shipping-taxable","16":"purchasable","17":"product-type-variable"},"_links":{"self":[{"href":"https:\/\/tpmadalina42.supserv.cozmoslabs.com\/fi\/wp-json\/wp\/v2\/product\/166926","targetHints":{"allow":["GET"]}}],"collection":[{"href":"https:\/\/tpmadalina42.supserv.cozmoslabs.com\/fi\/wp-json\/wp\/v2\/product"}],"about":[{"href":"https:\/\/tpmadalina42.supserv.cozmoslabs.com\/fi\/wp-json\/wp\/v2\/types\/product"}],"wp:featuredmedia":[{"embeddable":true,"href":"https:\/\/tpmadalina42.supserv.cozmoslabs.com\/fi\/wp-json\/wp\/v2\/media\/166922"}],"wp:attachment":[{"href":"https:\/\/tpmadalina42.supserv.cozmoslabs.com\/fi\/wp-json\/wp\/v2\/media?parent=166926"}],"wp:term":[{"taxonomy":"product_brand","embeddable":true,"href":"https:\/\/tpmadalina42.supserv.cozmoslabs.com\/fi\/wp-json\/wp\/v2\/product_brand?post=166926"},{"taxonomy":"product_cat","embeddable":true,"href":"https:\/\/tpmadalina42.supserv.cozmoslabs.com\/fi\/wp-json\/wp\/v2\/product_cat?post=166926"},{"taxonomy":"product_tag","embeddable":true,"href":"https:\/\/tpmadalina42.supserv.cozmoslabs.com\/fi\/wp-json\/wp\/v2\/product_tag?post=166926"}],"curies":[{"name":"wp","href":"https:\/\/api.w.org\/{rel}","templated":true}]}}