{"id":167025,"date":"2024-07-26T05:08:45","date_gmt":"2024-07-26T12:08:45","guid":{"rendered":"https:\/\/glandine.com\/product\/dolce-gabbana-eleganter-plissierter-midirock-mit-hoher-taille\/"},"modified":"2024-11-30T00:03:34","modified_gmt":"2024-11-29T23:03:34","slug":"dolce-gabbana-eleganter-plissierter-midirock-mit-hoher-taille","status":"publish","type":"product","link":"https:\/\/tpmadalina42.supserv.cozmoslabs.com\/fi\/tuote-2\/dolce-gabbana-eleganter-plissierter-midirock-mit-hoher-taille\/","title":{"rendered":"Dolce &amp; Gabbana Eleganter plissierter Midirock mit hoher Taille"},"content":{"rendered":"<p>Entdecken Sie unvergleichliche Eleganz mit diesem exquisiten Midirock aus dem gesch\u00e4tzten Hause Dolce &amp; Gabbana. Eine perfekte Mischung aus zeitlosem Stil und Raffinesse. Dieser wundersch\u00f6ne Rock ist brandneu mit Etikett und verspricht 100%ige Authentizit\u00e4t. Er wurde mit gro\u00dfer Sorgfalt gefertigt und hat eine hohe Taille, die durch feine Falten einen anmutigen Fluss erzeugt. Der satte, dunkelgr\u00fcne Farbton verleiht jedem Ensemble einen Hauch von erdigem Charme, w\u00e4hrend der elegante Rei\u00dfverschluss f\u00fcr einen sicheren und schmeichelhaften Sitz sorgt. Dieses in Italien gefertigte Kleidungsst\u00fcck ist eine Ode an die Luxusmode. Treten Sie ins Rampenlicht mit dieser atemberaubenden Kreation von Dolce &amp; Gabbana, die schicke Weiblichkeit verk\u00f6rpert.<\/p>\n<ul>\n<li>V\u00e4ri: Vihre\u00e4<\/li>\n<li>Materiaali: 100% viskoosi<\/li>\n<li>Alkuper\u00e4maa: Italia<\/li>\n<li>Vetoketjukiinnitys<\/li>\n<li>Logon yksityiskohdat<\/li>\n<\/ul>","protected":false},"excerpt":{"rendered":"<p>Entdecken Sie unvergleichliche Eleganz mit diesem exquisiten Midirock aus dem gesch\u00e4tzten Hause Dolce &amp; Gabbana. Eine perfekte Mischung aus zeitlosem Stil und Raffinesse. Dieser wundersch\u00f6ne Rock ist brandneu mit Etikett und verspricht 100%ige Authentizit\u00e4t. Er wurde mit gro\u00dfer Sorgfalt gefertigt und hat eine hohe Taille, die durch feine Falten einen anmutigen Fluss erzeugt. Der satte, [&hellip;]<\/p>","protected":false},"featured_media":167022,"template":"","meta":[],"product_brand":[1620],"product_cat":[1637,1623,1699],"product_tag":[],"class_list":{"0":"post-167025","1":"product","2":"type-product","3":"status-publish","4":"has-post-thumbnail","6":"product_brand-dolce-gabbana","7":"product_cat-frauen-kleidung","8":"product_cat-kleidung","9":"product_cat-roecke","11":"first","12":"instock","13":"sale","14":"taxable","15":"shipping-taxable","16":"purchasable","17":"product-type-variable"},"_links":{"self":[{"href":"https:\/\/tpmadalina42.supserv.cozmoslabs.com\/fi\/wp-json\/wp\/v2\/product\/167025","targetHints":{"allow":["GET"]}}],"collection":[{"href":"https:\/\/tpmadalina42.supserv.cozmoslabs.com\/fi\/wp-json\/wp\/v2\/product"}],"about":[{"href":"https:\/\/tpmadalina42.supserv.cozmoslabs.com\/fi\/wp-json\/wp\/v2\/types\/product"}],"wp:featuredmedia":[{"embeddable":true,"href":"https:\/\/tpmadalina42.supserv.cozmoslabs.com\/fi\/wp-json\/wp\/v2\/media\/167022"}],"wp:attachment":[{"href":"https:\/\/tpmadalina42.supserv.cozmoslabs.com\/fi\/wp-json\/wp\/v2\/media?parent=167025"}],"wp:term":[{"taxonomy":"product_brand","embeddable":true,"href":"https:\/\/tpmadalina42.supserv.cozmoslabs.com\/fi\/wp-json\/wp\/v2\/product_brand?post=167025"},{"taxonomy":"product_cat","embeddable":true,"href":"https:\/\/tpmadalina42.supserv.cozmoslabs.com\/fi\/wp-json\/wp\/v2\/product_cat?post=167025"},{"taxonomy":"product_tag","embeddable":true,"href":"https:\/\/tpmadalina42.supserv.cozmoslabs.com\/fi\/wp-json\/wp\/v2\/product_tag?post=167025"}],"curies":[{"name":"wp","href":"https:\/\/api.w.org\/{rel}","templated":true}]}}