{"id":167041,"date":"2024-07-26T05:09:11","date_gmt":"2024-07-26T12:09:11","guid":{"rendered":"https:\/\/glandine.com\/product\/dolce-gabbana-schicker-bleistiftrock-mit-hoher-taille-in-schwarz\/"},"modified":"2024-11-30T00:03:43","modified_gmt":"2024-11-29T23:03:43","slug":"dolce-gabbana-schicker-bleistiftrock-mit-hoher-taille-in-schwarz","status":"publish","type":"product","link":"https:\/\/tpmadalina42.supserv.cozmoslabs.com\/fi\/tuote-2\/dolce-gabbana-schicker-bleistiftrock-mit-hoher-taille-in-schwarz\/","title":{"rendered":"Dolce &amp; Gabbana Schicker Bleistiftrock mit hoher Taille in Schwarz"},"content":{"rendered":"<p>Tauchen Sie ein in die Welt des Luxus mit diesem eleganten Bleistiftrock mit hoher Taille von Dolce &amp; Gabbana. Dieser in Italien gefertigte, knielange Rock ist ein zeitloses Modell, das Ihre Silhouette akzentuiert. Sein schlankes Design verf\u00fcgt \u00fcber einen bequemen Rei\u00dfverschluss und einen Knopfverschluss auf der R\u00fcckseite, der f\u00fcr eine perfekte Passform sorgt, die gleicherma\u00dfen funktionell und modisch ist. Stellen Sie sich die Raffinesse von Schwarz gepaart mit den kultigen Logodetails der Marke vor &#8211; das Zeichen f\u00fcr echte Designermode.<\/p>\n<ul>\n<li>V\u00e4ri: Musta<\/li>\n<li>Material: 54% Viskose, 43% Acetat, 3% Elasthan<\/li>\n<li>Futter: 87% Cupro, 13% Elastan<\/li>\n<li>Alkuper\u00e4maa: Italia<\/li>\n<\/ul>","protected":false},"excerpt":{"rendered":"<p>Tauchen Sie ein in die Welt des Luxus mit diesem eleganten Bleistiftrock mit hoher Taille von Dolce &amp; Gabbana. Dieser in Italien gefertigte, knielange Rock ist ein zeitloses Modell, das Ihre Silhouette akzentuiert. Sein schlankes Design verf\u00fcgt \u00fcber einen bequemen Rei\u00dfverschluss und einen Knopfverschluss auf der R\u00fcckseite, der f\u00fcr eine perfekte Passform sorgt, die gleicherma\u00dfen [&hellip;]<\/p>","protected":false},"featured_media":167038,"template":"","meta":[],"product_brand":[1620],"product_cat":[1637,1623,1699],"product_tag":[],"class_list":{"0":"post-167041","1":"product","2":"type-product","3":"status-publish","4":"has-post-thumbnail","6":"product_brand-dolce-gabbana","7":"product_cat-frauen-kleidung","8":"product_cat-kleidung","9":"product_cat-roecke","11":"first","12":"instock","13":"sale","14":"taxable","15":"shipping-taxable","16":"purchasable","17":"product-type-variable"},"_links":{"self":[{"href":"https:\/\/tpmadalina42.supserv.cozmoslabs.com\/fi\/wp-json\/wp\/v2\/product\/167041","targetHints":{"allow":["GET"]}}],"collection":[{"href":"https:\/\/tpmadalina42.supserv.cozmoslabs.com\/fi\/wp-json\/wp\/v2\/product"}],"about":[{"href":"https:\/\/tpmadalina42.supserv.cozmoslabs.com\/fi\/wp-json\/wp\/v2\/types\/product"}],"wp:featuredmedia":[{"embeddable":true,"href":"https:\/\/tpmadalina42.supserv.cozmoslabs.com\/fi\/wp-json\/wp\/v2\/media\/167038"}],"wp:attachment":[{"href":"https:\/\/tpmadalina42.supserv.cozmoslabs.com\/fi\/wp-json\/wp\/v2\/media?parent=167041"}],"wp:term":[{"taxonomy":"product_brand","embeddable":true,"href":"https:\/\/tpmadalina42.supserv.cozmoslabs.com\/fi\/wp-json\/wp\/v2\/product_brand?post=167041"},{"taxonomy":"product_cat","embeddable":true,"href":"https:\/\/tpmadalina42.supserv.cozmoslabs.com\/fi\/wp-json\/wp\/v2\/product_cat?post=167041"},{"taxonomy":"product_tag","embeddable":true,"href":"https:\/\/tpmadalina42.supserv.cozmoslabs.com\/fi\/wp-json\/wp\/v2\/product_tag?post=167041"}],"curies":[{"name":"wp","href":"https:\/\/api.w.org\/{rel}","templated":true}]}}