{"id":167077,"date":"2024-07-26T05:10:42","date_gmt":"2024-07-26T12:10:42","guid":{"rendered":"https:\/\/glandine.com\/product\/dolce-gabbana-elegante-schwarze-cargo-cord-hose\/"},"modified":"2024-11-30T00:04:28","modified_gmt":"2024-11-29T23:04:28","slug":"dolce-gabbana-elegante-schwarze-cargo-cord-hose","status":"publish","type":"product","link":"https:\/\/tpmadalina42.supserv.cozmoslabs.com\/fi\/tuote-2\/dolce-gabbana-elegante-schwarze-cargo-cord-hose\/","title":{"rendered":"Dolce &amp; Gabbana Elegantit mustat cargo-kordhousut"},"content":{"rendered":"<p>Umarmen Sie den Inbegriff von italienischem Luxus mit dieser <strong>Dolce &amp; Gabbana<\/strong> Cargo-Cordhose. Diese Hose ist brandneu mit Etikett, um sicherzustellen, dass Sie ein tadelloses, 100% authentisches Produkt erhalten. Die Mischung aus Baumwolle und Nylon bietet eine bequeme regul\u00e4re Passform, perfekt f\u00fcr einen raffinierten und dennoch l\u00e4ssigen Look. Eine exquisite Erg\u00e4nzung Ihrer Garderobe, die modisches Feingef\u00fchl mit Praktikabilit\u00e4t verbindet.<\/p>\n<ul>\n<li>V\u00e4ri: Musta<\/li>\n<li>Material: 69% Baumwolle 31% Nylon<\/li>\n<li>Istuvuus: Normaali istuvuus<\/li>\n<li>Rei\u00dfverschluss und Knopfverschluss<\/li>\n<li>Logon yksityiskohdat<\/li>\n<li>Valmistettu Italiassa<\/li>\n<li>Alkuper\u00e4maa: IT<\/li>\n<\/ul>","protected":false},"excerpt":{"rendered":"<p>Umarmen Sie den Inbegriff von italienischem Luxus mit dieser Dolce &amp; Gabbana Cargo-Cordhose. Diese Hose ist brandneu mit Etikett, um sicherzustellen, dass Sie ein tadelloses, 100% authentisches Produkt erhalten. Die Mischung aus Baumwolle und Nylon bietet eine bequeme regul\u00e4re Passform, perfekt f\u00fcr einen raffinierten und dennoch l\u00e4ssigen Look. Eine exquisite Erg\u00e4nzung Ihrer Garderobe, die modisches [&hellip;]<\/p>","protected":false},"featured_media":167074,"template":"","meta":[],"product_brand":[1620],"product_cat":[1633,1671,1623],"product_tag":[],"class_list":{"0":"post-167077","1":"product","2":"type-product","3":"status-publish","4":"has-post-thumbnail","6":"product_brand-dolce-gabbana","7":"product_cat-maenner-kleidung","8":"product_cat-jeans-hosen","9":"product_cat-kleidung","11":"first","12":"instock","13":"sale","14":"taxable","15":"shipping-taxable","16":"purchasable","17":"product-type-variable"},"_links":{"self":[{"href":"https:\/\/tpmadalina42.supserv.cozmoslabs.com\/fi\/wp-json\/wp\/v2\/product\/167077","targetHints":{"allow":["GET"]}}],"collection":[{"href":"https:\/\/tpmadalina42.supserv.cozmoslabs.com\/fi\/wp-json\/wp\/v2\/product"}],"about":[{"href":"https:\/\/tpmadalina42.supserv.cozmoslabs.com\/fi\/wp-json\/wp\/v2\/types\/product"}],"wp:featuredmedia":[{"embeddable":true,"href":"https:\/\/tpmadalina42.supserv.cozmoslabs.com\/fi\/wp-json\/wp\/v2\/media\/167074"}],"wp:attachment":[{"href":"https:\/\/tpmadalina42.supserv.cozmoslabs.com\/fi\/wp-json\/wp\/v2\/media?parent=167077"}],"wp:term":[{"taxonomy":"product_brand","embeddable":true,"href":"https:\/\/tpmadalina42.supserv.cozmoslabs.com\/fi\/wp-json\/wp\/v2\/product_brand?post=167077"},{"taxonomy":"product_cat","embeddable":true,"href":"https:\/\/tpmadalina42.supserv.cozmoslabs.com\/fi\/wp-json\/wp\/v2\/product_cat?post=167077"},{"taxonomy":"product_tag","embeddable":true,"href":"https:\/\/tpmadalina42.supserv.cozmoslabs.com\/fi\/wp-json\/wp\/v2\/product_tag?post=167077"}],"curies":[{"name":"wp","href":"https:\/\/api.w.org\/{rel}","templated":true}]}}