{"id":167083,"date":"2024-07-26T05:11:04","date_gmt":"2024-07-26T12:11:04","guid":{"rendered":"https:\/\/glandine.com\/product\/dolce-gabbana-gruener-metallic-faltenrock-in-a-linie-midirock\/"},"modified":"2024-11-30T00:04:36","modified_gmt":"2024-11-29T23:04:36","slug":"dolce-gabbana-gruener-metallic-faltenrock-in-a-linie-midirock","status":"publish","type":"product","link":"https:\/\/tpmadalina42.supserv.cozmoslabs.com\/fi\/tuote-2\/dolce-gabbana-gruener-metallic-faltenrock-in-a-linie-midirock\/","title":{"rendered":"Dolce &amp; Gabbana Gr\u00fcner Metallic-Faltenrock in A-Linie Midirock"},"content":{"rendered":"<p>Treten Sie ins Rampenlicht mit diesem atemberaubenden Metallic Green Pleated A-Line Midirock von Dolce &amp; Gabbana. Frisch vom Laufsteg, kombiniert dieser Rock eine klassische Silhouette mit einem modernen Metallic-Finish und sorgt daf\u00fcr, dass Sie bei jedem Schritt schimmern. Perfekt f\u00fcr hochkar\u00e4tige Events oder wenn Sie einfach einen gew\u00f6hnlichen Tag au\u00dfergew\u00f6hnlich gestalten wollen.<\/p>\n<ul>\n<li>V\u00e4ri: Vihre\u00e4<\/li>\n<li>Material: 64% Metallic-Polyester 36% Baumwolle<\/li>\n<li>Innenfutter: Seidenmischung<\/li>\n<li>Hohe Taille mit Rei\u00dfverschluss und Knopfverschluss<\/li>\n<li>Luxuri\u00f6ses Stretch-Innenfutter aus Seide f\u00fcr maximalen Komfort<\/li>\n<li>Exquisite Logodetails als Zeichen der Authentizit\u00e4t<\/li>\n<li>Ausgezeichnete Verarbeitung in Italien<\/li>\n<\/ul>","protected":false},"excerpt":{"rendered":"<p>Treten Sie ins Rampenlicht mit diesem atemberaubenden Metallic Green Pleated A-Line Midirock von Dolce &amp; Gabbana. Frisch vom Laufsteg, kombiniert dieser Rock eine klassische Silhouette mit einem modernen Metallic-Finish und sorgt daf\u00fcr, dass Sie bei jedem Schritt schimmern. Perfekt f\u00fcr hochkar\u00e4tige Events oder wenn Sie einfach einen gew\u00f6hnlichen Tag au\u00dfergew\u00f6hnlich gestalten wollen. Farbe: Gr\u00fcn Material: [&hellip;]<\/p>","protected":false},"featured_media":167080,"template":"","meta":[],"product_brand":[1620],"product_cat":[1637,1623,1699],"product_tag":[],"class_list":{"0":"post-167083","1":"product","2":"type-product","3":"status-publish","4":"has-post-thumbnail","6":"product_brand-dolce-gabbana","7":"product_cat-frauen-kleidung","8":"product_cat-kleidung","9":"product_cat-roecke","11":"first","12":"instock","13":"sale","14":"taxable","15":"shipping-taxable","16":"purchasable","17":"product-type-variable"},"_links":{"self":[{"href":"https:\/\/tpmadalina42.supserv.cozmoslabs.com\/fi\/wp-json\/wp\/v2\/product\/167083","targetHints":{"allow":["GET"]}}],"collection":[{"href":"https:\/\/tpmadalina42.supserv.cozmoslabs.com\/fi\/wp-json\/wp\/v2\/product"}],"about":[{"href":"https:\/\/tpmadalina42.supserv.cozmoslabs.com\/fi\/wp-json\/wp\/v2\/types\/product"}],"wp:featuredmedia":[{"embeddable":true,"href":"https:\/\/tpmadalina42.supserv.cozmoslabs.com\/fi\/wp-json\/wp\/v2\/media\/167080"}],"wp:attachment":[{"href":"https:\/\/tpmadalina42.supserv.cozmoslabs.com\/fi\/wp-json\/wp\/v2\/media?parent=167083"}],"wp:term":[{"taxonomy":"product_brand","embeddable":true,"href":"https:\/\/tpmadalina42.supserv.cozmoslabs.com\/fi\/wp-json\/wp\/v2\/product_brand?post=167083"},{"taxonomy":"product_cat","embeddable":true,"href":"https:\/\/tpmadalina42.supserv.cozmoslabs.com\/fi\/wp-json\/wp\/v2\/product_cat?post=167083"},{"taxonomy":"product_tag","embeddable":true,"href":"https:\/\/tpmadalina42.supserv.cozmoslabs.com\/fi\/wp-json\/wp\/v2\/product_tag?post=167083"}],"curies":[{"name":"wp","href":"https:\/\/api.w.org\/{rel}","templated":true}]}}