{"id":167127,"date":"2024-07-26T05:13:01","date_gmt":"2024-07-26T12:13:01","guid":{"rendered":"https:\/\/glandine.com\/product\/dolce-gabbana-schicke-mid-waisted-shorts-aus-weissem-denim\/"},"modified":"2024-11-30T00:06:06","modified_gmt":"2024-11-29T23:06:06","slug":"dolce-gabbana-schicke-mid-waisted-shorts-aus-weissem-denim","status":"publish","type":"product","link":"https:\/\/tpmadalina42.supserv.cozmoslabs.com\/fi\/tuote-2\/dolce-gabbana-schicke-mid-waisted-shorts-aus-weissem-denim\/","title":{"rendered":"Dolce &amp; Gabbana Schicke Mid-Waisted Shorts aus wei\u00dfem Denim"},"content":{"rendered":"<p> Peppen Sie Ihr Freizeitoutfit mit diesen wundersch\u00f6nen, brandneuen Denim-Shorts mit mittlerer Taille von Dolce &amp; Gabbana auf. Diese knackig wei\u00dfen Shorts mit regul\u00e4rer Passform strahlen Eleganz aus und sind mit dezenten blauen Details versehen, die Ihre Garderobe mit italienischer Handwerkskunst aufwerten. Die perfekte Mischung aus Komfort und Stil, mit klassischem Rei\u00dfverschluss und Knopfverschluss und dem ikonischen Logo, das Luxus ausstrahlt. <\/p>\n<ul>\n<li>V\u00e4ri: Valkoinen<\/li>\n<li>Materiaali: 98% puuvilla 2% elastaani<\/li>\n<li>Alkuper\u00e4maa: Italia<\/li>\n<\/ul>","protected":false},"excerpt":{"rendered":"<p>Peppen Sie Ihr Freizeitoutfit mit diesen wundersch\u00f6nen, brandneuen Denim-Shorts mit mittlerer Taille von Dolce &amp; Gabbana auf. Diese knackig wei\u00dfen Shorts mit regul\u00e4rer Passform strahlen Eleganz aus und sind mit dezenten blauen Details versehen, die Ihre Garderobe mit italienischer Handwerkskunst aufwerten. Die perfekte Mischung aus Komfort und Stil, mit klassischem Rei\u00dfverschluss und Knopfverschluss und dem [&hellip;]<\/p>","protected":false},"featured_media":167124,"template":"","meta":[],"product_brand":[1620],"product_cat":[1637,1623,1698],"product_tag":[],"class_list":{"0":"post-167127","1":"product","2":"type-product","3":"status-publish","4":"has-post-thumbnail","6":"product_brand-dolce-gabbana","7":"product_cat-frauen-kleidung","8":"product_cat-kleidung","9":"product_cat-kurze-hosen-frauen-kleidung","11":"first","12":"instock","13":"sale","14":"taxable","15":"shipping-taxable","16":"purchasable","17":"product-type-variable"},"_links":{"self":[{"href":"https:\/\/tpmadalina42.supserv.cozmoslabs.com\/fi\/wp-json\/wp\/v2\/product\/167127","targetHints":{"allow":["GET"]}}],"collection":[{"href":"https:\/\/tpmadalina42.supserv.cozmoslabs.com\/fi\/wp-json\/wp\/v2\/product"}],"about":[{"href":"https:\/\/tpmadalina42.supserv.cozmoslabs.com\/fi\/wp-json\/wp\/v2\/types\/product"}],"wp:featuredmedia":[{"embeddable":true,"href":"https:\/\/tpmadalina42.supserv.cozmoslabs.com\/fi\/wp-json\/wp\/v2\/media\/167124"}],"wp:attachment":[{"href":"https:\/\/tpmadalina42.supserv.cozmoslabs.com\/fi\/wp-json\/wp\/v2\/media?parent=167127"}],"wp:term":[{"taxonomy":"product_brand","embeddable":true,"href":"https:\/\/tpmadalina42.supserv.cozmoslabs.com\/fi\/wp-json\/wp\/v2\/product_brand?post=167127"},{"taxonomy":"product_cat","embeddable":true,"href":"https:\/\/tpmadalina42.supserv.cozmoslabs.com\/fi\/wp-json\/wp\/v2\/product_cat?post=167127"},{"taxonomy":"product_tag","embeddable":true,"href":"https:\/\/tpmadalina42.supserv.cozmoslabs.com\/fi\/wp-json\/wp\/v2\/product_tag?post=167127"}],"curies":[{"name":"wp","href":"https:\/\/api.w.org\/{rel}","templated":true}]}}