{"id":167793,"date":"2024-07-26T05:38:29","date_gmt":"2024-07-26T12:38:29","guid":{"rendered":"https:\/\/glandine.com\/product\/dolce-gabbana-zeitloses-weisses-poloshirt-eleganz-trifft-auf-komfort\/"},"modified":"2024-11-30T00:20:10","modified_gmt":"2024-11-29T23:20:10","slug":"dolce-gabbana-zeitloses-weisses-poloshirt-eleganz-trifft-auf-komfort","status":"publish","type":"product","link":"https:\/\/tpmadalina42.supserv.cozmoslabs.com\/fi\/tuote-2\/dolce-gabbana-zeitloses-weisses-poloshirt-eleganz-trifft-auf-komfort\/","title":{"rendered":"Dolce &amp; Gabbana Zeitloses wei\u00dfes Poloshirt &#8211; Eleganz trifft auf Komfort"},"content":{"rendered":"<p>Entdecken Sie unvergleichliche Raffinesse mit unserem makellosen wei\u00dfen Poloshirt &#8211; ein Zeugnis f\u00fcr zeitlosen Stil und Komfort. Dieses 100% authentische St\u00fcck, neu mit Etikett, kommt direkt aus den High-Fashion-H\u00e4usern in Italien. Ein frischer, wei\u00dfer Farbton sorgt daf\u00fcr, dass es m\u00fchelos zu jedem Ensemble passt, w\u00e4hrend das kultige Logodetail f\u00fcr einen Hauch von Luxus sorgt. Perfekt, um Ihre Freizeitgarderobe aufzuwerten, ist es ein unverzichtbares Accessoire f\u00fcr modebewusste Frauen.<\/p>\n<ul>\n<li>V\u00e4ri: Valkoinen<\/li>\n<li>Materiaali: 100% puuvilla<\/li>\n<li>Alkuper\u00e4maa: Italia<\/li>\n<li>Merkki: Dolce &amp; Gabbana<\/li>\n<\/ul>","protected":false},"excerpt":{"rendered":"<p>Entdecken Sie unvergleichliche Raffinesse mit unserem makellosen wei\u00dfen Poloshirt &#8211; ein Zeugnis f\u00fcr zeitlosen Stil und Komfort. Dieses 100% authentische St\u00fcck, neu mit Etikett, kommt direkt aus den High-Fashion-H\u00e4usern in Italien. Ein frischer, wei\u00dfer Farbton sorgt daf\u00fcr, dass es m\u00fchelos zu jedem Ensemble passt, w\u00e4hrend das kultige Logodetail f\u00fcr einen Hauch von Luxus sorgt. Perfekt, [&hellip;]<\/p>","protected":false},"featured_media":167790,"template":"","meta":[],"product_brand":[1620],"product_cat":[1637,1623,1714],"product_tag":[],"class_list":{"0":"post-167793","1":"product","2":"type-product","3":"status-publish","4":"has-post-thumbnail","6":"product_brand-dolce-gabbana","7":"product_cat-frauen-kleidung","8":"product_cat-kleidung","9":"product_cat-oberteile-t-shirts","11":"first","12":"instock","13":"sale","14":"taxable","15":"shipping-taxable","16":"purchasable","17":"product-type-variable"},"_links":{"self":[{"href":"https:\/\/tpmadalina42.supserv.cozmoslabs.com\/fi\/wp-json\/wp\/v2\/product\/167793","targetHints":{"allow":["GET"]}}],"collection":[{"href":"https:\/\/tpmadalina42.supserv.cozmoslabs.com\/fi\/wp-json\/wp\/v2\/product"}],"about":[{"href":"https:\/\/tpmadalina42.supserv.cozmoslabs.com\/fi\/wp-json\/wp\/v2\/types\/product"}],"wp:featuredmedia":[{"embeddable":true,"href":"https:\/\/tpmadalina42.supserv.cozmoslabs.com\/fi\/wp-json\/wp\/v2\/media\/167790"}],"wp:attachment":[{"href":"https:\/\/tpmadalina42.supserv.cozmoslabs.com\/fi\/wp-json\/wp\/v2\/media?parent=167793"}],"wp:term":[{"taxonomy":"product_brand","embeddable":true,"href":"https:\/\/tpmadalina42.supserv.cozmoslabs.com\/fi\/wp-json\/wp\/v2\/product_brand?post=167793"},{"taxonomy":"product_cat","embeddable":true,"href":"https:\/\/tpmadalina42.supserv.cozmoslabs.com\/fi\/wp-json\/wp\/v2\/product_cat?post=167793"},{"taxonomy":"product_tag","embeddable":true,"href":"https:\/\/tpmadalina42.supserv.cozmoslabs.com\/fi\/wp-json\/wp\/v2\/product_tag?post=167793"}],"curies":[{"name":"wp","href":"https:\/\/api.w.org\/{rel}","templated":true}]}}