{"id":167931,"date":"2024-07-26T05:45:10","date_gmt":"2024-07-26T12:45:10","guid":{"rendered":"https:\/\/glandine.com\/product\/acht-elegantes-denim-mit-mittlerer-taille-und-geradem-schnitt\/"},"modified":"2024-11-30T00:24:59","modified_gmt":"2024-11-29T23:24:59","slug":"acht-elegantes-denim-mit-mittlerer-taille-und-geradem-schnitt","status":"publish","type":"product","link":"https:\/\/tpmadalina42.supserv.cozmoslabs.com\/fi\/tuote-2\/acht-elegantes-denim-mit-mittlerer-taille-und-geradem-schnitt\/","title":{"rendered":"Acht Tyylik\u00e4s denim, jossa keskipitk\u00e4 vy\u00f6t\u00e4r\u00f6 ja suora leikkaus"},"content":{"rendered":"<p>Mit dieser umwerfenden dunkelgrauen Jeans von Acht sind Sie bestens ger\u00fcstet f\u00fcr jede modebewusste Garderobe. Die Jeans hat einen stilvollen geraden Schnitt und eine bequeme Mid-Rise Passform aus einer hochwertigen Stoffmischung f\u00fcr eine ideale Passform. Mit ihrem klassischen Knopf- und Rei\u00dfverschluss verbindet sie Luxus mit Funktionalit\u00e4t und verk\u00f6rpert die Essenz von schicker, allt\u00e4glicher Eleganz. Mit raffinierten Logodetails veredelt, sind sie ein wahrer Beweis f\u00fcr das Engagement der Marke f\u00fcr h\u00f6chste Handwerkskunst.<\/p>\n<ul>\n<li>V\u00e4ri: Tummanharmaa<\/li>\n<li>Material: 54% Ramie, 46% Baumwolle<\/li>\n<li>Alkuper\u00e4maa: IT<\/li>\n<\/ul>","protected":false},"excerpt":{"rendered":"<p>Mit dieser umwerfenden dunkelgrauen Jeans von Acht sind Sie bestens ger\u00fcstet f\u00fcr jede modebewusste Garderobe. Die Jeans hat einen stilvollen geraden Schnitt und eine bequeme Mid-Rise Passform aus einer hochwertigen Stoffmischung f\u00fcr eine ideale Passform. Mit ihrem klassischen Knopf- und Rei\u00dfverschluss verbindet sie Luxus mit Funktionalit\u00e4t und verk\u00f6rpert die Essenz von schicker, allt\u00e4glicher Eleganz. Mit [&hellip;]<\/p>","protected":false},"featured_media":167928,"template":"","meta":[],"product_brand":[1928],"product_cat":[1637,1686,1623],"product_tag":[],"class_list":{"0":"post-167931","1":"product","2":"type-product","3":"status-publish","4":"has-post-thumbnail","6":"product_brand-acht","7":"product_cat-frauen-kleidung","8":"product_cat-jeans-hosen-frauen-kleidung","9":"product_cat-kleidung","11":"first","12":"instock","13":"sale","14":"taxable","15":"shipping-taxable","16":"purchasable","17":"product-type-variable"},"_links":{"self":[{"href":"https:\/\/tpmadalina42.supserv.cozmoslabs.com\/fi\/wp-json\/wp\/v2\/product\/167931","targetHints":{"allow":["GET"]}}],"collection":[{"href":"https:\/\/tpmadalina42.supserv.cozmoslabs.com\/fi\/wp-json\/wp\/v2\/product"}],"about":[{"href":"https:\/\/tpmadalina42.supserv.cozmoslabs.com\/fi\/wp-json\/wp\/v2\/types\/product"}],"wp:featuredmedia":[{"embeddable":true,"href":"https:\/\/tpmadalina42.supserv.cozmoslabs.com\/fi\/wp-json\/wp\/v2\/media\/167928"}],"wp:attachment":[{"href":"https:\/\/tpmadalina42.supserv.cozmoslabs.com\/fi\/wp-json\/wp\/v2\/media?parent=167931"}],"wp:term":[{"taxonomy":"product_brand","embeddable":true,"href":"https:\/\/tpmadalina42.supserv.cozmoslabs.com\/fi\/wp-json\/wp\/v2\/product_brand?post=167931"},{"taxonomy":"product_cat","embeddable":true,"href":"https:\/\/tpmadalina42.supserv.cozmoslabs.com\/fi\/wp-json\/wp\/v2\/product_cat?post=167931"},{"taxonomy":"product_tag","embeddable":true,"href":"https:\/\/tpmadalina42.supserv.cozmoslabs.com\/fi\/wp-json\/wp\/v2\/product_tag?post=167931"}],"curies":[{"name":"wp","href":"https:\/\/api.w.org\/{rel}","templated":true}]}}