{"id":169580,"date":"2024-07-26T07:00:38","date_gmt":"2024-07-26T14:00:38","guid":{"rendered":"https:\/\/glandine.com\/product\/dolce-gabbana-elegantes-langes-kleid-in-metallic-bronze\/"},"modified":"2024-11-30T01:14:11","modified_gmt":"2024-11-30T00:14:11","slug":"dolce-gabbana-elegantes-langes-kleid-in-metallic-bronze","status":"publish","type":"product","link":"https:\/\/tpmadalina42.supserv.cozmoslabs.com\/fi\/tuote-2\/dolce-gabbana-elegantes-langes-kleid-in-metallic-bronze\/","title":{"rendered":"Dolce &amp; Gabbana Tyylik\u00e4s pitk\u00e4 mekko metallisen pronssia"},"content":{"rendered":"<p>Umarmen Sie den Glamour mit diesem atemberaubenden langen Kleid in Bronze von Dolce &amp; Gabbana. Dieses exquisite St\u00fcck verf\u00fcgt \u00fcber einen eleganten Rei\u00dfverschluss auf der R\u00fcckseite, so dass eine schmeichelhafte Passform f\u00fcr jede anspruchsvolle Veranstaltung oder Gala. Das Kleid ist neu mit Etikett und 100% authentisch. Das Stretch-Innenfutter aus Seide sorgt f\u00fcr Luxus und Komfort und unterstreicht das Engagement der Marke f\u00fcr hohe Handwerkskunst. Entworfen und geschneidert in Italien, erleben Sie einen Hauch von Eleganz und Exklusivit\u00e4t in Ihrer Garderobe.<\/p>\n<ul>\n<li>V\u00e4ri: Pronssi<\/li>\n<li>Material: 70% metallisches Polyester, 30% Polyester<\/li>\n<li>Futter: 60% Seide, 31% Nylon, 8% Baumwolle, 3% Elasthan<\/li>\n<li>Alkuper\u00e4maa: Italia<\/li>\n<\/ul>","protected":false},"excerpt":{"rendered":"<p>Umarmen Sie den Glamour mit diesem atemberaubenden langen Kleid in Bronze von Dolce &amp; Gabbana. Dieses exquisite St\u00fcck verf\u00fcgt \u00fcber einen eleganten Rei\u00dfverschluss auf der R\u00fcckseite, so dass eine schmeichelhafte Passform f\u00fcr jede anspruchsvolle Veranstaltung oder Gala. Das Kleid ist neu mit Etikett und 100% authentisch. Das Stretch-Innenfutter aus Seide sorgt f\u00fcr Luxus und Komfort [&hellip;]<\/p>","protected":false},"featured_media":169576,"template":"","meta":[],"product_brand":[1620],"product_cat":[1637,1659,1623],"product_tag":[],"class_list":{"0":"post-169580","1":"product","2":"type-product","3":"status-publish","4":"has-post-thumbnail","6":"product_brand-dolce-gabbana","7":"product_cat-frauen-kleidung","8":"product_cat-kleider","9":"product_cat-kleidung","11":"first","12":"instock","13":"sale","14":"taxable","15":"shipping-taxable","16":"purchasable","17":"product-type-variable"},"_links":{"self":[{"href":"https:\/\/tpmadalina42.supserv.cozmoslabs.com\/fi\/wp-json\/wp\/v2\/product\/169580","targetHints":{"allow":["GET"]}}],"collection":[{"href":"https:\/\/tpmadalina42.supserv.cozmoslabs.com\/fi\/wp-json\/wp\/v2\/product"}],"about":[{"href":"https:\/\/tpmadalina42.supserv.cozmoslabs.com\/fi\/wp-json\/wp\/v2\/types\/product"}],"wp:featuredmedia":[{"embeddable":true,"href":"https:\/\/tpmadalina42.supserv.cozmoslabs.com\/fi\/wp-json\/wp\/v2\/media\/169576"}],"wp:attachment":[{"href":"https:\/\/tpmadalina42.supserv.cozmoslabs.com\/fi\/wp-json\/wp\/v2\/media?parent=169580"}],"wp:term":[{"taxonomy":"product_brand","embeddable":true,"href":"https:\/\/tpmadalina42.supserv.cozmoslabs.com\/fi\/wp-json\/wp\/v2\/product_brand?post=169580"},{"taxonomy":"product_cat","embeddable":true,"href":"https:\/\/tpmadalina42.supserv.cozmoslabs.com\/fi\/wp-json\/wp\/v2\/product_cat?post=169580"},{"taxonomy":"product_tag","embeddable":true,"href":"https:\/\/tpmadalina42.supserv.cozmoslabs.com\/fi\/wp-json\/wp\/v2\/product_tag?post=169580"}],"curies":[{"name":"wp","href":"https:\/\/api.w.org\/{rel}","templated":true}]}}