{"id":169809,"date":"2024-07-26T16:10:36","date_gmt":"2024-07-26T14:10:36","guid":{"rendered":"https:\/\/glandine.com\/product\/lautre-chose-elegantes-verschoenertes-minikleid-in-a-linie\/"},"modified":"2024-11-30T01:21:56","modified_gmt":"2024-11-30T00:21:56","slug":"lautre-chose-elegantes-verschoenertes-minikleid-in-a-linie","status":"publish","type":"product","link":"https:\/\/tpmadalina42.supserv.cozmoslabs.com\/fi\/tuote-2\/lautre-chose-elegantes-verschoenertes-minikleid-in-a-linie\/","title":{"rendered":"L&#8217;Autre Chose Elegantes versch\u00f6nertes Minikleid in A-Linie"},"content":{"rendered":"<p>Entdecken Sie den Inbegriff von Chic mit unserem umwerfenden, neuwertigen A-Linien-Minikleid von L&#8217;Autre Chose. Dieses exquisite St\u00fcck wurde f\u00fcr die anspruchsvolle Fashionista entworfen und eignet sich perfekt f\u00fcr einen anmutigen, aufsehenerregenden Auftritt bei jedem Event. Die aufwendige Verzierung verleiht dem Kleid einen Hauch von Glamour, w\u00e4hrend der klassische schwarze Farbton f\u00fcr zeitlose Attraktivit\u00e4t sorgt. Dieses perfekt geschneiderte Kleid ist Ihre erste Wahl f\u00fcr einen m\u00fchelos eleganten Look.<\/p>\n<ul>\n<li>Material: 51% Polyester, 34% Baumwolle, 13% Nylon, 2% PLME<\/li>\n<li>Alkuper\u00e4maa: Italia<\/li>\n<li>V\u00e4ri: Musta<\/li>\n<\/ul>","protected":false},"excerpt":{"rendered":"<p>Entdecken Sie den Inbegriff von Chic mit unserem umwerfenden, neuwertigen A-Linien-Minikleid von L&#8217;Autre Chose. Dieses exquisite St\u00fcck wurde f\u00fcr die anspruchsvolle Fashionista entworfen und eignet sich perfekt f\u00fcr einen anmutigen, aufsehenerregenden Auftritt bei jedem Event. Die aufwendige Verzierung verleiht dem Kleid einen Hauch von Glamour, w\u00e4hrend der klassische schwarze Farbton f\u00fcr zeitlose Attraktivit\u00e4t sorgt. Dieses [&hellip;]<\/p>","protected":false},"featured_media":169805,"template":"","meta":[],"product_brand":[2444],"product_cat":[1637,1659,1623],"product_tag":[],"class_list":{"0":"post-169809","1":"product","2":"type-product","3":"status-publish","4":"has-post-thumbnail","6":"product_brand-lautre-chose","7":"product_cat-frauen-kleidung","8":"product_cat-kleider","9":"product_cat-kleidung","11":"first","12":"instock","13":"sale","14":"taxable","15":"shipping-taxable","16":"purchasable","17":"product-type-variable"},"_links":{"self":[{"href":"https:\/\/tpmadalina42.supserv.cozmoslabs.com\/fi\/wp-json\/wp\/v2\/product\/169809","targetHints":{"allow":["GET"]}}],"collection":[{"href":"https:\/\/tpmadalina42.supserv.cozmoslabs.com\/fi\/wp-json\/wp\/v2\/product"}],"about":[{"href":"https:\/\/tpmadalina42.supserv.cozmoslabs.com\/fi\/wp-json\/wp\/v2\/types\/product"}],"wp:featuredmedia":[{"embeddable":true,"href":"https:\/\/tpmadalina42.supserv.cozmoslabs.com\/fi\/wp-json\/wp\/v2\/media\/169805"}],"wp:attachment":[{"href":"https:\/\/tpmadalina42.supserv.cozmoslabs.com\/fi\/wp-json\/wp\/v2\/media?parent=169809"}],"wp:term":[{"taxonomy":"product_brand","embeddable":true,"href":"https:\/\/tpmadalina42.supserv.cozmoslabs.com\/fi\/wp-json\/wp\/v2\/product_brand?post=169809"},{"taxonomy":"product_cat","embeddable":true,"href":"https:\/\/tpmadalina42.supserv.cozmoslabs.com\/fi\/wp-json\/wp\/v2\/product_cat?post=169809"},{"taxonomy":"product_tag","embeddable":true,"href":"https:\/\/tpmadalina42.supserv.cozmoslabs.com\/fi\/wp-json\/wp\/v2\/product_tag?post=169809"}],"curies":[{"name":"wp","href":"https:\/\/api.w.org\/{rel}","templated":true}]}}