{"id":169858,"date":"2024-07-26T07:12:40","date_gmt":"2024-07-26T14:12:40","guid":{"rendered":"https:\/\/glandine.com\/product\/p-a-r-o-s-h-schickes-aermelloses-midikleid-mit-federbesatz\/"},"modified":"2024-11-30T01:23:05","modified_gmt":"2024-11-30T00:23:05","slug":"p-a-r-o-s-h-schickes-aermelloses-midikleid-mit-federbesatz","status":"publish","type":"product","link":"https:\/\/tpmadalina42.supserv.cozmoslabs.com\/fi\/tuote-2\/p-a-r-o-s-h-schickes-aermelloses-midikleid-mit-federbesatz\/","title":{"rendered":"P.A.R.O.S.H. Schickes \u00e4rmelloses Midikleid mit Federbesatz"},"content":{"rendered":"<p>Beginnen Sie die Saison mit Eleganz in diesem wundersch\u00f6nen, brandneuen \u00e4rmellosen Midikleid von P.A.R.O.S.H., das mit einem raffinierten Federfutter f\u00fcr einen zus\u00e4tzlichen Hauch von Luxus ausgestattet ist. Perfekt, um bei jeder Veranstaltung ein schickes Statement abzugeben. Dieses in Italien mit exquisiter Handwerkskunst gefertigte rosa Etuikleid verk\u00f6rpert Stil und Qualit\u00e4t.<\/p>\n<ul>\n<li>Materiaali: 100% polyesteri<\/li>\n<li>V\u00e4ri: Pinkki<\/li>\n<li>Alkuper\u00e4maa: IT<\/li>\n<li>Logon yksityiskohdat<\/li>\n<\/ul>","protected":false},"excerpt":{"rendered":"<p>Beginnen Sie die Saison mit Eleganz in diesem wundersch\u00f6nen, brandneuen \u00e4rmellosen Midikleid von P.A.R.O.S.H., das mit einem raffinierten Federfutter f\u00fcr einen zus\u00e4tzlichen Hauch von Luxus ausgestattet ist. Perfekt, um bei jeder Veranstaltung ein schickes Statement abzugeben. Dieses in Italien mit exquisiter Handwerkskunst gefertigte rosa Etuikleid verk\u00f6rpert Stil und Qualit\u00e4t. Material: 100% Polyester Farbe: Rosa Herkunftsland: [&hellip;]<\/p>","protected":false},"featured_media":169854,"template":"","meta":[],"product_brand":[2022],"product_cat":[1637,1659,1623],"product_tag":[],"class_list":{"0":"post-169858","1":"product","2":"type-product","3":"status-publish","4":"has-post-thumbnail","6":"product_brand-p-a-r-o-s-h","7":"product_cat-frauen-kleidung","8":"product_cat-kleider","9":"product_cat-kleidung","11":"first","12":"instock","13":"sale","14":"taxable","15":"shipping-taxable","16":"purchasable","17":"product-type-variable"},"_links":{"self":[{"href":"https:\/\/tpmadalina42.supserv.cozmoslabs.com\/fi\/wp-json\/wp\/v2\/product\/169858","targetHints":{"allow":["GET"]}}],"collection":[{"href":"https:\/\/tpmadalina42.supserv.cozmoslabs.com\/fi\/wp-json\/wp\/v2\/product"}],"about":[{"href":"https:\/\/tpmadalina42.supserv.cozmoslabs.com\/fi\/wp-json\/wp\/v2\/types\/product"}],"wp:featuredmedia":[{"embeddable":true,"href":"https:\/\/tpmadalina42.supserv.cozmoslabs.com\/fi\/wp-json\/wp\/v2\/media\/169854"}],"wp:attachment":[{"href":"https:\/\/tpmadalina42.supserv.cozmoslabs.com\/fi\/wp-json\/wp\/v2\/media?parent=169858"}],"wp:term":[{"taxonomy":"product_brand","embeddable":true,"href":"https:\/\/tpmadalina42.supserv.cozmoslabs.com\/fi\/wp-json\/wp\/v2\/product_brand?post=169858"},{"taxonomy":"product_cat","embeddable":true,"href":"https:\/\/tpmadalina42.supserv.cozmoslabs.com\/fi\/wp-json\/wp\/v2\/product_cat?post=169858"},{"taxonomy":"product_tag","embeddable":true,"href":"https:\/\/tpmadalina42.supserv.cozmoslabs.com\/fi\/wp-json\/wp\/v2\/product_tag?post=169858"}],"curies":[{"name":"wp","href":"https:\/\/api.w.org\/{rel}","templated":true}]}}