{"id":169865,"date":"2024-07-26T07:13:03","date_gmt":"2024-07-26T14:13:03","guid":{"rendered":"https:\/\/glandine.com\/product\/pink-memories-elegantes-weisses-maxi-wickelkleid\/"},"modified":"2024-11-30T01:23:13","modified_gmt":"2024-11-30T00:23:13","slug":"pink-memories-elegantes-weisses-maxi-wickelkleid","status":"publish","type":"product","link":"https:\/\/tpmadalina42.supserv.cozmoslabs.com\/fi\/tuote-2\/pink-memories-elegantes-weisses-maxi-wickelkleid\/","title":{"rendered":"PINK MEMORIES Elegantes Wei\u00dfes Maxi-Wickelkleid"},"content":{"rendered":"<p>Dieses brandneue, wundersch\u00f6ne Wickelkleid von PINK MEMORIES in A-Linie sorgt f\u00fcr Eleganz. Mit kurzen \u00c4rmeln und einem schicken Bindeband an der Taille sorgt dieses Kleid f\u00fcr eine anmutige Silhouette f\u00fcr jede gehobene Veranstaltung. Die Farbe Off-White sorgt f\u00fcr einen klassischen und vielseitigen Look, w\u00e4hrend die sorgf\u00e4ltig gearbeiteten Logodetails einen Hauch von luxuri\u00f6ser Identit\u00e4t verleihen.<\/p>\n<ul>\n<li>Farbe: Off White<\/li>\n<li>Materiaali: 100% polyesteri<\/li>\n<li>Futter: 80% Baumwolle 20% Nylon<\/li>\n<li>Alkuper\u00e4maa: IT<\/li>\n<\/ul>","protected":false},"excerpt":{"rendered":"<p>Dieses brandneue, wundersch\u00f6ne Wickelkleid von PINK MEMORIES in A-Linie sorgt f\u00fcr Eleganz. Mit kurzen \u00c4rmeln und einem schicken Bindeband an der Taille sorgt dieses Kleid f\u00fcr eine anmutige Silhouette f\u00fcr jede gehobene Veranstaltung. Die Farbe Off-White sorgt f\u00fcr einen klassischen und vielseitigen Look, w\u00e4hrend die sorgf\u00e4ltig gearbeiteten Logodetails einen Hauch von luxuri\u00f6ser Identit\u00e4t verleihen. Farbe: [&hellip;]<\/p>","protected":false},"featured_media":169861,"template":"","meta":[],"product_brand":[1908],"product_cat":[1637,1659,1623],"product_tag":[],"class_list":{"0":"post-169865","1":"product","2":"type-product","3":"status-publish","4":"has-post-thumbnail","6":"product_brand-pink-memories","7":"product_cat-frauen-kleidung","8":"product_cat-kleider","9":"product_cat-kleidung","11":"first","12":"instock","13":"sale","14":"taxable","15":"shipping-taxable","16":"purchasable","17":"product-type-variable"},"_links":{"self":[{"href":"https:\/\/tpmadalina42.supserv.cozmoslabs.com\/fi\/wp-json\/wp\/v2\/product\/169865","targetHints":{"allow":["GET"]}}],"collection":[{"href":"https:\/\/tpmadalina42.supserv.cozmoslabs.com\/fi\/wp-json\/wp\/v2\/product"}],"about":[{"href":"https:\/\/tpmadalina42.supserv.cozmoslabs.com\/fi\/wp-json\/wp\/v2\/types\/product"}],"wp:featuredmedia":[{"embeddable":true,"href":"https:\/\/tpmadalina42.supserv.cozmoslabs.com\/fi\/wp-json\/wp\/v2\/media\/169861"}],"wp:attachment":[{"href":"https:\/\/tpmadalina42.supserv.cozmoslabs.com\/fi\/wp-json\/wp\/v2\/media?parent=169865"}],"wp:term":[{"taxonomy":"product_brand","embeddable":true,"href":"https:\/\/tpmadalina42.supserv.cozmoslabs.com\/fi\/wp-json\/wp\/v2\/product_brand?post=169865"},{"taxonomy":"product_cat","embeddable":true,"href":"https:\/\/tpmadalina42.supserv.cozmoslabs.com\/fi\/wp-json\/wp\/v2\/product_cat?post=169865"},{"taxonomy":"product_tag","embeddable":true,"href":"https:\/\/tpmadalina42.supserv.cozmoslabs.com\/fi\/wp-json\/wp\/v2\/product_tag?post=169865"}],"curies":[{"name":"wp","href":"https:\/\/api.w.org\/{rel}","templated":true}]}}