{"id":169894,"date":"2024-07-26T07:14:24","date_gmt":"2024-07-26T14:14:24","guid":{"rendered":"https:\/\/glandine.com\/product\/plein-sud-elegantes-aermelloses-gerafftes-maxikleid-aus-seide\/"},"modified":"2024-11-30T01:23:53","modified_gmt":"2024-11-30T00:23:53","slug":"plein-sud-elegantes-aermelloses-gerafftes-maxikleid-aus-seide","status":"publish","type":"product","link":"https:\/\/tpmadalina42.supserv.cozmoslabs.com\/fi\/tuote-2\/plein-sud-elegantes-aermelloses-gerafftes-maxikleid-aus-seide\/","title":{"rendered":"PLEIN SUD Elegantes \u00e4rmelloses gerafftes Maxikleid aus Seide"},"content":{"rendered":"<p>H\u00fcllen Sie sich in puren Luxus mit diesem atemberaubenden PLEIN SUD \u00e4rmellosen Maxikleid mit R\u00fcschen. Dieses wundersch\u00f6ne, brandneue Kleid ist eine perfekte Mischung aus Raffinesse und Stil. Es ist mit markenspezifischen Logodetails und einem leuchtenden Orchideen-Farbton geschm\u00fcckt. Das Material aus Seide verspricht ein weiches und exquisites Tragegef\u00fchl und macht es zu einer tadellosen Wahl f\u00fcr jeden gehobenen Anlass.<\/p>\n<ul>\n<li>Materiaali: 100% silkki<\/li>\n<li>Alkuper\u00e4maa: IT<\/li>\n<li>Farbe: Marrone<\/li>\n<\/ul>","protected":false},"excerpt":{"rendered":"<p>H\u00fcllen Sie sich in puren Luxus mit diesem atemberaubenden PLEIN SUD \u00e4rmellosen Maxikleid mit R\u00fcschen. Dieses wundersch\u00f6ne, brandneue Kleid ist eine perfekte Mischung aus Raffinesse und Stil. Es ist mit markenspezifischen Logodetails und einem leuchtenden Orchideen-Farbton geschm\u00fcckt. Das Material aus Seide verspricht ein weiches und exquisites Tragegef\u00fchl und macht es zu einer tadellosen Wahl f\u00fcr [&hellip;]<\/p>","protected":false},"featured_media":169889,"template":"","meta":[],"product_brand":[1929],"product_cat":[1637,1659,1623],"product_tag":[],"class_list":{"0":"post-169894","1":"product","2":"type-product","3":"status-publish","4":"has-post-thumbnail","6":"product_brand-plein-sud","7":"product_cat-frauen-kleidung","8":"product_cat-kleider","9":"product_cat-kleidung","11":"first","12":"instock","13":"sale","14":"taxable","15":"shipping-taxable","16":"purchasable","17":"product-type-variable"},"_links":{"self":[{"href":"https:\/\/tpmadalina42.supserv.cozmoslabs.com\/fi\/wp-json\/wp\/v2\/product\/169894","targetHints":{"allow":["GET"]}}],"collection":[{"href":"https:\/\/tpmadalina42.supserv.cozmoslabs.com\/fi\/wp-json\/wp\/v2\/product"}],"about":[{"href":"https:\/\/tpmadalina42.supserv.cozmoslabs.com\/fi\/wp-json\/wp\/v2\/types\/product"}],"wp:featuredmedia":[{"embeddable":true,"href":"https:\/\/tpmadalina42.supserv.cozmoslabs.com\/fi\/wp-json\/wp\/v2\/media\/169889"}],"wp:attachment":[{"href":"https:\/\/tpmadalina42.supserv.cozmoslabs.com\/fi\/wp-json\/wp\/v2\/media?parent=169894"}],"wp:term":[{"taxonomy":"product_brand","embeddable":true,"href":"https:\/\/tpmadalina42.supserv.cozmoslabs.com\/fi\/wp-json\/wp\/v2\/product_brand?post=169894"},{"taxonomy":"product_cat","embeddable":true,"href":"https:\/\/tpmadalina42.supserv.cozmoslabs.com\/fi\/wp-json\/wp\/v2\/product_cat?post=169894"},{"taxonomy":"product_tag","embeddable":true,"href":"https:\/\/tpmadalina42.supserv.cozmoslabs.com\/fi\/wp-json\/wp\/v2\/product_tag?post=169894"}],"curies":[{"name":"wp","href":"https:\/\/api.w.org\/{rel}","templated":true}]}}