{"id":170146,"date":"2024-07-26T07:23:52","date_gmt":"2024-07-26T14:23:52","guid":{"rendered":"https:\/\/glandine.com\/product\/master-coat-elegante-dunkelblaue-denim-jacke\/"},"modified":"2024-11-30T01:38:14","modified_gmt":"2024-11-30T00:38:14","slug":"master-coat-elegante-dunkelblaue-denim-jacke","status":"publish","type":"product","link":"https:\/\/tpmadalina42.supserv.cozmoslabs.com\/fi\/tuote-2\/master-coat-elegante-dunkelblaue-denim-jacke\/","title":{"rendered":"Master Coat Elegantti tummansininen farkkutakki"},"content":{"rendered":"<p>Gehen Sie stilvoll aus mit dieser atemberaubenden, brandneuen, 100% authentischen Mastercoat Denim Jacke. Diese dunkelblaue Jacke wurde mit Sorgfalt gefertigt und verf\u00fcgt \u00fcber eine schicke Button-Down-Front, lange \u00c4rmel und exquisite Logodetails, die f\u00fcr Raffinesse stehen. Perfekt, um jedem Outfit einen eleganten Touch zu verleihen, ist sie eine unverzichtbare Erg\u00e4nzung f\u00fcr jede modebewusste Garderobe.<\/p>\n<ul>\n<li>V\u00e4ri: Sininen<\/li>\n<li>Materiaali: 100% puuvilla<\/li>\n<li>Alkuper\u00e4maa: IT<\/li>\n<\/ul>","protected":false},"excerpt":{"rendered":"<p>Gehen Sie stilvoll aus mit dieser atemberaubenden, brandneuen, 100% authentischen Mastercoat Denim Jacke. Diese dunkelblaue Jacke wurde mit Sorgfalt gefertigt und verf\u00fcgt \u00fcber eine schicke Button-Down-Front, lange \u00c4rmel und exquisite Logodetails, die f\u00fcr Raffinesse stehen. Perfekt, um jedem Outfit einen eleganten Touch zu verleihen, ist sie eine unverzichtbare Erg\u00e4nzung f\u00fcr jede modebewusste Garderobe. Farbe: Blau [&hellip;]<\/p>","protected":false},"featured_media":170141,"template":"","meta":[],"product_brand":[2012],"product_cat":[1637,1670,1623],"product_tag":[],"class_list":{"0":"post-170146","1":"product","2":"type-product","3":"status-publish","4":"has-post-thumbnail","6":"product_brand-master-coat","7":"product_cat-frauen-kleidung","8":"product_cat-jacken-maentel","9":"product_cat-kleidung","11":"first","12":"instock","13":"sale","14":"taxable","15":"shipping-taxable","16":"purchasable","17":"product-type-variable"},"_links":{"self":[{"href":"https:\/\/tpmadalina42.supserv.cozmoslabs.com\/fi\/wp-json\/wp\/v2\/product\/170146","targetHints":{"allow":["GET"]}}],"collection":[{"href":"https:\/\/tpmadalina42.supserv.cozmoslabs.com\/fi\/wp-json\/wp\/v2\/product"}],"about":[{"href":"https:\/\/tpmadalina42.supserv.cozmoslabs.com\/fi\/wp-json\/wp\/v2\/types\/product"}],"wp:featuredmedia":[{"embeddable":true,"href":"https:\/\/tpmadalina42.supserv.cozmoslabs.com\/fi\/wp-json\/wp\/v2\/media\/170141"}],"wp:attachment":[{"href":"https:\/\/tpmadalina42.supserv.cozmoslabs.com\/fi\/wp-json\/wp\/v2\/media?parent=170146"}],"wp:term":[{"taxonomy":"product_brand","embeddable":true,"href":"https:\/\/tpmadalina42.supserv.cozmoslabs.com\/fi\/wp-json\/wp\/v2\/product_brand?post=170146"},{"taxonomy":"product_cat","embeddable":true,"href":"https:\/\/tpmadalina42.supserv.cozmoslabs.com\/fi\/wp-json\/wp\/v2\/product_cat?post=170146"},{"taxonomy":"product_tag","embeddable":true,"href":"https:\/\/tpmadalina42.supserv.cozmoslabs.com\/fi\/wp-json\/wp\/v2\/product_tag?post=170146"}],"curies":[{"name":"wp","href":"https:\/\/api.w.org\/{rel}","templated":true}]}}