{"id":170468,"date":"2024-07-26T07:35:31","date_gmt":"2024-07-26T14:35:31","guid":{"rendered":"https:\/\/glandine.com\/product\/acht-schicke-slim-fit-skinny-jeans-mit-niedriger-taille\/"},"modified":"2024-11-30T01:46:21","modified_gmt":"2024-11-30T00:46:21","slug":"acht-schicke-slim-fit-skinny-jeans-mit-niedriger-taille","status":"publish","type":"product","link":"https:\/\/tpmadalina42.supserv.cozmoslabs.com\/fi\/tuote-2\/acht-schicke-slim-fit-skinny-jeans-mit-niedriger-taille\/","title":{"rendered":"Acht Schicke Slim-Fit Skinny-Jeans mit niedriger Taille"},"content":{"rendered":"<p>Mit der neuesten Denim-Mode von Acht k\u00f6nnen Sie sich m\u00fchelos in Szene setzen. Diese wundersch\u00f6ne, brandneue Jeans hat eine schmale Passform, die Ihre Figur umschmeichelt, gepaart mit der l\u00e4ssigen Leichtigkeit eines Rei\u00dfverschlusses und Knopfverschlusses. Die Jeans ist aus einer hochwertigen Baumwollmischung mit einem Hauch von Polyester gefertigt und hat einen gewaschenen blauen Farbton f\u00fcr den perfekten Used-Look. Die Jeans mit dem charakteristischen Acht-Logo ist ein unverzichtbares Accessoire f\u00fcr jede modische Garderobe.<\/p>\n<ul>\n<li>Material: 99% Baumwolle 1% Polyester<\/li>\n<li>Alkuper\u00e4maa: IT<\/li>\n<li>V\u00e4ri: Sininen<\/li>\n<\/ul>","protected":false},"excerpt":{"rendered":"<p>Mit der neuesten Denim-Mode von Acht k\u00f6nnen Sie sich m\u00fchelos in Szene setzen. Diese wundersch\u00f6ne, brandneue Jeans hat eine schmale Passform, die Ihre Figur umschmeichelt, gepaart mit der l\u00e4ssigen Leichtigkeit eines Rei\u00dfverschlusses und Knopfverschlusses. Die Jeans ist aus einer hochwertigen Baumwollmischung mit einem Hauch von Polyester gefertigt und hat einen gewaschenen blauen Farbton f\u00fcr den [&hellip;]<\/p>","protected":false},"featured_media":170465,"template":"","meta":[],"product_brand":[1928],"product_cat":[1637,1686,1623],"product_tag":[],"class_list":{"0":"post-170468","1":"product","2":"type-product","3":"status-publish","4":"has-post-thumbnail","6":"product_brand-acht","7":"product_cat-frauen-kleidung","8":"product_cat-jeans-hosen-frauen-kleidung","9":"product_cat-kleidung","11":"first","12":"instock","13":"sale","14":"taxable","15":"shipping-taxable","16":"purchasable","17":"product-type-variable"},"_links":{"self":[{"href":"https:\/\/tpmadalina42.supserv.cozmoslabs.com\/fi\/wp-json\/wp\/v2\/product\/170468","targetHints":{"allow":["GET"]}}],"collection":[{"href":"https:\/\/tpmadalina42.supserv.cozmoslabs.com\/fi\/wp-json\/wp\/v2\/product"}],"about":[{"href":"https:\/\/tpmadalina42.supserv.cozmoslabs.com\/fi\/wp-json\/wp\/v2\/types\/product"}],"wp:featuredmedia":[{"embeddable":true,"href":"https:\/\/tpmadalina42.supserv.cozmoslabs.com\/fi\/wp-json\/wp\/v2\/media\/170465"}],"wp:attachment":[{"href":"https:\/\/tpmadalina42.supserv.cozmoslabs.com\/fi\/wp-json\/wp\/v2\/media?parent=170468"}],"wp:term":[{"taxonomy":"product_brand","embeddable":true,"href":"https:\/\/tpmadalina42.supserv.cozmoslabs.com\/fi\/wp-json\/wp\/v2\/product_brand?post=170468"},{"taxonomy":"product_cat","embeddable":true,"href":"https:\/\/tpmadalina42.supserv.cozmoslabs.com\/fi\/wp-json\/wp\/v2\/product_cat?post=170468"},{"taxonomy":"product_tag","embeddable":true,"href":"https:\/\/tpmadalina42.supserv.cozmoslabs.com\/fi\/wp-json\/wp\/v2\/product_tag?post=170468"}],"curies":[{"name":"wp","href":"https:\/\/api.w.org\/{rel}","templated":true}]}}