{"id":170474,"date":"2024-07-26T07:35:47","date_gmt":"2024-07-26T14:35:47","guid":{"rendered":"https:\/\/glandine.com\/product\/acht-schicke-skinny-denim-jeans-mit-mittlerer-taille\/"},"modified":"2024-11-30T01:46:27","modified_gmt":"2024-11-30T00:46:27","slug":"acht-schicke-skinny-denim-jeans-mit-mittlerer-taille","status":"publish","type":"product","link":"https:\/\/tpmadalina42.supserv.cozmoslabs.com\/fi\/tuote-2\/acht-schicke-skinny-denim-jeans-mit-mittlerer-taille\/","title":{"rendered":"Kahdeksan tyylik\u00e4st\u00e4 keskivy\u00f6t\u00e4r\u00f6\u00e4 ohutta denimfarkkua"},"content":{"rendered":"<p>Mit diesen umwerfenden, brandneuen, 100% authentischen Acht-Jeans sind Sie stilvoll unterwegs. Sie wurde f\u00fcr eine schmeichelhafte Skinny-Passform entworfen, hat einen modischen gefalteten Saum und wird mit einem klassischen Rei\u00dfverschluss und Knopf geschlossen. Die luxuri\u00f6se Mischung aus Baumwolle und Elastan sorgt f\u00fcr Komfort und Flexibilit\u00e4t. Mit ihrem atemberaubenden, gewaschenen Blauton f\u00fcgt sich diese Jeans nahtlos in Ihre Garderobe ein und verspricht, ein Favorit f\u00fcr jeden Anlass zu werden. Die Logodetails verleihen der Jeans einen dezenten Hauch von Luxus f\u00fcr den Alltag.<\/p>\n<ul>\n<li>Materiaali: 95% puuvilla 5% elastaani<\/li>\n<li>V\u00e4ri: pesty sininen<\/li>\n<li>Alkuper\u00e4maa: IT<\/li>\n<\/ul>","protected":false},"excerpt":{"rendered":"<p>Mit diesen umwerfenden, brandneuen, 100% authentischen Acht-Jeans sind Sie stilvoll unterwegs. Sie wurde f\u00fcr eine schmeichelhafte Skinny-Passform entworfen, hat einen modischen gefalteten Saum und wird mit einem klassischen Rei\u00dfverschluss und Knopf geschlossen. Die luxuri\u00f6se Mischung aus Baumwolle und Elastan sorgt f\u00fcr Komfort und Flexibilit\u00e4t. Mit ihrem atemberaubenden, gewaschenen Blauton f\u00fcgt sich diese Jeans nahtlos in [&hellip;]<\/p>","protected":false},"featured_media":170471,"template":"","meta":[],"product_brand":[1928],"product_cat":[1637,1686,1623],"product_tag":[],"class_list":{"0":"post-170474","1":"product","2":"type-product","3":"status-publish","4":"has-post-thumbnail","6":"product_brand-acht","7":"product_cat-frauen-kleidung","8":"product_cat-jeans-hosen-frauen-kleidung","9":"product_cat-kleidung","11":"first","12":"instock","13":"sale","14":"taxable","15":"shipping-taxable","16":"purchasable","17":"product-type-variable"},"_links":{"self":[{"href":"https:\/\/tpmadalina42.supserv.cozmoslabs.com\/fi\/wp-json\/wp\/v2\/product\/170474","targetHints":{"allow":["GET"]}}],"collection":[{"href":"https:\/\/tpmadalina42.supserv.cozmoslabs.com\/fi\/wp-json\/wp\/v2\/product"}],"about":[{"href":"https:\/\/tpmadalina42.supserv.cozmoslabs.com\/fi\/wp-json\/wp\/v2\/types\/product"}],"wp:featuredmedia":[{"embeddable":true,"href":"https:\/\/tpmadalina42.supserv.cozmoslabs.com\/fi\/wp-json\/wp\/v2\/media\/170471"}],"wp:attachment":[{"href":"https:\/\/tpmadalina42.supserv.cozmoslabs.com\/fi\/wp-json\/wp\/v2\/media?parent=170474"}],"wp:term":[{"taxonomy":"product_brand","embeddable":true,"href":"https:\/\/tpmadalina42.supserv.cozmoslabs.com\/fi\/wp-json\/wp\/v2\/product_brand?post=170474"},{"taxonomy":"product_cat","embeddable":true,"href":"https:\/\/tpmadalina42.supserv.cozmoslabs.com\/fi\/wp-json\/wp\/v2\/product_cat?post=170474"},{"taxonomy":"product_tag","embeddable":true,"href":"https:\/\/tpmadalina42.supserv.cozmoslabs.com\/fi\/wp-json\/wp\/v2\/product_tag?post=170474"}],"curies":[{"name":"wp","href":"https:\/\/api.w.org\/{rel}","templated":true}]}}