{"id":170656,"date":"2024-07-26T07:42:40","date_gmt":"2024-07-26T14:42:40","guid":{"rendered":"https:\/\/glandine.com\/product\/dolce-gabbana-gold-star-dg-emblem-t-shirt-mit-rundhalsausschnitt\/"},"modified":"2024-11-30T01:48:44","modified_gmt":"2024-11-30T00:48:44","slug":"dolce-gabbana-gold-star-dg-emblem-t-shirt-mit-rundhalsausschnitt","status":"publish","type":"product","link":"https:\/\/tpmadalina42.supserv.cozmoslabs.com\/fi\/tuote-2\/dolce-gabbana-gold-star-dg-emblem-t-shirt-mit-rundhalsausschnitt\/","title":{"rendered":"Dolce &amp; Gabbana Gold Star DG Emblem T-Shirt mit Rundhalsausschnitt"},"content":{"rendered":"<p>Entdecken Sie den Inbegriff von italienischem Luxus mit diesem eleganten schwarzen T-Shirt von Dolce &amp; Gabbana. Mit einem auff\u00e4lligen goldenen STAR DG-Motiv strahlt dieses T-Shirt mit jeder Naht Raffinesse aus. Es ist aus weicher 100%iger Baumwolle gefertigt und garantiert Komfort, ohne dabei Kompromisse beim Stil einzugehen. Mit seiner regul\u00e4ren Passform und den dezenten Logodetails ist es ein vielseitiges St\u00fcck f\u00fcr alle, die die feinen Dinge des Lebens zu sch\u00e4tzen wissen. Dieses in Italien gefertigte T-Shirt ist ein Zeugnis f\u00fcr vorbildliche Handwerkskunst.<\/p>\n<ul>\n<li>V\u00e4ri: Musta<\/li>\n<li>Materiaali: 100% puuvilla<\/li>\n<li>Alkuper\u00e4maa: Italia<\/li>\n<li>Motiv: Gold STAR DG<\/li>\n<li>Istuvuus: Normaali istuvuus<\/li>\n<\/ul>","protected":false},"excerpt":{"rendered":"<p>Entdecken Sie den Inbegriff von italienischem Luxus mit diesem eleganten schwarzen T-Shirt von Dolce &amp; Gabbana. Mit einem auff\u00e4lligen goldenen STAR DG-Motiv strahlt dieses T-Shirt mit jeder Naht Raffinesse aus. Es ist aus weicher 100%iger Baumwolle gefertigt und garantiert Komfort, ohne dabei Kompromisse beim Stil einzugehen. Mit seiner regul\u00e4ren Passform und den dezenten Logodetails ist [&hellip;]<\/p>","protected":false},"featured_media":170651,"template":"","meta":[],"product_brand":[1620],"product_cat":[1633,1623,1710],"product_tag":[],"class_list":{"0":"post-170656","1":"product","2":"type-product","3":"status-publish","4":"has-post-thumbnail","6":"product_brand-dolce-gabbana","7":"product_cat-maenner-kleidung","8":"product_cat-kleidung","9":"product_cat-t-shirts","11":"first","12":"instock","13":"sale","14":"taxable","15":"shipping-taxable","16":"purchasable","17":"product-type-variable"},"_links":{"self":[{"href":"https:\/\/tpmadalina42.supserv.cozmoslabs.com\/fi\/wp-json\/wp\/v2\/product\/170656","targetHints":{"allow":["GET"]}}],"collection":[{"href":"https:\/\/tpmadalina42.supserv.cozmoslabs.com\/fi\/wp-json\/wp\/v2\/product"}],"about":[{"href":"https:\/\/tpmadalina42.supserv.cozmoslabs.com\/fi\/wp-json\/wp\/v2\/types\/product"}],"wp:featuredmedia":[{"embeddable":true,"href":"https:\/\/tpmadalina42.supserv.cozmoslabs.com\/fi\/wp-json\/wp\/v2\/media\/170651"}],"wp:attachment":[{"href":"https:\/\/tpmadalina42.supserv.cozmoslabs.com\/fi\/wp-json\/wp\/v2\/media?parent=170656"}],"wp:term":[{"taxonomy":"product_brand","embeddable":true,"href":"https:\/\/tpmadalina42.supserv.cozmoslabs.com\/fi\/wp-json\/wp\/v2\/product_brand?post=170656"},{"taxonomy":"product_cat","embeddable":true,"href":"https:\/\/tpmadalina42.supserv.cozmoslabs.com\/fi\/wp-json\/wp\/v2\/product_cat?post=170656"},{"taxonomy":"product_tag","embeddable":true,"href":"https:\/\/tpmadalina42.supserv.cozmoslabs.com\/fi\/wp-json\/wp\/v2\/product_tag?post=170656"}],"curies":[{"name":"wp","href":"https:\/\/api.w.org\/{rel}","templated":true}]}}