{"id":171236,"date":"2024-07-26T17:09:22","date_gmt":"2024-07-26T15:09:22","guid":{"rendered":"https:\/\/glandine.com\/product\/dolce-gabbana-schickes-weisses-logo-t-shirt-aus-baumwolle\/"},"modified":"2024-11-30T02:13:59","modified_gmt":"2024-11-30T01:13:59","slug":"dolce-gabbana-schickes-weisses-logo-t-shirt-aus-baumwolle","status":"publish","type":"product","link":"https:\/\/tpmadalina42.supserv.cozmoslabs.com\/fi\/tuote-2\/dolce-gabbana-schickes-weisses-logo-t-shirt-aus-baumwolle\/","title":{"rendered":"Dolce &amp; Gabbana Schickes wei\u00dfes Logo-T-Shirt aus Baumwolle"},"content":{"rendered":"<p>G\u00f6nnen Sie sich den Inbegriff von italienischem Luxus mit diesem makellos wei\u00dfen T-Shirt von <strong>Dolce &amp; Gabbana<\/strong> mit Logopr\u00e4gung. Das perfekt f\u00fcr stilbewusste Menschen gefertigte Oberteil zeigt ein auff\u00e4lliges &#8222;DG Amore Magister&#8220;-Motiv und bietet eine regul\u00e4re Passform sowie den Komfort von reinem Baumwollmaterial. Es ist ein vielseitiges St\u00fcck, das Ihre Freizeitgarderobe m\u00fchelos mit einem Hauch von Eleganz aufwertet. Dieses in Italien gefertigte T-Shirt bringt High-End-Mode in Ihre Alltagskleidung mit markanten Logodetails, die Ihren Geschmack f\u00fcr die feinen Dinge unterstreichen.<\/p>\n<ul>\n<li>Materiaali: 100% puuvilla<\/li>\n<li>V\u00e4ri: Valkoinen<\/li>\n<li>Motiv: DG Amore Magister<\/li>\n<li>Passform: Regul\u00e4re Passform<\/li>\n<li>Alkuper\u00e4maa: IT<\/li>\n<li>Logon yksityiskohdat<\/li>\n<\/ul>","protected":false},"excerpt":{"rendered":"<p>G\u00f6nnen Sie sich den Inbegriff von italienischem Luxus mit diesem makellos wei\u00dfen T-Shirt von Dolce &amp; Gabbana mit Logopr\u00e4gung. Das perfekt f\u00fcr stilbewusste Menschen gefertigte Oberteil zeigt ein auff\u00e4lliges &#8222;DG Amore Magister&#8220;-Motiv und bietet eine regul\u00e4re Passform sowie den Komfort von reinem Baumwollmaterial. Es ist ein vielseitiges St\u00fcck, das Ihre Freizeitgarderobe m\u00fchelos mit einem Hauch [&hellip;]<\/p>","protected":false},"featured_media":171231,"template":"","meta":[],"product_brand":[1620],"product_cat":[1633,1623,1710],"product_tag":[],"class_list":{"0":"post-171236","1":"product","2":"type-product","3":"status-publish","4":"has-post-thumbnail","6":"product_brand-dolce-gabbana","7":"product_cat-maenner-kleidung","8":"product_cat-kleidung","9":"product_cat-t-shirts","11":"first","12":"instock","13":"sale","14":"taxable","15":"shipping-taxable","16":"purchasable","17":"product-type-variable"},"_links":{"self":[{"href":"https:\/\/tpmadalina42.supserv.cozmoslabs.com\/fi\/wp-json\/wp\/v2\/product\/171236","targetHints":{"allow":["GET"]}}],"collection":[{"href":"https:\/\/tpmadalina42.supserv.cozmoslabs.com\/fi\/wp-json\/wp\/v2\/product"}],"about":[{"href":"https:\/\/tpmadalina42.supserv.cozmoslabs.com\/fi\/wp-json\/wp\/v2\/types\/product"}],"wp:featuredmedia":[{"embeddable":true,"href":"https:\/\/tpmadalina42.supserv.cozmoslabs.com\/fi\/wp-json\/wp\/v2\/media\/171231"}],"wp:attachment":[{"href":"https:\/\/tpmadalina42.supserv.cozmoslabs.com\/fi\/wp-json\/wp\/v2\/media?parent=171236"}],"wp:term":[{"taxonomy":"product_brand","embeddable":true,"href":"https:\/\/tpmadalina42.supserv.cozmoslabs.com\/fi\/wp-json\/wp\/v2\/product_brand?post=171236"},{"taxonomy":"product_cat","embeddable":true,"href":"https:\/\/tpmadalina42.supserv.cozmoslabs.com\/fi\/wp-json\/wp\/v2\/product_cat?post=171236"},{"taxonomy":"product_tag","embeddable":true,"href":"https:\/\/tpmadalina42.supserv.cozmoslabs.com\/fi\/wp-json\/wp\/v2\/product_tag?post=171236"}],"curies":[{"name":"wp","href":"https:\/\/api.w.org\/{rel}","templated":true}]}}