{"id":173674,"date":"2024-07-26T09:55:59","date_gmt":"2024-07-26T16:55:59","guid":{"rendered":"https:\/\/glandine.com\/product\/dolce-gabbana-schickes-rosa-baumwoll-top-mit-segelboot-druck\/"},"modified":"2024-11-30T03:16:13","modified_gmt":"2024-11-30T02:16:13","slug":"dolce-gabbana-schickes-rosa-baumwoll-top-mit-segelboot-druck","status":"publish","type":"product","link":"https:\/\/tpmadalina42.supserv.cozmoslabs.com\/fi\/tuote-2\/dolce-gabbana-schickes-rosa-baumwoll-top-mit-segelboot-druck\/","title":{"rendered":"Dolce &amp; Gabbana Schickes rosa Baumwoll-Top mit Segelboot-Druck"},"content":{"rendered":"<p>Verk\u00f6rpern Sie k\u00fcstennahe Eleganz mit diesem wundersch\u00f6nen, brandneuen, 100% authentischen kurz\u00e4rmeligen Blusentop von Dolce &amp; Gabbana. Das aus 100% Baumwolle gefertigte Modell besticht durch seinen blauen Segelboot-Print vor einem zartrosa Hintergrund. Ein ordentlicher Knopfverschluss auf der R\u00fcckseite sorgt f\u00fcr einen Hauch von Raffinesse, zusammen mit dezenten Logodetails. Diese in Italien gefertigte Bluse ist perfekt f\u00fcr einen luftigen Sommertag und ein Must-Have f\u00fcr die modebewusste Frau.<\/p>\n<ul>\n<li>Materiaali: 100% puuvilla<\/li>\n<li>V\u00e4ri: Pinkki<\/li>\n<li>Alkuper\u00e4maa: IT<\/li>\n<\/ul>","protected":false},"excerpt":{"rendered":"<p>Verk\u00f6rpern Sie k\u00fcstennahe Eleganz mit diesem wundersch\u00f6nen, brandneuen, 100% authentischen kurz\u00e4rmeligen Blusentop von Dolce &amp; Gabbana. Das aus 100% Baumwolle gefertigte Modell besticht durch seinen blauen Segelboot-Print vor einem zartrosa Hintergrund. Ein ordentlicher Knopfverschluss auf der R\u00fcckseite sorgt f\u00fcr einen Hauch von Raffinesse, zusammen mit dezenten Logodetails. Diese in Italien gefertigte Bluse ist perfekt f\u00fcr [&hellip;]<\/p>","protected":false},"featured_media":173667,"template":"","meta":[],"product_brand":[1620],"product_cat":[1637,1623,1714],"product_tag":[],"class_list":{"0":"post-173674","1":"product","2":"type-product","3":"status-publish","4":"has-post-thumbnail","6":"product_brand-dolce-gabbana","7":"product_cat-frauen-kleidung","8":"product_cat-kleidung","9":"product_cat-oberteile-t-shirts","11":"first","12":"instock","13":"sale","14":"taxable","15":"shipping-taxable","16":"purchasable","17":"product-type-variable"},"_links":{"self":[{"href":"https:\/\/tpmadalina42.supserv.cozmoslabs.com\/fi\/wp-json\/wp\/v2\/product\/173674","targetHints":{"allow":["GET"]}}],"collection":[{"href":"https:\/\/tpmadalina42.supserv.cozmoslabs.com\/fi\/wp-json\/wp\/v2\/product"}],"about":[{"href":"https:\/\/tpmadalina42.supserv.cozmoslabs.com\/fi\/wp-json\/wp\/v2\/types\/product"}],"wp:featuredmedia":[{"embeddable":true,"href":"https:\/\/tpmadalina42.supserv.cozmoslabs.com\/fi\/wp-json\/wp\/v2\/media\/173667"}],"wp:attachment":[{"href":"https:\/\/tpmadalina42.supserv.cozmoslabs.com\/fi\/wp-json\/wp\/v2\/media?parent=173674"}],"wp:term":[{"taxonomy":"product_brand","embeddable":true,"href":"https:\/\/tpmadalina42.supserv.cozmoslabs.com\/fi\/wp-json\/wp\/v2\/product_brand?post=173674"},{"taxonomy":"product_cat","embeddable":true,"href":"https:\/\/tpmadalina42.supserv.cozmoslabs.com\/fi\/wp-json\/wp\/v2\/product_cat?post=173674"},{"taxonomy":"product_tag","embeddable":true,"href":"https:\/\/tpmadalina42.supserv.cozmoslabs.com\/fi\/wp-json\/wp\/v2\/product_tag?post=173674"}],"curies":[{"name":"wp","href":"https:\/\/api.w.org\/{rel}","templated":true}]}}