{"id":174690,"date":"2024-07-27T17:34:14","date_gmt":"2024-07-28T00:34:14","guid":{"rendered":"https:\/\/glandine.com\/product\/dolce-gabbana-elegantes-etuikleid-mit-dschungelmotiv\/"},"modified":"2024-11-30T11:49:43","modified_gmt":"2024-11-30T10:49:43","slug":"dolce-gabbana-elegantes-etuikleid-mit-dschungelmotiv","status":"publish","type":"product","link":"https:\/\/tpmadalina42.supserv.cozmoslabs.com\/fi\/tuote-2\/dolce-gabbana-elegantes-etuikleid-mit-dschungelmotiv\/","title":{"rendered":"Dolce &amp; Gabbana Tyylik\u00e4s tuppimekko viidakkoaiheisella kuviolla"},"content":{"rendered":"<p>G\u00f6nnen Sie sich den Inbegriff von High-End-Mode mit diesem exquisiten <strong>Dolce &amp; Gabbana<\/strong> Etuikleid. Dieses Kleid ist ein echter Hingucker und besticht durch einen schwarzen Hintergrund mit einem lebhaften Dschungel- und Tigermotiv. Das mit viel Liebe zum Detail gefertigte Kleid wird mit einem eleganten Rei\u00dfverschluss am R\u00fccken geschlossen und ist mit luxuri\u00f6sem Seidenstretch f\u00fcr h\u00f6chsten Komfort gef\u00fcttert. Dieses Kleid verk\u00f6rpert italienische Handwerkskunst und ist ein Zeugnis f\u00fcr einen gehobenen Stil.<\/p>\n<ul>\n<li>V\u00e4ri: Musta<\/li>\n<li>Material: 51% Viskose, 46% Acetat, 3% Elasthan<\/li>\n<li>Futter: 96% Seide, 4% Elastan<\/li>\n<li>Alkuper\u00e4maa: SE<\/li>\n<\/ul>","protected":false},"excerpt":{"rendered":"<p>G\u00f6nnen Sie sich den Inbegriff von High-End-Mode mit diesem exquisiten Dolce &amp; Gabbana Etuikleid. Dieses Kleid ist ein echter Hingucker und besticht durch einen schwarzen Hintergrund mit einem lebhaften Dschungel- und Tigermotiv. Das mit viel Liebe zum Detail gefertigte Kleid wird mit einem eleganten Rei\u00dfverschluss am R\u00fccken geschlossen und ist mit luxuri\u00f6sem Seidenstretch f\u00fcr h\u00f6chsten [&hellip;]<\/p>","protected":false},"featured_media":174685,"template":"","meta":[],"product_brand":[1620],"product_cat":[1637,1659,1623],"product_tag":[],"class_list":{"0":"post-174690","1":"product","2":"type-product","3":"status-publish","4":"has-post-thumbnail","6":"product_brand-dolce-gabbana","7":"product_cat-frauen-kleidung","8":"product_cat-kleider","9":"product_cat-kleidung","11":"first","12":"instock","13":"sale","14":"taxable","15":"shipping-taxable","16":"purchasable","17":"product-type-variable"},"_links":{"self":[{"href":"https:\/\/tpmadalina42.supserv.cozmoslabs.com\/fi\/wp-json\/wp\/v2\/product\/174690","targetHints":{"allow":["GET"]}}],"collection":[{"href":"https:\/\/tpmadalina42.supserv.cozmoslabs.com\/fi\/wp-json\/wp\/v2\/product"}],"about":[{"href":"https:\/\/tpmadalina42.supserv.cozmoslabs.com\/fi\/wp-json\/wp\/v2\/types\/product"}],"wp:featuredmedia":[{"embeddable":true,"href":"https:\/\/tpmadalina42.supserv.cozmoslabs.com\/fi\/wp-json\/wp\/v2\/media\/174685"}],"wp:attachment":[{"href":"https:\/\/tpmadalina42.supserv.cozmoslabs.com\/fi\/wp-json\/wp\/v2\/media?parent=174690"}],"wp:term":[{"taxonomy":"product_brand","embeddable":true,"href":"https:\/\/tpmadalina42.supserv.cozmoslabs.com\/fi\/wp-json\/wp\/v2\/product_brand?post=174690"},{"taxonomy":"product_cat","embeddable":true,"href":"https:\/\/tpmadalina42.supserv.cozmoslabs.com\/fi\/wp-json\/wp\/v2\/product_cat?post=174690"},{"taxonomy":"product_tag","embeddable":true,"href":"https:\/\/tpmadalina42.supserv.cozmoslabs.com\/fi\/wp-json\/wp\/v2\/product_tag?post=174690"}],"curies":[{"name":"wp","href":"https:\/\/api.w.org\/{rel}","templated":true}]}}