{"id":175061,"date":"2024-07-27T17:50:08","date_gmt":"2024-07-28T00:50:08","guid":{"rendered":"https:\/\/glandine.com\/product\/dolce-gabbana-schickes-gebluemtes-bikini-oberteil-eleganz\/"},"modified":"2024-11-30T12:13:06","modified_gmt":"2024-11-30T11:13:06","slug":"dolce-gabbana-schickes-gebluemtes-bikini-oberteil-eleganz","status":"publish","type":"product","link":"https:\/\/tpmadalina42.supserv.cozmoslabs.com\/fi\/tuote-2\/dolce-gabbana-schickes-gebluemtes-bikini-oberteil-eleganz\/","title":{"rendered":"Dolce &amp; Gabbana Schickes gebl\u00fcmtes Bikini-Oberteil Eleganz"},"content":{"rendered":"<p>G\u00f6nnen Sie sich die Essenz des Sommers mit diesem umwerfenden, brandneuen Blumen-Bikinioberteil von Dolce &amp; Gabbana. Das Modell in zartem Rosa mit lebhaftem Blumendruck ist aus einer hochwertigen Mischung aus Nylon und Elasthan gefertigt, die f\u00fcr eine bequeme und schmeichelhafte Passform sorgt. Dieses Bikinioberteil ist nicht nur wundersch\u00f6n, sondern strahlt auch die luxuri\u00f6se italienische Handwerkskunst aus, f\u00fcr die Dolce &amp; Gabbana bekannt ist. Es ist perfekt f\u00fcr sonnenverw\u00f6hnte Tage am Wasser.<\/p>\n<ul>\n<li>V\u00e4ri: Pinkki<\/li>\n<li>Material: 75% Nylon 25% Elastan Elasthan<\/li>\n<li>Alkuper\u00e4maa: SE<\/li>\n<li>Logon yksityiskohdat<\/li>\n<li>Valmistettu Italiassa<\/li>\n<\/ul>","protected":false},"excerpt":{"rendered":"<p>G\u00f6nnen Sie sich die Essenz des Sommers mit diesem umwerfenden, brandneuen Blumen-Bikinioberteil von Dolce &amp; Gabbana. Das Modell in zartem Rosa mit lebhaftem Blumendruck ist aus einer hochwertigen Mischung aus Nylon und Elasthan gefertigt, die f\u00fcr eine bequeme und schmeichelhafte Passform sorgt. Dieses Bikinioberteil ist nicht nur wundersch\u00f6n, sondern strahlt auch die luxuri\u00f6se italienische Handwerkskunst [&hellip;]<\/p>","protected":false},"featured_media":175058,"template":"","meta":[],"product_brand":[1620],"product_cat":[1708,1637,1623],"product_tag":[],"class_list":{"0":"post-175061","1":"product","2":"type-product","3":"status-publish","4":"has-post-thumbnail","6":"product_brand-dolce-gabbana","7":"product_cat-bademode","8":"product_cat-frauen-kleidung","9":"product_cat-kleidung","11":"first","12":"instock","13":"sale","14":"taxable","15":"shipping-taxable","16":"purchasable","17":"product-type-variable"},"_links":{"self":[{"href":"https:\/\/tpmadalina42.supserv.cozmoslabs.com\/fi\/wp-json\/wp\/v2\/product\/175061","targetHints":{"allow":["GET"]}}],"collection":[{"href":"https:\/\/tpmadalina42.supserv.cozmoslabs.com\/fi\/wp-json\/wp\/v2\/product"}],"about":[{"href":"https:\/\/tpmadalina42.supserv.cozmoslabs.com\/fi\/wp-json\/wp\/v2\/types\/product"}],"wp:featuredmedia":[{"embeddable":true,"href":"https:\/\/tpmadalina42.supserv.cozmoslabs.com\/fi\/wp-json\/wp\/v2\/media\/175058"}],"wp:attachment":[{"href":"https:\/\/tpmadalina42.supserv.cozmoslabs.com\/fi\/wp-json\/wp\/v2\/media?parent=175061"}],"wp:term":[{"taxonomy":"product_brand","embeddable":true,"href":"https:\/\/tpmadalina42.supserv.cozmoslabs.com\/fi\/wp-json\/wp\/v2\/product_brand?post=175061"},{"taxonomy":"product_cat","embeddable":true,"href":"https:\/\/tpmadalina42.supserv.cozmoslabs.com\/fi\/wp-json\/wp\/v2\/product_cat?post=175061"},{"taxonomy":"product_tag","embeddable":true,"href":"https:\/\/tpmadalina42.supserv.cozmoslabs.com\/fi\/wp-json\/wp\/v2\/product_tag?post=175061"}],"curies":[{"name":"wp","href":"https:\/\/api.w.org\/{rel}","templated":true}]}}