{"id":175356,"date":"2024-07-27T18:02:36","date_gmt":"2024-07-28T01:02:36","guid":{"rendered":"https:\/\/glandine.com\/product\/dolce-gabbana-multicolor-baumwoll-stretch-denim-hemd\/"},"modified":"2024-11-30T12:34:30","modified_gmt":"2024-11-30T11:34:30","slug":"dolce-gabbana-multicolor-baumwoll-stretch-denim-hemd","status":"publish","type":"product","link":"https:\/\/tpmadalina42.supserv.cozmoslabs.com\/fi\/tuote-2\/dolce-gabbana-multicolor-baumwoll-stretch-denim-hemd\/","title":{"rendered":"Dolce &amp; Gabbana Multicolor Baumwoll-Stretch-Denim-Hemd"},"content":{"rendered":"<p>G\u00f6nnen Sie sich die \u00fcberlegene Qualit\u00e4t und das Flair dieses atemberaubenden, 100% authentischen Jeanshemds, neu mit Etikett, mit einem lebhaften Farbspritzer-Design, das sicher alle Blicke auf sich zieht. Scharfe Schnittf\u00fchrung trifft auf High-End-Stil, perfekt f\u00fcr alle, die feine Handwerkskunst zu sch\u00e4tzen wissen.<\/p>\n<ul>\n<li>Merkki: Dolce &amp; Gabbana<\/li>\n<li>V\u00e4ri: Moniv\u00e4rinen<\/li>\n<li>Napin sulkeminen<\/li>\n<li>Zwei Au\u00dfentaschen<\/li>\n<li>Logon yksityiskohdat<\/li>\n<li>Valmistettu Italiassa<\/li>\n<li>Materiaali: 97% puuvilla 3% elastaani<\/li>\n<\/ul>","protected":false},"excerpt":{"rendered":"<p>G\u00f6nnen Sie sich die \u00fcberlegene Qualit\u00e4t und das Flair dieses atemberaubenden, 100% authentischen Jeanshemds, neu mit Etikett, mit einem lebhaften Farbspritzer-Design, das sicher alle Blicke auf sich zieht. Scharfe Schnittf\u00fchrung trifft auf High-End-Stil, perfekt f\u00fcr alle, die feine Handwerkskunst zu sch\u00e4tzen wissen. Marke: Dolce &amp; Gabbana Farbe: Multicolor Knopfverschluss Zwei Au\u00dfentaschen Logo-Details In Italien hergestellt [&hellip;]<\/p>","protected":false},"featured_media":175350,"template":"","meta":[],"product_brand":[1620],"product_cat":[1695,1633,1623],"product_tag":[],"class_list":{"0":"post-175356","1":"product","2":"type-product","3":"status-publish","4":"has-post-thumbnail","6":"product_brand-dolce-gabbana","7":"product_cat-hemden","8":"product_cat-maenner-kleidung","9":"product_cat-kleidung","11":"first","12":"instock","13":"sale","14":"taxable","15":"shipping-taxable","16":"purchasable","17":"product-type-variable"},"_links":{"self":[{"href":"https:\/\/tpmadalina42.supserv.cozmoslabs.com\/fi\/wp-json\/wp\/v2\/product\/175356","targetHints":{"allow":["GET"]}}],"collection":[{"href":"https:\/\/tpmadalina42.supserv.cozmoslabs.com\/fi\/wp-json\/wp\/v2\/product"}],"about":[{"href":"https:\/\/tpmadalina42.supserv.cozmoslabs.com\/fi\/wp-json\/wp\/v2\/types\/product"}],"wp:featuredmedia":[{"embeddable":true,"href":"https:\/\/tpmadalina42.supserv.cozmoslabs.com\/fi\/wp-json\/wp\/v2\/media\/175350"}],"wp:attachment":[{"href":"https:\/\/tpmadalina42.supserv.cozmoslabs.com\/fi\/wp-json\/wp\/v2\/media?parent=175356"}],"wp:term":[{"taxonomy":"product_brand","embeddable":true,"href":"https:\/\/tpmadalina42.supserv.cozmoslabs.com\/fi\/wp-json\/wp\/v2\/product_brand?post=175356"},{"taxonomy":"product_cat","embeddable":true,"href":"https:\/\/tpmadalina42.supserv.cozmoslabs.com\/fi\/wp-json\/wp\/v2\/product_cat?post=175356"},{"taxonomy":"product_tag","embeddable":true,"href":"https:\/\/tpmadalina42.supserv.cozmoslabs.com\/fi\/wp-json\/wp\/v2\/product_tag?post=175356"}],"curies":[{"name":"wp","href":"https:\/\/api.w.org\/{rel}","templated":true}]}}