{"id":175389,"date":"2024-07-27T18:03:50","date_gmt":"2024-07-28T01:03:50","guid":{"rendered":"https:\/\/glandine.com\/product\/mm6-maison-margiela-elegante-graue-bomberjacke-mit-durchgehendem-reissverschluss\/"},"modified":"2024-11-30T12:36:32","modified_gmt":"2024-11-30T11:36:32","slug":"mm6-maison-margiela-elegante-graue-bomberjacke-mit-durchgehendem-reissverschluss","status":"publish","type":"product","link":"https:\/\/tpmadalina42.supserv.cozmoslabs.com\/fi\/tuote-2\/mm6-maison-margiela-elegante-graue-bomberjacke-mit-durchgehendem-reissverschluss\/","title":{"rendered":"MM6 Maison Margiela Tyylik\u00e4s harmaa bomber-takki t\u00e4ydell\u00e4 vetoketjulla"},"content":{"rendered":"<p>Entdecken Sie den Inbegriff urbaner Eleganz mit dieser Bomberjacke von MM6 Maison Margiela. Absolut atemberaubend, es ist ein authentisches St\u00fcck, brandneu mit Tags, perfekt f\u00fcr diejenigen, die Luxus und Stil zu sch\u00e4tzen wissen. Die schlichte graue Farbe und der durchgehende Rei\u00dfverschluss machen sie zu einer vielseitigen Erg\u00e4nzung f\u00fcr jede Garderobe und sorgen daf\u00fcr, dass Sie mit dem subtilen und doch unverwechselbaren Maison Margiela-Design auffallen.<\/p>\n<ul>\n<li>Materiaali: 100% nylon<\/li>\n<li>Innenfutter: 100% Baumwolle<\/li>\n<li>Alkuper\u00e4maa: SE<\/li>\n<li>V\u00e4ri: Harmaa<\/li>\n<\/ul>","protected":false},"excerpt":{"rendered":"<p>Entdecken Sie den Inbegriff urbaner Eleganz mit dieser Bomberjacke von MM6 Maison Margiela. Absolut atemberaubend, es ist ein authentisches St\u00fcck, brandneu mit Tags, perfekt f\u00fcr diejenigen, die Luxus und Stil zu sch\u00e4tzen wissen. Die schlichte graue Farbe und der durchgehende Rei\u00dfverschluss machen sie zu einer vielseitigen Erg\u00e4nzung f\u00fcr jede Garderobe und sorgen daf\u00fcr, dass Sie [&hellip;]<\/p>","protected":false},"featured_media":175385,"template":"","meta":[],"product_brand":[2522],"product_cat":[1633,1669,1623],"product_tag":[],"class_list":{"0":"post-175389","1":"product","2":"type-product","3":"status-publish","4":"has-post-thumbnail","6":"product_brand-mm6-maison-margiela","7":"product_cat-maenner-kleidung","8":"product_cat-jacken","9":"product_cat-kleidung","11":"first","12":"instock","13":"sale","14":"taxable","15":"shipping-taxable","16":"purchasable","17":"product-type-variable"},"_links":{"self":[{"href":"https:\/\/tpmadalina42.supserv.cozmoslabs.com\/fi\/wp-json\/wp\/v2\/product\/175389","targetHints":{"allow":["GET"]}}],"collection":[{"href":"https:\/\/tpmadalina42.supserv.cozmoslabs.com\/fi\/wp-json\/wp\/v2\/product"}],"about":[{"href":"https:\/\/tpmadalina42.supserv.cozmoslabs.com\/fi\/wp-json\/wp\/v2\/types\/product"}],"wp:featuredmedia":[{"embeddable":true,"href":"https:\/\/tpmadalina42.supserv.cozmoslabs.com\/fi\/wp-json\/wp\/v2\/media\/175385"}],"wp:attachment":[{"href":"https:\/\/tpmadalina42.supserv.cozmoslabs.com\/fi\/wp-json\/wp\/v2\/media?parent=175389"}],"wp:term":[{"taxonomy":"product_brand","embeddable":true,"href":"https:\/\/tpmadalina42.supserv.cozmoslabs.com\/fi\/wp-json\/wp\/v2\/product_brand?post=175389"},{"taxonomy":"product_cat","embeddable":true,"href":"https:\/\/tpmadalina42.supserv.cozmoslabs.com\/fi\/wp-json\/wp\/v2\/product_cat?post=175389"},{"taxonomy":"product_tag","embeddable":true,"href":"https:\/\/tpmadalina42.supserv.cozmoslabs.com\/fi\/wp-json\/wp\/v2\/product_tag?post=175389"}],"curies":[{"name":"wp","href":"https:\/\/api.w.org\/{rel}","templated":true}]}}